{"id":644352,"date":"2025-04-03T21:55:51","date_gmt":"2025-04-03T20:55:51","guid":{"rendered":"https:\/\/shop.kustom.ch\/?post_type=product&#038;p=644352"},"modified":"2026-03-31T11:22:46","modified_gmt":"2026-03-31T10:22:46","slug":"vision-parka-women","status":"publish","type":"product","link":"https:\/\/shop.kustom.ch\/it\/prodotto\/vision-parka-women\/","title":{"rendered":"Vision Parka Donna"},"content":{"rendered":"<p>Il parka Vision \u00e8 una giacca invernale da uomo antivento e impermeabile dal design minimalista e senza tempo che resiste alla prova del tempo. La giacca \u00e8 isolata con AirPush Insulate\u2122, che garantisce lo scambio di vapore anche quando \u00e8 bagnata. \u00c8 dotata di cuciture nastrate e della tecnologia MPC Extreme di Tenson (WP 10.000 mm \/ MP 10.000 g\/m\u00b2\/24h), che unisce un'impermeabilit\u00e0 estremamente efficace a una traspirabilit\u00e0 eccezionale. Per una maggiore ventilazione, \u00e8 possibile aprire la zip a due vie dal basso per rinfrescarsi. Sia i polsini che il cappuccio sono regolabili. Sono presenti due discrete tasche sul petto con cerniera, due tasche normali per riporre gli oggetti e una tasca interna con cerniera. La giacca Vision MPC Extreme vi servir\u00e0 nelle fredde giornate invernali e sotto la pioggia. \u00c8 dotata di una fodera in poliestere E-dye e di un rivestimento idrorepellente senza PFC.<\/p>\n<p>- MPC Extreme<br \/>\n- Elastico a 2 strati<br \/>\n- Colonna d'acqua 10 000 mm<br \/>\n- Traspirabilit\u00e0 10 000 g\/m\u00b2\/24 h<br \/>\n- Rivestimento idrorepellente senza PFC<\/p>\n<p>Materiale: 59% poliestere riciclato, 41% poliestere. Fodera: poliestere 100%. Imbottitura: poliestere riciclato 100%.<\/p>","protected":false},"excerpt":{"rendered":"<p>Der Vision-Parka ist eine wind- und wasserdichte Winterjacke f\u00fcr Herren mit einem zeitlosen, minimalistischen Design, das den Test der Zeit bestehen wird. Die Jacke ist mit AirPush Insulate\u2122 isoliert, das selbst bei N\u00e4sse f\u00fcr Dampfaustausch sorgt. Ausgestattet mit versiegelten N\u00e4hten und Tenson&#8217;s eigener MPC Extreme-Technologie (WP 10.000 mm \/ MP 10.000 g\/m\u00b2\/24h), die extrem effektive [&hellip;]<\/p>\n","protected":false},"featured_media":644402,"template":"","meta":[],"product_brand":[],"product_cat":[4186],"product_tag":[],"class_list":{"0":"post-644352","1":"product","2":"type-product","3":"status-publish","4":"has-post-thumbnail","6":"product_cat-jacken","7":"pa_brand-tenson","8":"pa_brand-type-sportswear","9":"pa_filter-color-blau","10":"pa_filter-color-schwarz","12":"first","13":"instock","14":"sale","15":"taxable","16":"shipping-taxable","17":"purchasable","18":"product-type-variable","19":"add-to-wishlist-before_image"},"exclude_global_add_ons":[],"addons":[],"acf":[],"_links":{"self":[{"href":"https:\/\/shop.kustom.ch\/it\/wp-json\/wp\/v2\/product\/644352"}],"collection":[{"href":"https:\/\/shop.kustom.ch\/it\/wp-json\/wp\/v2\/product"}],"about":[{"href":"https:\/\/shop.kustom.ch\/it\/wp-json\/wp\/v2\/types\/product"}],"wp:featuredmedia":[{"embeddable":true,"href":"https:\/\/shop.kustom.ch\/it\/wp-json\/wp\/v2\/media\/644402"}],"wp:attachment":[{"href":"https:\/\/shop.kustom.ch\/it\/wp-json\/wp\/v2\/media?parent=644352"}],"wp:term":[{"taxonomy":"product_brand","embeddable":true,"href":"https:\/\/shop.kustom.ch\/it\/wp-json\/wp\/v2\/product_brand?post=644352"},{"taxonomy":"product_cat","embeddable":true,"href":"https:\/\/shop.kustom.ch\/it\/wp-json\/wp\/v2\/product_cat?post=644352"},{"taxonomy":"product_tag","embeddable":true,"href":"https:\/\/shop.kustom.ch\/it\/wp-json\/wp\/v2\/product_tag?post=644352"}],"curies":[{"name":"wp","href":"https:\/\/api.w.org\/{rel}","templated":true}]}}