{"id":644161,"date":"2025-04-03T21:54:21","date_gmt":"2025-04-03T20:54:21","guid":{"rendered":"https:\/\/shop.kustom.ch\/?post_type=product&#038;p=644161"},"modified":"2026-03-31T11:27:26","modified_gmt":"2026-03-31T10:27:26","slug":"txlite-softshell-jacket-men","status":"publish","type":"product","link":"https:\/\/shop.kustom.ch\/it\/prodotto\/txlite-softshell-jacket-men\/","title":{"rendered":"Giacca TXlite Softshell Uomo"},"content":{"rendered":"<p>Una giacca softshell antivento e idrorepellente realizzata in morbido e confortevole stretch a quattro vie con una fodera in morbido pile. Progettata e sviluppata per le normali attivit\u00e0 all'aperto come l'escursionismo, la caccia, la pesca e lo sci. Un design senza tempo e senza fronzoli si combina con funzionalit\u00e0 intelligenti come la ventilazione con zip sotto le braccia, il cappuccio regolabile, l'orlo delle maniche regolabile e diverse pratiche tasche con zip. Con rivestimento idrorepellente senza PFC.<\/p>\n<p>- MPC Extreme\u2122 Shell<br \/>\n- 2,5L Stretch<br \/>\n- WP 10 000 MP 10 000<br \/>\n- Rivestimento idrorepellente senza PFC<\/p>\n<p>Materiale: 50 % poliestere riciclato, 50 % poliestere<\/p>","protected":false},"excerpt":{"rendered":"<p>Eine wind- und wasserabweisende Softshell-Jacke aus weichem und bequemem Vier-Wege-Stretch mit weicher Fleece-Innenseite. Entworfen und entwickelt f\u00fcr normale Outdoor-Aktivit\u00e4ten wie Wandern, Jagen, Fischen und Skifahren. Ein zeitloses, schn\u00f6rkelloses Design verbindet sich mit intelligenter Funktionalit\u00e4t wie der Bel\u00fcftung mit Reissverschluss unter den Armen, der verstellbaren Kapuze, dem verstellbaren \u00c4rmelsaum und mehreren praktischen Reissverschlusstaschen. Mit PFC-freier wasserabweisender [&hellip;]<\/p>\n","protected":false},"featured_media":644190,"template":"","meta":[],"product_brand":[],"product_cat":[4186],"product_tag":[],"class_list":{"0":"post-644161","1":"product","2":"type-product","3":"status-publish","4":"has-post-thumbnail","6":"product_cat-jacken","7":"pa_brand-tenson","8":"pa_brand-type-sportswear","9":"pa_filter-color-blau","10":"pa_filter-color-schwarz","12":"first","13":"instock","14":"sale","15":"taxable","16":"shipping-taxable","17":"purchasable","18":"product-type-variable","19":"add-to-wishlist-before_image"},"exclude_global_add_ons":[],"addons":[],"acf":[],"_links":{"self":[{"href":"https:\/\/shop.kustom.ch\/it\/wp-json\/wp\/v2\/product\/644161"}],"collection":[{"href":"https:\/\/shop.kustom.ch\/it\/wp-json\/wp\/v2\/product"}],"about":[{"href":"https:\/\/shop.kustom.ch\/it\/wp-json\/wp\/v2\/types\/product"}],"wp:featuredmedia":[{"embeddable":true,"href":"https:\/\/shop.kustom.ch\/it\/wp-json\/wp\/v2\/media\/644190"}],"wp:attachment":[{"href":"https:\/\/shop.kustom.ch\/it\/wp-json\/wp\/v2\/media?parent=644161"}],"wp:term":[{"taxonomy":"product_brand","embeddable":true,"href":"https:\/\/shop.kustom.ch\/it\/wp-json\/wp\/v2\/product_brand?post=644161"},{"taxonomy":"product_cat","embeddable":true,"href":"https:\/\/shop.kustom.ch\/it\/wp-json\/wp\/v2\/product_cat?post=644161"},{"taxonomy":"product_tag","embeddable":true,"href":"https:\/\/shop.kustom.ch\/it\/wp-json\/wp\/v2\/product_tag?post=644161"}],"curies":[{"name":"wp","href":"https:\/\/api.w.org\/{rel}","templated":true}]}}