{"id":644160,"date":"2025-04-03T21:54:21","date_gmt":"2025-04-03T20:54:21","guid":{"rendered":"https:\/\/shop.kustom.ch\/?post_type=product&#038;p=644160"},"modified":"2026-03-31T11:21:41","modified_gmt":"2026-03-31T10:21:41","slug":"txlite-shibui-down-vest-women","status":"publish","type":"product","link":"https:\/\/shop.kustom.ch\/it\/prodotto\/txlite-shibui-down-vest-women\/","title":{"rendered":"Gilet in piuma TXlite Shibui Donna"},"content":{"rendered":"<p>Questo leggero gilet in piuma certificato RDS (90\/10 piumino\/piuma, 650 fill power) \u00e8 antivento e idrorepellente, ideale per le attivit\u00e0 all'aperto tutto l'anno. Il gilet Shibui Down Vest pu\u00f2 essere indossato come strato esterno o sotto una giacca shell per un maggiore calore - si abbina perfettamente alla nostra giacca da sci Shibui. Realizzato in poliestere riciclato 100%, presenta canali incollati con piuma d'oca rintracciabile e certificata RDS di provenienza responsabile. \u00c8 dotato di un orlo regolabile e di due tasche con zip. Rivestimento idrorepellente senza PFC. Il suo design si ispira alla parola giapponese \"shibui\", che descrive un'estetica semplice ed elegante con materiali di alta qualit\u00e0 ed eccellente funzionalit\u00e0.<\/p>\n<p>Materiale: Materiale esterno: 100% poliammide riciclata. Imbottitura: 90% piumino, 10% piume.<\/p>","protected":false},"excerpt":{"rendered":"<p>Diese leichte, RDS-zertifizierte Daunenweste (90\/10 Daunen\/Federn, 650 Fill Power) ist wind- und wasserabweisend und somit ideal f\u00fcr Outdoor-Aktivit\u00e4ten das ganze Jahr \u00fcber. Die Shibui Down Vest kann als \u00e4ussere Schicht oder unter einer Shelljacke f\u00fcr zus\u00e4tzliche W\u00e4rme getragen werden \u2013 sie passt perfekt zu unserer Shibui-Skijacke. Hergestellt aus 100% recyceltem Polyester, verf\u00fcgt sie \u00fcber verklebte [&hellip;]<\/p>\n","protected":false},"featured_media":644169,"template":"","meta":[],"product_brand":[],"product_cat":[4208],"product_tag":[],"class_list":{"0":"post-644160","1":"product","2":"type-product","3":"status-publish","4":"has-post-thumbnail","6":"product_cat-westen","7":"pa_brand-tenson","8":"pa_brand-type-sportswear","9":"pa_filter-color-blau","10":"pa_filter-color-gruen","11":"pa_filter-color-schwarz","13":"first","14":"instock","15":"sale","16":"taxable","17":"shipping-taxable","18":"purchasable","19":"product-type-variable","20":"add-to-wishlist-before_image"},"exclude_global_add_ons":[],"addons":[],"acf":[],"_links":{"self":[{"href":"https:\/\/shop.kustom.ch\/it\/wp-json\/wp\/v2\/product\/644160"}],"collection":[{"href":"https:\/\/shop.kustom.ch\/it\/wp-json\/wp\/v2\/product"}],"about":[{"href":"https:\/\/shop.kustom.ch\/it\/wp-json\/wp\/v2\/types\/product"}],"wp:featuredmedia":[{"embeddable":true,"href":"https:\/\/shop.kustom.ch\/it\/wp-json\/wp\/v2\/media\/644169"}],"wp:attachment":[{"href":"https:\/\/shop.kustom.ch\/it\/wp-json\/wp\/v2\/media?parent=644160"}],"wp:term":[{"taxonomy":"product_brand","embeddable":true,"href":"https:\/\/shop.kustom.ch\/it\/wp-json\/wp\/v2\/product_brand?post=644160"},{"taxonomy":"product_cat","embeddable":true,"href":"https:\/\/shop.kustom.ch\/it\/wp-json\/wp\/v2\/product_cat?post=644160"},{"taxonomy":"product_tag","embeddable":true,"href":"https:\/\/shop.kustom.ch\/it\/wp-json\/wp\/v2\/product_tag?post=644160"}],"curies":[{"name":"wp","href":"https:\/\/api.w.org\/{rel}","templated":true}]}}