{"id":644098,"date":"2025-04-03T21:53:50","date_gmt":"2025-04-03T20:53:50","guid":{"rendered":"https:\/\/shop.kustom.ch\/?post_type=product&#038;p=644098"},"modified":"2026-03-31T11:26:53","modified_gmt":"2026-03-31T10:26:53","slug":"txlite-shibui-down-jacket-women","status":"publish","type":"product","link":"https:\/\/shop.kustom.ch\/it\/prodotto\/txlite-shibui-down-jacket-women\/","title":{"rendered":"Piumino TXlite Shibui Donna"},"content":{"rendered":"<p>Il piumino RDS (90\/10 piumino\/piuma, 650 fill power), chiaro, semplice e leggero, \u00e8 ideale per tutte le attivit\u00e0 all'aperto in ogni periodo dell'anno. Il piumino Shibui pu\u00f2 essere indossato come strato esterno o sotto una giacca shell per tenervi ancora pi\u00f9 al caldo. Si abbina perfettamente alla nostra popolare giacca shell da sci Shibui, lanciata nella stagione HW23! La piuma certificata RDS proviene da fonti sostenibili ed \u00e8 completamente tracciabile. Con rivestimento idrorepellente senza PFC.<\/p>\n<p>- Luce<br \/>\n- Antivento<br \/>\n- Senza PFC e idrorepellente<\/p>\n<p>Materiale: 100 poliammide riciclata %. Imbottitura: piumino certificato RDS, 90 piumino %, 10 piume %, 650 fill power<\/p>","protected":false},"excerpt":{"rendered":"<p>Die klare, schlichte und leichte, wind- und wasserabweisende RDS-Daunenjacke (90\/10 Daunen\/Federn, 650 Bauschkraft) eignet sich hervorragend f\u00fcr alle Outdoor-Aktivit\u00e4ten das ganze Jahr \u00fcber. Die Daunenjacke Shibui kann als \u00e4ussere Schicht oder unter einer ShellJacke getragen werden, damit Sie es noch w\u00e4rmer haben. Sie passt perfekt zu unserer beliebten Ski-Shelljacke Shibui, die in der Saison HW23 [&hellip;]<\/p>\n","protected":false},"featured_media":644123,"template":"","meta":[],"product_brand":[],"product_cat":[4186],"product_tag":[],"class_list":{"0":"post-644098","1":"product","2":"type-product","3":"status-publish","4":"has-post-thumbnail","6":"product_cat-jacken","7":"pa_brand-tenson","8":"pa_brand-type-sportswear","9":"pa_filter-color-blau","10":"pa_filter-color-gruen","11":"pa_filter-color-schwarz","13":"first","14":"instock","15":"sale","16":"taxable","17":"shipping-taxable","18":"purchasable","19":"product-type-variable","20":"add-to-wishlist-before_image"},"exclude_global_add_ons":[],"addons":[],"acf":[],"_links":{"self":[{"href":"https:\/\/shop.kustom.ch\/it\/wp-json\/wp\/v2\/product\/644098"}],"collection":[{"href":"https:\/\/shop.kustom.ch\/it\/wp-json\/wp\/v2\/product"}],"about":[{"href":"https:\/\/shop.kustom.ch\/it\/wp-json\/wp\/v2\/types\/product"}],"wp:featuredmedia":[{"embeddable":true,"href":"https:\/\/shop.kustom.ch\/it\/wp-json\/wp\/v2\/media\/644123"}],"wp:attachment":[{"href":"https:\/\/shop.kustom.ch\/it\/wp-json\/wp\/v2\/media?parent=644098"}],"wp:term":[{"taxonomy":"product_brand","embeddable":true,"href":"https:\/\/shop.kustom.ch\/it\/wp-json\/wp\/v2\/product_brand?post=644098"},{"taxonomy":"product_cat","embeddable":true,"href":"https:\/\/shop.kustom.ch\/it\/wp-json\/wp\/v2\/product_cat?post=644098"},{"taxonomy":"product_tag","embeddable":true,"href":"https:\/\/shop.kustom.ch\/it\/wp-json\/wp\/v2\/product_tag?post=644098"}],"curies":[{"name":"wp","href":"https:\/\/api.w.org\/{rel}","templated":true}]}}