{"id":643901,"date":"2025-04-03T21:52:24","date_gmt":"2025-04-03T20:52:24","guid":{"rendered":"https:\/\/shop.kustom.ch\/?post_type=product&#038;p=643901"},"modified":"2026-03-31T11:26:38","modified_gmt":"2026-03-31T10:26:38","slug":"txlite-midlayer-hoodie-woman","status":"publish","type":"product","link":"https:\/\/shop.kustom.ch\/it\/prodotto\/txlite-midlayer-hoodie-woman\/","title":{"rendered":"Felpa con cappuccio TXlite Midlayer Donna"},"content":{"rendered":"<p>Una felpa con cappuccio estremamente confortevole che pu\u00f2 essere indossata come maglione o come giacca leggera. Il modello \u00e8 molto elasticizzato ed \u00e8 dotato di braccia allungate con gomiti preformati e fori per i pollici in modo da poterlo indossare anche come strato intermedio, il cappuccio e l'orlo sono regolabili e la cerniera ha una protezione per il mento ripiegata. Se si desidera indossarla come strato intermedio, le maniche allungate con asole per i pollici impediscono alle maniche di impigliarsi sotto la giacca. Ha anche due tasche anteriori con cerniera per non perdere i vostri effetti personali. Indossatela come comoda felpa con cappuccio o come giacca leggera in citt\u00e0 o per le attivit\u00e0 all'aperto.<\/p>\n<p>- Comfort di potenza<br \/>\n- Stretch<\/p>\n<p>Materiale: 95% poliestere, 5% elastan<\/p>","protected":false},"excerpt":{"rendered":"<p>Ein \u00e4usserst bequemer Hoodie, der sowohl als Sweater als auch als leichte Jacke getragen werden kann. Das Modell ist sehr dehnbar und hat verl\u00e4ngerte Arme mit vorgeformten Ellbogen und Daumenl\u00f6chern, sodass Sie es auch als Midlayer tragen k\u00f6nnen.Kapuze und Saum sind verstellbar, und der Reissverschluss hat einen gefalteten Kinnschutz. Wenn Sie es als Midlayer tragen [&hellip;]<\/p>\n","protected":false},"featured_media":643943,"template":"","meta":[],"product_brand":[],"product_cat":[4191],"product_tag":[],"class_list":{"0":"post-643901","1":"product","2":"type-product","3":"status-publish","4":"has-post-thumbnail","6":"product_cat-longsleeves-sweatshirts","7":"pa_brand-tenson","8":"pa_brand-type-sportswear","9":"pa_filter-color-blau","10":"pa_filter-color-grau","11":"pa_filter-color-orange","12":"pa_filter-color-schwarz","14":"first","15":"instock","16":"sale","17":"taxable","18":"shipping-taxable","19":"purchasable","20":"product-type-variable","21":"add-to-wishlist-before_image"},"exclude_global_add_ons":[],"addons":[],"acf":[],"_links":{"self":[{"href":"https:\/\/shop.kustom.ch\/it\/wp-json\/wp\/v2\/product\/643901"}],"collection":[{"href":"https:\/\/shop.kustom.ch\/it\/wp-json\/wp\/v2\/product"}],"about":[{"href":"https:\/\/shop.kustom.ch\/it\/wp-json\/wp\/v2\/types\/product"}],"wp:featuredmedia":[{"embeddable":true,"href":"https:\/\/shop.kustom.ch\/it\/wp-json\/wp\/v2\/media\/643943"}],"wp:attachment":[{"href":"https:\/\/shop.kustom.ch\/it\/wp-json\/wp\/v2\/media?parent=643901"}],"wp:term":[{"taxonomy":"product_brand","embeddable":true,"href":"https:\/\/shop.kustom.ch\/it\/wp-json\/wp\/v2\/product_brand?post=643901"},{"taxonomy":"product_cat","embeddable":true,"href":"https:\/\/shop.kustom.ch\/it\/wp-json\/wp\/v2\/product_cat?post=643901"},{"taxonomy":"product_tag","embeddable":true,"href":"https:\/\/shop.kustom.ch\/it\/wp-json\/wp\/v2\/product_tag?post=643901"}],"curies":[{"name":"wp","href":"https:\/\/api.w.org\/{rel}","templated":true}]}}