{"id":643776,"date":"2025-04-03T21:51:33","date_gmt":"2025-04-03T20:51:33","guid":{"rendered":"https:\/\/shop.kustom.ch\/?post_type=product&#038;p=643776"},"modified":"2026-03-31T11:24:07","modified_gmt":"2026-03-31T10:24:07","slug":"txlite-melange-polo-woman","status":"publish","type":"product","link":"https:\/\/shop.kustom.ch\/it\/prodotto\/txlite-melange-polo-woman\/","title":{"rendered":"Polo TXlite Melange Donna"},"content":{"rendered":"<p>La Polo TXlite Melange \u00e8 un'elegante polo ad asciugatura rapida con colletto classico e look a tre bottoni, realizzata in poliestere riciclato 100 %. Presenta un discreto logo Tenson sul petto e uno spacco laterale per una maggiore libert\u00e0 di movimento.<\/p>\n<p>- Asciugatura rapida<br \/>\n- Idrorepellente<\/p>\n<p>Materiale: poliestere riciclato 100%<\/p>","protected":false},"excerpt":{"rendered":"<p>Das TXlite Melange Polo ist ein stylisches, schnelltrocknendes Poloshirt mit klassischem Kragen und Drei-Knopf-Look aus 100 % recyceltem Polyester. Es verf\u00fcgt \u00fcber ein diskretes Tenson-Logo auf der Brust und einen Schlitz an den Seiten f\u00fcr mehr Bewegungsfreiheit. \u2022 Schnell trocknend \u2022 Feuchtigkeitsabweisend Material: 100% Recycling-Polyester<\/p>","protected":false},"featured_media":643811,"template":"","meta":[],"product_brand":[],"product_cat":[4193],"product_tag":[],"class_list":{"0":"post-643776","1":"product","2":"type-product","3":"status-publish","4":"has-post-thumbnail","6":"product_cat-polos","7":"pa_brand-tenson","8":"pa_brand-type-sportswear","9":"pa_filter-color-blau","10":"pa_filter-color-gruen","11":"pa_filter-color-schwarz","13":"first","14":"instock","15":"sale","16":"taxable","17":"shipping-taxable","18":"purchasable","19":"product-type-variable","20":"add-to-wishlist-before_image"},"exclude_global_add_ons":[],"addons":[],"acf":[],"_links":{"self":[{"href":"https:\/\/shop.kustom.ch\/it\/wp-json\/wp\/v2\/product\/643776"}],"collection":[{"href":"https:\/\/shop.kustom.ch\/it\/wp-json\/wp\/v2\/product"}],"about":[{"href":"https:\/\/shop.kustom.ch\/it\/wp-json\/wp\/v2\/types\/product"}],"wp:featuredmedia":[{"embeddable":true,"href":"https:\/\/shop.kustom.ch\/it\/wp-json\/wp\/v2\/media\/643811"}],"wp:attachment":[{"href":"https:\/\/shop.kustom.ch\/it\/wp-json\/wp\/v2\/media?parent=643776"}],"wp:term":[{"taxonomy":"product_brand","embeddable":true,"href":"https:\/\/shop.kustom.ch\/it\/wp-json\/wp\/v2\/product_brand?post=643776"},{"taxonomy":"product_cat","embeddable":true,"href":"https:\/\/shop.kustom.ch\/it\/wp-json\/wp\/v2\/product_cat?post=643776"},{"taxonomy":"product_tag","embeddable":true,"href":"https:\/\/shop.kustom.ch\/it\/wp-json\/wp\/v2\/product_tag?post=643776"}],"curies":[{"name":"wp","href":"https:\/\/api.w.org\/{rel}","templated":true}]}}