{"id":643662,"date":"2025-04-03T21:50:35","date_gmt":"2025-04-03T20:50:35","guid":{"rendered":"https:\/\/shop.kustom.ch\/?post_type=product&#038;p=643662"},"modified":"2026-03-31T11:24:55","modified_gmt":"2026-03-31T10:24:55","slug":"txlite-flex-shorts-woman","status":"publish","type":"product","link":"https:\/\/shop.kustom.ch\/it\/prodotto\/txlite-flex-shorts-woman\/","title":{"rendered":"Pantaloncini TXlite Flex Donna"},"content":{"rendered":"<p>Pantaloncini da trekking estremamente comodi ed eleganti, realizzati in resistente materiale elasticizzato in quattro direzioni, per le normali attivit\u00e0 all'aperto come la pesca, l'escursionismo, la caccia o semplicemente per una gita in citt\u00e0. Grazie al comodo materiale elasticizzato, sono molto comodi da indossare e facili da riporre. Le quattro tasche con zip offrono spazio per gli oggetti essenziali, come il cellulare e il portafoglio. Vestibilit\u00e0 stretta: scegliere una taglia in pi\u00f9 per una vestibilit\u00e0 pi\u00f9 ampia. La gamma TXlite di Tenson \u00e8 composta da indumenti leggeri e impacchettabili per le normali attivit\u00e0 all'aperto e i viaggi d'avventura. Con rivestimento idrorepellente senza PFC.<\/p>\n<p>- Elastico in quattro direzioni<br \/>\n- Resistente<br \/>\n- Asciugatura rapida<br \/>\n- Idrorepellente<\/p>\n<p>Materiale: 92% poliammide, 8% elastan<\/p>","protected":false},"excerpt":{"rendered":"<p>\u00c4usserst bequeme, stylische Wandershorts aus strapazierf\u00e4higem Vier-Wege-Stretch-Material f\u00fcr normale Outdoor-Aktivit\u00e4ten wie Angeln, Wandern, Jagen oder einfach nur f\u00fcr einen Ausflug in die Stadt. Dank ihres bequemen Stretchmaterials sind sie sehr angenehm zu tragen und leicht zu verstauen. Die vier Reissverschlusstaschen bieten Platz f\u00fcr die wichtigsten Dinge wie Ihr Handy und Ihre Brieftasche. Eng anliegende Passform: [&hellip;]<\/p>\n","protected":false},"featured_media":643706,"template":"","meta":[],"product_brand":[],"product_cat":[4198],"product_tag":[],"class_list":{"0":"post-643662","1":"product","2":"type-product","3":"status-publish","4":"has-post-thumbnail","6":"product_cat-shorts","7":"pa_brand-tenson","8":"pa_brand-type-sportswear","9":"pa_filter-color-blau","10":"pa_filter-color-gruen","11":"pa_filter-color-schwarz","13":"first","14":"instock","15":"sale","16":"taxable","17":"shipping-taxable","18":"purchasable","19":"product-type-variable","20":"add-to-wishlist-before_image"},"exclude_global_add_ons":[],"addons":[],"acf":[],"_links":{"self":[{"href":"https:\/\/shop.kustom.ch\/it\/wp-json\/wp\/v2\/product\/643662"}],"collection":[{"href":"https:\/\/shop.kustom.ch\/it\/wp-json\/wp\/v2\/product"}],"about":[{"href":"https:\/\/shop.kustom.ch\/it\/wp-json\/wp\/v2\/types\/product"}],"wp:featuredmedia":[{"embeddable":true,"href":"https:\/\/shop.kustom.ch\/it\/wp-json\/wp\/v2\/media\/643706"}],"wp:attachment":[{"href":"https:\/\/shop.kustom.ch\/it\/wp-json\/wp\/v2\/media?parent=643662"}],"wp:term":[{"taxonomy":"product_brand","embeddable":true,"href":"https:\/\/shop.kustom.ch\/it\/wp-json\/wp\/v2\/product_brand?post=643662"},{"taxonomy":"product_cat","embeddable":true,"href":"https:\/\/shop.kustom.ch\/it\/wp-json\/wp\/v2\/product_cat?post=643662"},{"taxonomy":"product_tag","embeddable":true,"href":"https:\/\/shop.kustom.ch\/it\/wp-json\/wp\/v2\/product_tag?post=643662"}],"curies":[{"name":"wp","href":"https:\/\/api.w.org\/{rel}","templated":true}]}}