{"id":643611,"date":"2025-04-03T21:50:03","date_gmt":"2025-04-03T20:50:03","guid":{"rendered":"https:\/\/shop.kustom.ch\/?post_type=product&#038;p=643611"},"modified":"2026-03-31T11:25:49","modified_gmt":"2026-03-31T10:25:49","slug":"txlite-flex-pants-man","status":"publish","type":"product","link":"https:\/\/shop.kustom.ch\/it\/prodotto\/txlite-flex-pants-man\/","title":{"rendered":"Pantaloni TXlite Flex Uomo"},"content":{"rendered":"<p>Pantaloni da trekking per tutti i giorni, estremamente comodi ed eleganti, realizzati in resistente materiale elasticizzato in quattro direzioni, con cintura e polsini alle caviglie regolabili, ginocchia preformate ed eccellente ventilazione. Con zone rinforzate, quattro tasche con cerniera e un gancio per scarponi staccabile che mantiene i pantaloni in posizione. La gamma TXlite di Tenson \u00e8 costituita da indumenti leggeri e impacchettabili per le normali attivit\u00e0 all'aperto e per i viaggi d'avventura. Con rivestimento idrorepellente senza PFC.<\/p>\n<p>- Elastico in quattro direzioni<br \/>\n- Resistente<br \/>\n- Asciugatura rapida<br \/>\n- Idrorepellente<\/p>\n<p>Materiale: 92% poliammide, 8% elastan<\/p>","protected":false},"excerpt":{"rendered":"<p>\u00c4usserst bequeme, stylische Alltags-Wanderhose aus strapazierf\u00e4higem Vier-Wege-Stretch-Material mit verstellbarem Taillenbund und Kn\u00f6chelb\u00fcndchen, vorgeformten Knien und ausgezeichneter Bel\u00fcftung. Mit verst\u00e4rkten Zonen, vier Reissverschlusstaschen und einem abnehmbaren Stiefel haken, der die Hose festh\u00e4lt. Die TXlite-Serie von Tenson besteht aus leichter, verpackbarer Bekleidung f\u00fcr normale Outdoor-Aktivit\u00e4ten auf Abenteuerreisen. Mit PFC-freier wasserabweisender Beschichtung. \u2022 Vier-Wege-Stretch \u2022 Strapazierf\u00e4hig \u2022 Schnell [&hellip;]<\/p>\n","protected":false},"featured_media":643640,"template":"","meta":[],"product_brand":[],"product_cat":[4185],"product_tag":[],"class_list":{"0":"post-643611","1":"product","2":"type-product","3":"status-publish","4":"has-post-thumbnail","6":"product_cat-hosen","7":"pa_brand-tenson","8":"pa_brand-type-sportswear","9":"pa_filter-color-blau","10":"pa_filter-color-gruen","11":"pa_filter-color-schwarz","13":"first","14":"instock","15":"sale","16":"taxable","17":"shipping-taxable","18":"purchasable","19":"product-type-variable","20":"add-to-wishlist-before_image"},"exclude_global_add_ons":[],"addons":[],"acf":[],"_links":{"self":[{"href":"https:\/\/shop.kustom.ch\/it\/wp-json\/wp\/v2\/product\/643611"}],"collection":[{"href":"https:\/\/shop.kustom.ch\/it\/wp-json\/wp\/v2\/product"}],"about":[{"href":"https:\/\/shop.kustom.ch\/it\/wp-json\/wp\/v2\/types\/product"}],"wp:featuredmedia":[{"embeddable":true,"href":"https:\/\/shop.kustom.ch\/it\/wp-json\/wp\/v2\/media\/643640"}],"wp:attachment":[{"href":"https:\/\/shop.kustom.ch\/it\/wp-json\/wp\/v2\/media?parent=643611"}],"wp:term":[{"taxonomy":"product_brand","embeddable":true,"href":"https:\/\/shop.kustom.ch\/it\/wp-json\/wp\/v2\/product_brand?post=643611"},{"taxonomy":"product_cat","embeddable":true,"href":"https:\/\/shop.kustom.ch\/it\/wp-json\/wp\/v2\/product_cat?post=643611"},{"taxonomy":"product_tag","embeddable":true,"href":"https:\/\/shop.kustom.ch\/it\/wp-json\/wp\/v2\/product_tag?post=643611"}],"curies":[{"name":"wp","href":"https:\/\/api.w.org\/{rel}","templated":true}]}}