{"id":643566,"date":"2025-04-03T21:49:32","date_gmt":"2025-04-03T20:49:32","guid":{"rendered":"https:\/\/shop.kustom.ch\/?post_type=product&#038;p=643566"},"modified":"2026-04-01T12:02:28","modified_gmt":"2026-04-01T11:02:28","slug":"prime-down-jacket-men","status":"publish","type":"product","link":"https:\/\/shop.kustom.ch\/it\/prodotto\/prime-down-jacket-men\/","title":{"rendered":"Piumino Prime Uomo"},"content":{"rendered":"<p>La nostra giacca da sci Prime Down \u00e8 realizzata in leggero materiale di piumino certificato RDS (90\/10 piumino\/piuma, 650 fill power) per garantire calore e comfort. \u00c8 dotata di un accogliente cappuccio verticale fisso per proteggersi dal freddo. Il cappuccio, che ha un bordo laminato, \u00e8 anche dotato di coulisse orizzontali regolabili per poterlo stringere in caso di freddo gelido o vento. I polsini elasticizzati e regolabili con chiusura a velcro e l'orlo regolabile mantengono il calore all'interno e, insieme alle maniche articolate, assicurano una vestibilit\u00e0 ottimale. La giacca \u00e8 dotata di polsini interni in Lycra\u00ae all'estremit\u00e0 delle maniche e di un gonnellino da neve staccabile con cerniera per tenere fuori la neve.<\/p>\n<p>- Estensibile<br \/>\n- Antivento<br \/>\n- Rivestimento idrorepellente, privo di PFC<\/p>\n<p>Materiale: Materiale: poliestere 100%. Fodera: poliestere 100%. Imbottitura: piumino certificato RDS, piumino 90%, piume 10%.<\/p>","protected":false},"excerpt":{"rendered":"<p>Unsere Prime Down Skijacke ist mit leichtem, RDS-zertifiziertem Daunenmaterial (90\/10 Daunen\/Federn, 650 F\u00fcllkraft) gefertigt, um f\u00fcr angenehme W\u00e4rme und Komfort zu sorgen. Sie ist mit einer gem\u00fctlichen, festen vertikalen Kapuze ausgestattet, um Sie vor der K\u00e4lte zu sch\u00fctzen. Die Kapuze, die einen laminierten Rand hat, ist auch mit verstellbaren horizontalen Kordelz\u00fcgen ausgestattet, sodass Sie sie [&hellip;]<\/p>\n","protected":false},"featured_media":643596,"template":"","meta":[],"product_brand":[],"product_cat":[4186],"product_tag":[],"class_list":{"0":"post-643566","1":"product","2":"type-product","3":"status-publish","4":"has-post-thumbnail","6":"product_cat-jacken","7":"pa_brand-tenson","8":"pa_brand-type-sportswear","9":"pa_filter-color-blau","10":"pa_filter-color-schwarz","12":"first","13":"instock","14":"sale","15":"taxable","16":"shipping-taxable","17":"purchasable","18":"product-type-variable","19":"add-to-wishlist-before_image"},"exclude_global_add_ons":[],"addons":[],"acf":[],"_links":{"self":[{"href":"https:\/\/shop.kustom.ch\/it\/wp-json\/wp\/v2\/product\/643566"}],"collection":[{"href":"https:\/\/shop.kustom.ch\/it\/wp-json\/wp\/v2\/product"}],"about":[{"href":"https:\/\/shop.kustom.ch\/it\/wp-json\/wp\/v2\/types\/product"}],"wp:featuredmedia":[{"embeddable":true,"href":"https:\/\/shop.kustom.ch\/it\/wp-json\/wp\/v2\/media\/643596"}],"wp:attachment":[{"href":"https:\/\/shop.kustom.ch\/it\/wp-json\/wp\/v2\/media?parent=643566"}],"wp:term":[{"taxonomy":"product_brand","embeddable":true,"href":"https:\/\/shop.kustom.ch\/it\/wp-json\/wp\/v2\/product_brand?post=643566"},{"taxonomy":"product_cat","embeddable":true,"href":"https:\/\/shop.kustom.ch\/it\/wp-json\/wp\/v2\/product_cat?post=643566"},{"taxonomy":"product_tag","embeddable":true,"href":"https:\/\/shop.kustom.ch\/it\/wp-json\/wp\/v2\/product_tag?post=643566"}],"curies":[{"name":"wp","href":"https:\/\/api.w.org\/{rel}","templated":true}]}}