{"id":643514,"date":"2025-04-03T21:49:03","date_gmt":"2025-04-03T20:49:03","guid":{"rendered":"https:\/\/shop.kustom.ch\/?post_type=product&#038;p=643514"},"modified":"2026-03-31T11:24:49","modified_gmt":"2026-03-31T10:24:49","slug":"himalaya-shell-extreme-x-jacket-men","status":"publish","type":"product","link":"https:\/\/shop.kustom.ch\/it\/prodotto\/himalaya-shell-extreme-x-jacket-men\/","title":{"rendered":"Giacca Himalaya Shell Extreme X Uomo"},"content":{"rendered":"<p>La Himalaya Shell MPC Extreme Jacket \u00e8 una giacca shell impermeabile con tecnologia MPC Extreme di Tenson (WP 20000mm \/ MP 20000g\/m\u00b2\/24h), che combina un design leggero con un'estrema impermeabilit\u00e0 e un'eccezionale traspirabilit\u00e0. Offre numerose funzioni: orlo regolabile, maniche preformate, cerniere idrorepellenti, ventilazione, pratiche tasche e molto altro. \u00c8 inoltre dotata del sistema di salvataggio RECCO\u00ae e di un rivestimento idrorepellente senza PFC.<\/p>\n<p>Materiale: Materiale esterno: poliestere riciclato 100%.<\/p>","protected":false},"excerpt":{"rendered":"<p>Die Himalaya Shell MPC Extreme Jacket ist eine wasserdichte Shelljacke mit Tensons eigener MPC Extreme-Technologie (WP 20000mm \/ MP 20000g\/m\u00b2\/24h), die ein leichtes Design mit extremer Wasserdichtigkeit und aussergew\u00f6hnlicher Atmungsaktivit\u00e4t kombiniert. Sie bietet zahlreiche Funktionen: einen verstellbaren Saum, vorgeformte \u00c4rmel, wasserabweisende Reissverschl\u00fcsse, Bel\u00fcftung, praktische Taschen und vieles mehr. Zudem ist sie mit dem RECCO\u00ae-Rettungssystem ausgestattet [&hellip;]<\/p>\n","protected":false},"featured_media":643565,"template":"","meta":[],"product_brand":[],"product_cat":[4186],"product_tag":[],"class_list":{"0":"post-643514","1":"product","2":"type-product","3":"status-publish","4":"has-post-thumbnail","6":"product_cat-jacken","7":"pa_brand-tenson","8":"pa_brand-type-sportswear","9":"pa_filter-color-grau","11":"first","12":"instock","13":"sale","14":"taxable","15":"shipping-taxable","16":"purchasable","17":"product-type-variable","18":"add-to-wishlist-before_image"},"exclude_global_add_ons":[],"addons":[],"acf":[],"_links":{"self":[{"href":"https:\/\/shop.kustom.ch\/it\/wp-json\/wp\/v2\/product\/643514"}],"collection":[{"href":"https:\/\/shop.kustom.ch\/it\/wp-json\/wp\/v2\/product"}],"about":[{"href":"https:\/\/shop.kustom.ch\/it\/wp-json\/wp\/v2\/types\/product"}],"wp:featuredmedia":[{"embeddable":true,"href":"https:\/\/shop.kustom.ch\/it\/wp-json\/wp\/v2\/media\/643565"}],"wp:attachment":[{"href":"https:\/\/shop.kustom.ch\/it\/wp-json\/wp\/v2\/media?parent=643514"}],"wp:term":[{"taxonomy":"product_brand","embeddable":true,"href":"https:\/\/shop.kustom.ch\/it\/wp-json\/wp\/v2\/product_brand?post=643514"},{"taxonomy":"product_cat","embeddable":true,"href":"https:\/\/shop.kustom.ch\/it\/wp-json\/wp\/v2\/product_cat?post=643514"},{"taxonomy":"product_tag","embeddable":true,"href":"https:\/\/shop.kustom.ch\/it\/wp-json\/wp\/v2\/product_tag?post=643514"}],"curies":[{"name":"wp","href":"https:\/\/api.w.org\/{rel}","templated":true}]}}