{"id":643476,"date":"2025-04-03T21:48:31","date_gmt":"2025-04-03T20:48:31","guid":{"rendered":"https:\/\/shop.kustom.ch\/?post_type=product&#038;p=643476"},"modified":"2026-03-31T11:19:11","modified_gmt":"2026-03-31T10:19:11","slug":"himalaya-full-zip-pocket-fleece-men","status":"publish","type":"product","link":"https:\/\/shop.kustom.ch\/it\/prodotto\/himalaya-full-zip-pocket-fleece-men\/","title":{"rendered":"Pile Himalaya Full Zip Pocket Uomo"},"content":{"rendered":"<p>Il pile Himalaya Full Zip Pocket \u00e8 realizzato in poliestere riciclato 100% e combina durata e versatilit\u00e0. Il suo materiale morbido e confortevole \u00e8 altamente traspirante e si asciuga rapidamente, offrendo calore e comfort senza essere pesante. Si pu\u00f2 indossare come strato intermedio isolante o come giacca indipendente nelle fresche giornate autunnali. Presenta una tasca sul petto con cerniera, due tasche laterali con cerniera, polsini e orlo elasticizzati, un colletto morbido e una zip frontale a tutta lunghezza.<\/p>\n<p>Materiale: Materiale esterno: poliestere riciclato 100%.<\/p>","protected":false},"excerpt":{"rendered":"<p>Das Himalaya Full Zip Pocket Fleece besteht aus 100% recyceltem Polyester und vereint Langlebigkeit mit Vielseitigkeit. Sein weiches, bequemes Material ist hoch atmungsaktiv und trocknet schnell, sodass es W\u00e4rme und Komfort bietet, ohne schwer zu sein. Tragen Sie es als isolierende Midlayer oder an k\u00fchlen Herbsttagen als eigenst\u00e4ndige Jacke. Es verf\u00fcgt \u00fcber eine Brusttasche mit [&hellip;]<\/p>\n","protected":false},"featured_media":643523,"template":"","meta":[],"product_brand":[],"product_cat":[4186],"product_tag":[],"class_list":{"0":"post-643476","1":"product","2":"type-product","3":"status-publish","4":"has-post-thumbnail","6":"product_cat-jacken","7":"pa_brand-tenson","8":"pa_brand-type-sportswear","9":"pa_filter-color-beige","10":"pa_filter-color-blau","11":"pa_filter-color-schwarz","13":"first","14":"instock","15":"sale","16":"taxable","17":"shipping-taxable","18":"purchasable","19":"product-type-variable","20":"add-to-wishlist-before_image"},"exclude_global_add_ons":[],"addons":[],"acf":[],"_links":{"self":[{"href":"https:\/\/shop.kustom.ch\/it\/wp-json\/wp\/v2\/product\/643476"}],"collection":[{"href":"https:\/\/shop.kustom.ch\/it\/wp-json\/wp\/v2\/product"}],"about":[{"href":"https:\/\/shop.kustom.ch\/it\/wp-json\/wp\/v2\/types\/product"}],"wp:featuredmedia":[{"embeddable":true,"href":"https:\/\/shop.kustom.ch\/it\/wp-json\/wp\/v2\/media\/643523"}],"wp:attachment":[{"href":"https:\/\/shop.kustom.ch\/it\/wp-json\/wp\/v2\/media?parent=643476"}],"wp:term":[{"taxonomy":"product_brand","embeddable":true,"href":"https:\/\/shop.kustom.ch\/it\/wp-json\/wp\/v2\/product_brand?post=643476"},{"taxonomy":"product_cat","embeddable":true,"href":"https:\/\/shop.kustom.ch\/it\/wp-json\/wp\/v2\/product_cat?post=643476"},{"taxonomy":"product_tag","embeddable":true,"href":"https:\/\/shop.kustom.ch\/it\/wp-json\/wp\/v2\/product_tag?post=643476"}],"curies":[{"name":"wp","href":"https:\/\/api.w.org\/{rel}","templated":true}]}}