{"id":643474,"date":"2025-04-03T21:48:31","date_gmt":"2025-04-03T20:48:31","guid":{"rendered":"https:\/\/shop.kustom.ch\/?post_type=product&#038;p=643474"},"modified":"2026-03-31T11:28:06","modified_gmt":"2026-03-31T10:28:06","slug":"dew-point-parka-men","status":"publish","type":"product","link":"https:\/\/shop.kustom.ch\/it\/prodotto\/dew-point-parka-men\/","title":{"rendered":"Parka Dew Point Uomo"},"content":{"rendered":"<p>Il Dew Point Parka \u00e8 impermeabile e offre un'eccellente traspirabilit\u00e0 e ventilazione grazie al cappuccio antitempesta nascosto nel colletto. Con un grado di impermeabilit\u00e0 di 10.000, potrete trascorrere diverse ore sotto la pioggia, mentre le cuciture nastrate e le cerniere idrorepellenti vi garantiranno di rimanere asciutti. Il cappuccio pu\u00f2 essere regolato per personalizzare la vestibilit\u00e0 e pu\u00f2 anche essere rimosso quando non \u00e8 necessario. La giacca \u00e8 dotata di polsini regolabili che possono essere stretti in caso di condizioni climatiche estreme. La giacca \u00e8 inoltre elasticizzata e ha maniche articolate per garantire un'ottima libert\u00e0 di movimento senza che le maniche si alzino quando sono completamente distese. Un parka comodo, pratico ed elegante che diventer\u00e0 sicuramente uno dei preferiti.<\/p>\n<p>- Guscio MPC Extreme<br \/>\n- 2,5 strati elasticizzati<br \/>\n- WP 10 000 mm, MP 10 000 gr\/m2\/24h<br \/>\n- Rivestimento idrorepellente senza PFC<\/p>\n<p>Materiale: 50% poliestere riciclato, 50% poliestere<\/p>","protected":false},"excerpt":{"rendered":"<p>Der Dew Point Parka ist wasserdicht und bietet hervorragende Atmungsaktivit\u00e4t und Bel\u00fcftung dank einer versteckten Sturmkapuze im Kragen. Mit einer Wasserdichtigkeitsbewertung von 10&#8217;000 k\u00f6nnen Sie mehrere Stunden im Regen verbringen, und die versiegelten N\u00e4hte und wasserabweisenden Reissverschl\u00fcsse sorgen daf\u00fcr, dass Sie trocken bleiben. Die Kapuze kann angepasst werden, um die Passform zu individualisieren und kann [&hellip;]<\/p>\n","protected":false},"featured_media":643498,"template":"","meta":[],"product_brand":[],"product_cat":[4186],"product_tag":[],"class_list":{"0":"post-643474","1":"product","2":"type-product","3":"status-publish","4":"has-post-thumbnail","6":"product_cat-jacken","7":"pa_brand-tenson","8":"pa_brand-type-sportswear","9":"pa_filter-color-blau","10":"pa_filter-color-schwarz","12":"first","13":"instock","14":"sale","15":"taxable","16":"shipping-taxable","17":"purchasable","18":"product-type-variable","19":"add-to-wishlist-before_image"},"exclude_global_add_ons":[],"addons":[],"acf":[],"_links":{"self":[{"href":"https:\/\/shop.kustom.ch\/it\/wp-json\/wp\/v2\/product\/643474"}],"collection":[{"href":"https:\/\/shop.kustom.ch\/it\/wp-json\/wp\/v2\/product"}],"about":[{"href":"https:\/\/shop.kustom.ch\/it\/wp-json\/wp\/v2\/types\/product"}],"wp:featuredmedia":[{"embeddable":true,"href":"https:\/\/shop.kustom.ch\/it\/wp-json\/wp\/v2\/media\/643498"}],"wp:attachment":[{"href":"https:\/\/shop.kustom.ch\/it\/wp-json\/wp\/v2\/media?parent=643474"}],"wp:term":[{"taxonomy":"product_brand","embeddable":true,"href":"https:\/\/shop.kustom.ch\/it\/wp-json\/wp\/v2\/product_brand?post=643474"},{"taxonomy":"product_cat","embeddable":true,"href":"https:\/\/shop.kustom.ch\/it\/wp-json\/wp\/v2\/product_cat?post=643474"},{"taxonomy":"product_tag","embeddable":true,"href":"https:\/\/shop.kustom.ch\/it\/wp-json\/wp\/v2\/product_tag?post=643474"}],"curies":[{"name":"wp","href":"https:\/\/api.w.org\/{rel}","templated":true}]}}