{"id":643472,"date":"2025-04-03T21:48:31","date_gmt":"2025-04-03T20:48:31","guid":{"rendered":"https:\/\/shop.kustom.ch\/?post_type=product&#038;p=643472"},"modified":"2026-03-31T11:25:55","modified_gmt":"2026-03-31T10:25:55","slug":"core-skipants-woman","status":"publish","type":"product","link":"https:\/\/shop.kustom.ch\/it\/prodotto\/core-skipants-woman\/","title":{"rendered":"Core SkiPants Donna"},"content":{"rendered":"<p>I Core SkiPants sono pantaloni da sci flessibili che possono essere adattati a ogni attivit\u00e0 e occasione. Dotati della tecnologia MPC Plus di Tenson, di cuciture nastrate e di cerniere idrorepellenti che li rendono antivento e impermeabili, con una finitura idrorepellente senza PFC. Indossate le bretelle per lo sci intenso, quando tutto deve rimanere perfettamente al suo posto, oppure toglietele per le giornate pi\u00f9 tranquille o per altre attivit\u00e0 all'aperto. I pantaloni Core MPC Plus presentano anche diverse caratteristiche pratiche che li rendono pantaloni da sci eleganti e funzionali. La cintura regolabile in vita e le ginocchia preformate contribuiscono a migliorare la vestibilit\u00e0. Le tasche sono foderate in pile per un maggiore comfort e c'\u00e8 un'ulteriore tasca con zip sulla coscia. Per facilitare l'indossamento, i pantaloni sono dotati di ampie cerniere alle caviglie, che sono anche dotate di ghette da neve per mantenerle aderenti tra i pantaloni e gli scarponi da sci. Grazie alle cuciture nastrate, alla leggera imbottitura e all'impermeabilit\u00e0, questi pantaloni da sci consentono di rimanere attivi tutto il giorno senza sentirsi eccessivamente caldi.<\/p>\n<p>- MPC Plus<br \/>\n- Impermeabilit\u00e0 8 000 mm<br \/>\n- Traspirabilit\u00e0 8 000 g\/m\u00b2\/24h<br \/>\n- Rivestimento idrorepellente senza PFC<\/p>\n<p>Materiale: 33% poliestere riciclato, 67% poliestere. Fodera: 100% poliestere. Imbottitura: 100 % poliestere<\/p>","protected":false},"excerpt":{"rendered":"<p>Die Core SkiPants ist eine flexible Skihose, die sich f\u00fcr jede Aktivit\u00e4t und Gelegenheit anpassen l\u00e4sst. Ausgestattet mit Tenson\u2019s eigener MPC Plus-Technologie, verschweissten N\u00e4hten und wasserabweisenden Reissverschl\u00fcssen, die sie wind- und wasserdicht machen, mit einer PFC-freien, wasserabweisenden Oberfl\u00e4che. Tragen Sie die Hosentr\u00e4ger f\u00fcr intensives Skifahren, wenn alles perfekt an seinem Platz bleiben muss, oder entfernen [&hellip;]<\/p>\n","protected":false},"featured_media":643483,"template":"","meta":[],"product_brand":[],"product_cat":[4185],"product_tag":[],"class_list":{"0":"post-643472","1":"product","2":"type-product","3":"status-publish","4":"has-post-thumbnail","6":"product_cat-hosen","7":"pa_brand-tenson","8":"pa_brand-type-sportswear","9":"pa_filter-color-schwarz","11":"first","12":"instock","13":"sale","14":"taxable","15":"shipping-taxable","16":"purchasable","17":"product-type-variable","18":"add-to-wishlist-before_image"},"exclude_global_add_ons":[],"addons":[],"acf":[],"_links":{"self":[{"href":"https:\/\/shop.kustom.ch\/it\/wp-json\/wp\/v2\/product\/643472"}],"collection":[{"href":"https:\/\/shop.kustom.ch\/it\/wp-json\/wp\/v2\/product"}],"about":[{"href":"https:\/\/shop.kustom.ch\/it\/wp-json\/wp\/v2\/types\/product"}],"wp:featuredmedia":[{"embeddable":true,"href":"https:\/\/shop.kustom.ch\/it\/wp-json\/wp\/v2\/media\/643483"}],"wp:attachment":[{"href":"https:\/\/shop.kustom.ch\/it\/wp-json\/wp\/v2\/media?parent=643472"}],"wp:term":[{"taxonomy":"product_brand","embeddable":true,"href":"https:\/\/shop.kustom.ch\/it\/wp-json\/wp\/v2\/product_brand?post=643472"},{"taxonomy":"product_cat","embeddable":true,"href":"https:\/\/shop.kustom.ch\/it\/wp-json\/wp\/v2\/product_cat?post=643472"},{"taxonomy":"product_tag","embeddable":true,"href":"https:\/\/shop.kustom.ch\/it\/wp-json\/wp\/v2\/product_tag?post=643472"}],"curies":[{"name":"wp","href":"https:\/\/api.w.org\/{rel}","templated":true}]}}