{"id":643407,"date":"2025-04-03T21:48:05","date_gmt":"2025-04-03T20:48:05","guid":{"rendered":"https:\/\/shop.kustom.ch\/?post_type=product&#038;p=643407"},"modified":"2026-03-31T11:22:49","modified_gmt":"2026-03-31T10:22:49","slug":"core-ski-jacket-women","status":"publish","type":"product","link":"https:\/\/shop.kustom.ch\/it\/prodotto\/core-ski-jacket-women\/","title":{"rendered":"Giacca da sci Core Donna"},"content":{"rendered":"<p>Una giacca da sci elegante e calda che durer\u00e0 per anni. Dotata della tecnologia MPC Plus di Tenson, di cuciture nastrate e di cerniere idrorepellenti, \u00e8 antivento e impermeabile con finitura idrorepellente senza PFC. Grazie alla sua eccellente traspirabilit\u00e0, questa giacca permette di rimanere attivi tutto il giorno senza sentire eccessivamente il caldo. Le cuciture sono nastrate, con un gommino antineve per tenere fuori la neve. Sia le tasche che il colletto sono foderati in pile per un maggiore calore. Il cappuccio \u00e8 staccabile per adattarsi alle condizioni atmosferiche o per cambiare stile. La giacca Core MPC Plus pu\u00f2 essere abbinata ai pantaloni Core MPC Plus per creare un set coordinato negli stessi colori o in colori diversi per un look pi\u00f9 vivace.<\/p>\n<p>- MPC Plus<br \/>\n- Impermeabilit\u00e0 8 000 mm<br \/>\n- Traspirabilit\u00e0 8 000 g\/m\u00b2\/24h<br \/>\n- Rivestimento idrorepellente senza PFC<\/p>\n<p>Materiale: 33% poliestere riciclato, 67% poliestere. Fodera: 100% poliestere. Imbottitura: 100 % poliestere<\/p>","protected":false},"excerpt":{"rendered":"<p>Eine stilvolle, warme Skijacke, die jahrelang h\u00e4lt. Ausgestattet mit Tenson\u2019s eigener MPC Plus-Technologie, verschweissten N\u00e4hten und wasserabweisenden Reissverschl\u00fcssen, die sie wind- und wasserdicht machen, mit einer PFC-freien, wasserabweisenden Oberfl\u00e4che. Aufgrund ihrer ausgezeichneten Atmungseigenschaften erm\u00f6glicht Ihnen diese Jacke, den ganzen Tag aktiv zu bleiben, ohne \u00fcberm\u00e4ssige W\u00e4rme zu empfinden. Die N\u00e4hte sind versiegelt, mit einem Schneefang, [&hellip;]<\/p>\n","protected":false},"featured_media":643443,"template":"","meta":[],"product_brand":[],"product_cat":[4186],"product_tag":[],"class_list":{"0":"post-643407","1":"product","2":"type-product","3":"status-publish","4":"has-post-thumbnail","6":"product_cat-jacken","7":"pa_brand-tenson","8":"pa_brand-type-sportswear","9":"pa_filter-color-blau","10":"pa_filter-color-gruen","11":"pa_filter-color-schwarz","13":"first","14":"instock","15":"sale","16":"taxable","17":"shipping-taxable","18":"purchasable","19":"product-type-variable","20":"add-to-wishlist-before_image"},"exclude_global_add_ons":[],"addons":[],"acf":[],"_links":{"self":[{"href":"https:\/\/shop.kustom.ch\/it\/wp-json\/wp\/v2\/product\/643407"}],"collection":[{"href":"https:\/\/shop.kustom.ch\/it\/wp-json\/wp\/v2\/product"}],"about":[{"href":"https:\/\/shop.kustom.ch\/it\/wp-json\/wp\/v2\/types\/product"}],"wp:featuredmedia":[{"embeddable":true,"href":"https:\/\/shop.kustom.ch\/it\/wp-json\/wp\/v2\/media\/643443"}],"wp:attachment":[{"href":"https:\/\/shop.kustom.ch\/it\/wp-json\/wp\/v2\/media?parent=643407"}],"wp:term":[{"taxonomy":"product_brand","embeddable":true,"href":"https:\/\/shop.kustom.ch\/it\/wp-json\/wp\/v2\/product_brand?post=643407"},{"taxonomy":"product_cat","embeddable":true,"href":"https:\/\/shop.kustom.ch\/it\/wp-json\/wp\/v2\/product_cat?post=643407"},{"taxonomy":"product_tag","embeddable":true,"href":"https:\/\/shop.kustom.ch\/it\/wp-json\/wp\/v2\/product_tag?post=643407"}],"curies":[{"name":"wp","href":"https:\/\/api.w.org\/{rel}","templated":true}]}}