{"id":643355,"date":"2025-04-03T21:47:36","date_gmt":"2025-04-03T20:47:36","guid":{"rendered":"https:\/\/shop.kustom.ch\/?post_type=product&#038;p=643355"},"modified":"2026-03-31T11:27:29","modified_gmt":"2026-03-31T10:27:29","slug":"apelviken-pu-jacket-women","status":"publish","type":"product","link":"https:\/\/shop.kustom.ch\/it\/prodotto\/apelviken-pu-jacket-women\/","title":{"rendered":"Apelviken Giacca PU Donna"},"content":{"rendered":"<p>Apelviken \u00e8 un mackintosh da donna con una silhouette ad A e un look classico ed elegante. Realizzato in poliuretano 100% con un morbido rivestimento in tricot, cuciture nastrate e un grado di impermeabilit\u00e0 di 5.000 per mantenervi asciutti anche negli acquazzoni pi\u00f9 intensi, il mackintosh \u00e8 dotato di polsini regolabili e maniche preformate per una vestibilit\u00e0 ottimale. Con cappuccio fisso e ventilazione sotto le braccia.<\/p>\n<p>- WP 5 000 mm<br \/>\n- Retro della maglia<br \/>\n- Tutte le cuciture sono saldate<\/p>\n<p>Materiale: poliuretano 100%<\/p>","protected":false},"excerpt":{"rendered":"<p>Apelviken ist ein Damen-Regenmantel mit A-Linien-Silhouette in klassischem, stilvollem Look. Er besteht aus 100% Polyurethan mit einer weichen Trikotr\u00fcckseite, verschweissten N\u00e4hten und einer Wasserdichtigkeit von 5&#8217;000, damit Sie auch unter den st\u00e4rksten Regeng\u00fcssen trocken bleiben.Der Regenmantel hat verstellbare B\u00fcndchen und vorgeformte \u00c4rmel f\u00fcr die bestm\u00f6gliche Passform. Mit fester Kapuze und Bel\u00fcftung unter den Armen. \u2022 [&hellip;]<\/p>\n","protected":false},"featured_media":643379,"template":"","meta":[],"product_brand":[],"product_cat":[4186],"product_tag":[],"class_list":{"0":"post-643355","1":"product","2":"type-product","3":"status-publish","4":"has-post-thumbnail","6":"product_cat-jacken","7":"pa_brand-tenson","8":"pa_brand-type-sportswear","9":"pa_filter-color-blau","10":"pa_filter-color-gruen","11":"pa_filter-color-schwarz","13":"first","14":"instock","15":"sale","16":"taxable","17":"shipping-taxable","18":"purchasable","19":"product-type-variable","20":"add-to-wishlist-before_image"},"exclude_global_add_ons":[],"addons":[],"acf":[],"_links":{"self":[{"href":"https:\/\/shop.kustom.ch\/it\/wp-json\/wp\/v2\/product\/643355"}],"collection":[{"href":"https:\/\/shop.kustom.ch\/it\/wp-json\/wp\/v2\/product"}],"about":[{"href":"https:\/\/shop.kustom.ch\/it\/wp-json\/wp\/v2\/types\/product"}],"wp:featuredmedia":[{"embeddable":true,"href":"https:\/\/shop.kustom.ch\/it\/wp-json\/wp\/v2\/media\/643379"}],"wp:attachment":[{"href":"https:\/\/shop.kustom.ch\/it\/wp-json\/wp\/v2\/media?parent=643355"}],"wp:term":[{"taxonomy":"product_brand","embeddable":true,"href":"https:\/\/shop.kustom.ch\/it\/wp-json\/wp\/v2\/product_brand?post=643355"},{"taxonomy":"product_cat","embeddable":true,"href":"https:\/\/shop.kustom.ch\/it\/wp-json\/wp\/v2\/product_cat?post=643355"},{"taxonomy":"product_tag","embeddable":true,"href":"https:\/\/shop.kustom.ch\/it\/wp-json\/wp\/v2\/product_tag?post=643355"}],"curies":[{"name":"wp","href":"https:\/\/api.w.org\/{rel}","templated":true}]}}