{"id":642957,"date":"2025-04-02T22:56:09","date_gmt":"2025-04-02T21:56:09","guid":{"rendered":"https:\/\/shop.kustom.ch\/?post_type=product&#038;p=642957"},"modified":"2025-06-26T08:18:23","modified_gmt":"2025-06-26T07:18:23","slug":"jako-kapuzensweat-premium-basics-2","status":"publish","type":"product","link":"https:\/\/shop.kustom.ch\/it\/prodotto\/jako-kapuzensweat-premium-basics-2\/","title":{"rendered":"Jako Felpa con cappuccio Premium Basics"},"content":{"rendered":"<p>Lo sport e il tempo libero si intrecciano sempre pi\u00f9 nella vita di molte persone. Ecco perch\u00e9 JAKO vi manda allo sport e alla vita di tutti i giorni con i capi base PREMIUM di alta qualit\u00e0. La felpa con cappuccio della linea ha un taglio sportivo e un moderno look melange. Questo \u00e8 tipico dei capi PREMIUM Basics. Questa miscela di due colori, con la sua texture, ricorda l'asfalto su cui si svolge la vita nelle grandi citt\u00e0. Sulla nuca \u00e8 presente un cappuccio casual che completa l'outfit o che, all'occorrenza, pu\u00f2 essere tirato sopra la testa. Il top \u00e8 realizzato con il funzionale materiale Double Tech Knit. Si adatta ai contorni del corpo e sottolinea la vostra figura sportiva.<\/p>","protected":false},"excerpt":{"rendered":"<p>Colore: navy screziato<\/p>","protected":false},"featured_media":670511,"template":"","meta":[],"product_brand":[],"product_cat":[11572],"product_tag":[],"class_list":{"0":"post-642957","1":"product","2":"type-product","3":"status-publish","4":"has-post-thumbnail","6":"product_cat-athletes-in-action","8":"first","9":"instock","10":"taxable","11":"shipping-taxable","12":"purchasable","13":"product-type-variable","14":"add-to-wishlist-before_image"},"exclude_global_add_ons":false,"addons":[{"name":"Pressione","type":"checkbox","position":0,"required":true,"title_format":"label","default":"","description_enable":false,"description":"","placeholder_enable":false,"placeholder":"","display":"select","restrictions_type":"any_text","adjust_price":false,"price":"","price_type":"flat_fee","restrictions":false,"min":"0","max":"0","options":[{"label":"Logo klein Brust","price":"6.50","price_type":"flat_fee","image":0,"visibility":true},{"label":"Logo klein Brust und gross R\u00fccken","price":"15.15","price_type":"flat_fee","image":0,"visibility":true},{"label":"Logo gross Brust","price":"8.65","price_type":"flat_fee","image":0,"visibility":true},{"label":"Logo gross R\u00fccken","price":"8.65","price_type":"flat_fee","image":0,"visibility":true}],"id":1743709662}],"acf":[],"_links":{"self":[{"href":"https:\/\/shop.kustom.ch\/it\/wp-json\/wp\/v2\/product\/642957"}],"collection":[{"href":"https:\/\/shop.kustom.ch\/it\/wp-json\/wp\/v2\/product"}],"about":[{"href":"https:\/\/shop.kustom.ch\/it\/wp-json\/wp\/v2\/types\/product"}],"wp:featuredmedia":[{"embeddable":true,"href":"https:\/\/shop.kustom.ch\/it\/wp-json\/wp\/v2\/media\/670511"}],"wp:attachment":[{"href":"https:\/\/shop.kustom.ch\/it\/wp-json\/wp\/v2\/media?parent=642957"}],"wp:term":[{"taxonomy":"product_brand","embeddable":true,"href":"https:\/\/shop.kustom.ch\/it\/wp-json\/wp\/v2\/product_brand?post=642957"},{"taxonomy":"product_cat","embeddable":true,"href":"https:\/\/shop.kustom.ch\/it\/wp-json\/wp\/v2\/product_cat?post=642957"},{"taxonomy":"product_tag","embeddable":true,"href":"https:\/\/shop.kustom.ch\/it\/wp-json\/wp\/v2\/product_tag?post=642957"}],"curies":[{"name":"wp","href":"https:\/\/api.w.org\/{rel}","templated":true}]}}