{"id":642247,"date":"2025-04-02T22:34:55","date_gmt":"2025-04-02T21:34:55","guid":{"rendered":"https:\/\/shop.kustom.ch\/?post_type=product&#038;p=642247"},"modified":"2025-04-03T20:48:14","modified_gmt":"2025-04-03T19:48:14","slug":"jako-t-shirt-organic-2","status":"publish","type":"product","link":"https:\/\/shop.kustom.ch\/it\/prodotto\/jako-t-shirt-organic-2\/","title":{"rendered":"Maglietta Jako Organica"},"content":{"rendered":"<p>La nostra T-shirt organica realizzata in 100 cotone organico % pettinato e filato ad anelli in morbida qualit\u00e0 single jersey. La lavorazione di alta qualit\u00e0 rende questo classico la maglietta perfetta per ogni tipo di abbigliamento da lavoro. Come per tutti i nostri articoli di teamwear aziendale, le cuciture rinforzate sulle spalle rendono la T-shirt particolarmente stabile dimensionalmente e resistente. L'alta qualit\u00e0 \u00e8 evidente anche durante il lavaggio: Il modello \u00e8 lavabile a 60\u00b0. Grazie ai coloranti di alta qualit\u00e0, mantiene la solidit\u00e0 dei colori anche dopo diversi lavaggi intensivi. La T-shirt biologica da uomo ha un collo rotondo a coste, mentre la versione da donna ha un collo a coste con scollatura a V.<\/p>","protected":false},"excerpt":{"rendered":"<p>Colore: nero<\/p>","protected":false},"featured_media":641487,"template":"","meta":[],"product_brand":[],"product_cat":[11572],"product_tag":[],"class_list":{"0":"post-642247","1":"product","2":"type-product","3":"status-publish","4":"has-post-thumbnail","6":"product_cat-athletes-in-action","8":"first","9":"instock","10":"taxable","11":"shipping-taxable","12":"purchasable","13":"product-type-variable","14":"add-to-wishlist-before_image"},"exclude_global_add_ons":false,"addons":[{"name":"Pressione","type":"checkbox","position":1,"required":true,"title_format":"label","default":"","description_enable":false,"description":"","placeholder_enable":false,"placeholder":"","display":"select","restrictions_type":"any_text","adjust_price":false,"price":"","price_type":"flat_fee","restrictions":false,"min":"0","max":"0","options":[{"label":"Logo klein Brust","price":"6.50","price_type":"flat_fee","image":0,"visibility":true},{"label":"Logo klein Brust und gross R\u00fccken","price":"15.15","price_type":"flat_fee","image":0,"visibility":true},{"label":"Logo gross Brust","price":"8.65","price_type":"flat_fee","image":0,"visibility":true},{"label":"Logo gross R\u00fccken","price":"8.65","price_type":"flat_fee","image":0,"visibility":true}],"id":1743696611}],"acf":[],"_links":{"self":[{"href":"https:\/\/shop.kustom.ch\/it\/wp-json\/wp\/v2\/product\/642247"}],"collection":[{"href":"https:\/\/shop.kustom.ch\/it\/wp-json\/wp\/v2\/product"}],"about":[{"href":"https:\/\/shop.kustom.ch\/it\/wp-json\/wp\/v2\/types\/product"}],"wp:featuredmedia":[{"embeddable":true,"href":"https:\/\/shop.kustom.ch\/it\/wp-json\/wp\/v2\/media\/641487"}],"wp:attachment":[{"href":"https:\/\/shop.kustom.ch\/it\/wp-json\/wp\/v2\/media?parent=642247"}],"wp:term":[{"taxonomy":"product_brand","embeddable":true,"href":"https:\/\/shop.kustom.ch\/it\/wp-json\/wp\/v2\/product_brand?post=642247"},{"taxonomy":"product_cat","embeddable":true,"href":"https:\/\/shop.kustom.ch\/it\/wp-json\/wp\/v2\/product_cat?post=642247"},{"taxonomy":"product_tag","embeddable":true,"href":"https:\/\/shop.kustom.ch\/it\/wp-json\/wp\/v2\/product_tag?post=642247"}],"curies":[{"name":"wp","href":"https:\/\/api.w.org\/{rel}","templated":true}]}}