{"id":641933,"date":"2025-04-01T20:40:46","date_gmt":"2025-04-01T19:40:46","guid":{"rendered":"https:\/\/shop.kustom.ch\/?post_type=product&#038;p=641933"},"modified":"2025-08-25T07:50:04","modified_gmt":"2025-08-25T06:50:04","slug":"polyesterhose-power-3","status":"publish","type":"product","link":"https:\/\/shop.kustom.ch\/it\/prodotto\/polyesterhose-power-3\/","title":{"rendered":"Pantaloni in poliestere Power"},"content":{"rendered":"<p>Grazie alla vita elasticizzata in due pezzi e alla coulisse, i pantaloni in poliestere JAKO Power vi permettono di muovervi anche durante gli esercizi pi\u00f9 intensi. Sono dotati di una cerniera all'estremit\u00e0 della gamba e nelle tasche laterali. La zona del polpaccio \u00e8 dotata di un inserto elasticizzato per una maggiore libert\u00e0 di movimento. Tutti i materiali utilizzati sono realizzati in poliestere riciclato 100 %, rendendo i pantaloni Power polyester particolarmente sostenibili. Il taglio moderno, lungo fino alla caviglia, conferisce ai pantaloni in poliestere Power un tocco di tendenza.<\/p>\n<p>Materiale: poliestere 100%<\/p>","protected":false},"excerpt":{"rendered":"<p>Colore: nero\/bianco<\/p>","protected":false},"featured_media":650900,"template":"","meta":[],"product_brand":[],"product_cat":[11574],"product_tag":[],"class_list":{"0":"post-641933","1":"product","2":"type-product","3":"status-publish","4":"has-post-thumbnail","6":"product_cat-sc-herisau","8":"first","9":"instock","10":"taxable","11":"shipping-taxable","12":"purchasable","13":"product-type-variable","14":"add-to-wishlist-before_image"},"exclude_global_add_ons":false,"addons":[{"name":"Facoltativo: iniziale\/numero","type":"custom_text","position":0,"required":false,"title_format":"label","default":"","description_enable":false,"description":"","placeholder_enable":false,"placeholder":"","display":"select","restrictions_type":"any_text","adjust_price":true,"price":"5","price_type":"flat_fee","restrictions":false,"min":"0","max":"0","options":[],"id":1743541061}],"acf":[],"_links":{"self":[{"href":"https:\/\/shop.kustom.ch\/it\/wp-json\/wp\/v2\/product\/641933"}],"collection":[{"href":"https:\/\/shop.kustom.ch\/it\/wp-json\/wp\/v2\/product"}],"about":[{"href":"https:\/\/shop.kustom.ch\/it\/wp-json\/wp\/v2\/types\/product"}],"wp:featuredmedia":[{"embeddable":true,"href":"https:\/\/shop.kustom.ch\/it\/wp-json\/wp\/v2\/media\/650900"}],"wp:attachment":[{"href":"https:\/\/shop.kustom.ch\/it\/wp-json\/wp\/v2\/media?parent=641933"}],"wp:term":[{"taxonomy":"product_brand","embeddable":true,"href":"https:\/\/shop.kustom.ch\/it\/wp-json\/wp\/v2\/product_brand?post=641933"},{"taxonomy":"product_cat","embeddable":true,"href":"https:\/\/shop.kustom.ch\/it\/wp-json\/wp\/v2\/product_cat?post=641933"},{"taxonomy":"product_tag","embeddable":true,"href":"https:\/\/shop.kustom.ch\/it\/wp-json\/wp\/v2\/product_tag?post=641933"}],"curies":[{"name":"wp","href":"https:\/\/api.w.org\/{rel}","templated":true}]}}