{"id":640497,"date":"2025-03-22T04:09:55","date_gmt":"2025-03-22T03:09:55","guid":{"rendered":"https:\/\/shop.kustom.ch\/?post_type=product&#038;p=640497"},"modified":"2026-03-27T15:59:27","modified_gmt":"2026-03-27T14:59:27","slug":"ultra-trail-2-w","status":"publish","type":"product","link":"https:\/\/shop.kustom.ch\/it\/prodotto\/ultra-trail-2-w\/","title":{"rendered":"Ultra Trail 2 W"},"content":{"rendered":"<p>L'Ultra Trail 2 \u00e8 una scarpa da speed hiking di prima classe con un'eccellente aderenza che convince su diversi terreni.<\/p>\n<p>Questa scarpa da trail tecnicamente avanzata combina un'intersuola Ud-Foam\u2122 appositamente sviluppata con una morbida soletta Ultra Rebound\u2122 per il massimo ritorno di energia e comfort. \u00c8 inoltre dotata di una suola di trazione Vibram Megagrip che stabilisce un nuovo standard in termini di aderenza e versatilit\u00e0 sui terreni pi\u00f9 difficili. Inoltre, la tomaia in nylon \u00e8 estremamente resistente, ma allo stesso tempo leggera e flessibile, e il rivestimento in TPU senza cuciture protegge i piedi dagli elementi del trail senza sacrificare la velocit\u00e0 e la sensibilit\u00e0. L'Ultra Trail 2 \u00e8 il pacchetto completo per combattere gli elementi.<\/p>\n<p>Ud Foam\u2122<br \/>\nUd Foam\u2122 \u00e8 una schiuma leggera e resistente per l'intersuola che fornisce una propulsione costante per le escursioni di velocit\u00e0 su lunghe distanze. Questa schiuma a base di EVA ha un composto chimico unico per migliorare il rimbalzo e la durata. Veloce, leggera e resistente sono le caratteristiche principali di questa schiuma per intersuola di alta qualit\u00e0.<\/p>\n<p>Suola Vibram Megagrip<br \/>\nVibram Megagrip \u00e8 una mescola di gomma ad alte prestazioni estremamente resistente che offre un'eccellente aderenza sia su superfici asciutte che bagnate. Questa innovativa suola di trazione stabilisce un nuovo standard in termini di velocit\u00e0 e versatilit\u00e0 sui terreni pi\u00f9 difficili.<\/p>\n<p>- Tomaia monopezzo in tessuto tecnico a rete, di cui 80 % realizzati con materiali riciclati<br \/>\n- Intersuola Ud-Foam\u2122: leggera, ad altissimo ritorno di energia, ultraresistente<br \/>\n- Soletta Ultra Rebound\u2122 per il massimo ritorno di energia al piede<br \/>\n- Suola di trazione Vibram Megagrip<br \/>\n- Lacci delle scarpe realizzati in materiale riciclato 100 %<br \/>\n- Schiuma del sottopiede realizzata con 30 materiali riciclati %<br \/>\n- Vestibilit\u00e0 relativamente stretta<br \/>\n- Peso: 290 g nella taglia UK5<br \/>\n- Tallone 39 mm, avampiede 29 mm, compresa la soletta.<br \/>\n- Svasatura: 10 mm<\/p>\n<p>Materiale: tomaia 59% poliestere, 37% uretani termoplastici, 3% elastan, 1% nylon, imbottitura 100% poliestere, fodera 100% poliestere, soletta 75% poliestere riciclato, 25% poliestere, soletta 100% poliestere, lacci 100% poliestere, intersuola 100% schiuma EVA, suola 100% gomma<\/p>","protected":false},"excerpt":{"rendered":"<p>Der Ultra Trail 2 ist ein erstklassiger Speed-Hiking-Schuh mit hervorragendem Grip, der auf unterschiedlichen Gel\u00e4ndeoberfl\u00e4chen \u00fcberzeugt. Dieser technisch fortschrittliche Trailschuh kombiniert eine speziell entwickelte Ud-Foam\u2122-Zwischensohle mit einer weichen Ultra Rebound\u2122-Einlegesohle f\u00fcr maximale Energier\u00fcckgabe und Komfort. Es verf\u00fcgt ausserdem \u00fcber eine Vibram-Megagrip-Traktionslaufsohle, die einen neuen Standard in puncto Griffigkeit und Vielseitigkeit auf dem h\u00e4rtesten Gel\u00e4nde setzt. [&hellip;]<\/p>\n","protected":false},"featured_media":706524,"template":"","meta":[],"product_brand":[],"product_cat":[4197],"product_tag":[],"class_list":{"0":"post-640497","1":"product","2":"type-product","3":"status-publish","4":"has-post-thumbnail","6":"product_cat-schuhe-sandalen","7":"pa_brand-craft","8":"pa_brand-type-sportswear","9":"pa_filter-color-gruen","11":"first","12":"instock","13":"sale","14":"taxable","15":"shipping-taxable","16":"purchasable","17":"product-type-variable","18":"add-to-wishlist-before_image"},"exclude_global_add_ons":[],"addons":[],"acf":[],"_links":{"self":[{"href":"https:\/\/shop.kustom.ch\/it\/wp-json\/wp\/v2\/product\/640497"}],"collection":[{"href":"https:\/\/shop.kustom.ch\/it\/wp-json\/wp\/v2\/product"}],"about":[{"href":"https:\/\/shop.kustom.ch\/it\/wp-json\/wp\/v2\/types\/product"}],"wp:featuredmedia":[{"embeddable":true,"href":"https:\/\/shop.kustom.ch\/it\/wp-json\/wp\/v2\/media\/706524"}],"wp:attachment":[{"href":"https:\/\/shop.kustom.ch\/it\/wp-json\/wp\/v2\/media?parent=640497"}],"wp:term":[{"taxonomy":"product_brand","embeddable":true,"href":"https:\/\/shop.kustom.ch\/it\/wp-json\/wp\/v2\/product_brand?post=640497"},{"taxonomy":"product_cat","embeddable":true,"href":"https:\/\/shop.kustom.ch\/it\/wp-json\/wp\/v2\/product_cat?post=640497"},{"taxonomy":"product_tag","embeddable":true,"href":"https:\/\/shop.kustom.ch\/it\/wp-json\/wp\/v2\/product_tag?post=640497"}],"curies":[{"name":"wp","href":"https:\/\/api.w.org\/{rel}","templated":true}]}}