{"id":640460,"date":"2025-03-22T04:09:13","date_gmt":"2025-03-22T03:09:13","guid":{"rendered":"https:\/\/shop.kustom.ch\/?post_type=product&#038;p=640460"},"modified":"2026-03-27T14:01:50","modified_gmt":"2026-03-27T13:01:50","slug":"squad-go-pant-m","status":"publish","type":"product","link":"https:\/\/shop.kustom.ch\/it\/prodotto\/squad-go-pant-m\/","title":{"rendered":"Pantaloni Squad Go Pant M"},"content":{"rendered":"<p>Gli Squad Go Pants sono pantaloni da allenamento funzionali e resistenti che si adattano perfettamente al guardaroba di qualsiasi squadra.<\/p>\n<p>Questi pantaloni da squadra, versatili e resistenti, sono realizzati in tessuto di poliestere riciclato e resistente e garantiscono un eccellente trasporto dell'umidit\u00e0 durante le sessioni di allenamento pi\u00f9 intense. La vestibilit\u00e0 atletica assicura libert\u00e0 di movimento, mentre l'elastico in vita con coulisse consente una vestibilit\u00e0 personalizzata. Inoltre, i pantaloni da allenamento sono dotati di due tasche laterali e di un design chiaro e offrono ampio spazio per i loghi del club e degli sponsor.<\/p>\n<p>- Tessuto resistente in poliestere riciclato<br \/>\n- Vita elastica con coulisse<br \/>\n- Due tasche laterali<br \/>\n- Design chiaro<br \/>\n- Vestibilit\u00e0 normale<\/p>\n<p>Materiale: poliestere riciclato 100%<\/p>","protected":false},"excerpt":{"rendered":"<p>Die Squad Go Pants sind funktionelle und strapazierf\u00e4hige Trainingshosen, die perfekt in die Garderobe eines jeden Teams passen. Diese vielseitigen und langlebigen Teamwear-Hosen sind aus strapazierf\u00e4higem und recyceltem Polyestergewebe gefertigt und gew\u00e4hrleisten bei intensiven Trainingseinheiten einen hervorragenden Feuchtigkeitstransport. Eine athletische Passform sorgt f\u00fcr Bewegungsfreiheit, w\u00e4hrend ein elastischer Bund mit Kordelzug eine individuelle Passform erm\u00f6glicht. Dar\u00fcber [&hellip;]<\/p>\n","protected":false},"featured_media":482100,"template":"","meta":[],"product_brand":[],"product_cat":[4185],"product_tag":[],"class_list":{"0":"post-640460","1":"product","2":"type-product","3":"status-publish","4":"has-post-thumbnail","6":"product_cat-hosen","7":"pa_brand-craft-teamwear","8":"pa_brand-type-sportswear","9":"pa_filter-color-blau","10":"pa_filter-color-schwarz","12":"first","13":"instock","14":"sale","15":"taxable","16":"shipping-taxable","17":"purchasable","18":"product-type-variable","19":"add-to-wishlist-before_image"},"exclude_global_add_ons":[],"addons":[],"acf":[],"_links":{"self":[{"href":"https:\/\/shop.kustom.ch\/it\/wp-json\/wp\/v2\/product\/640460"}],"collection":[{"href":"https:\/\/shop.kustom.ch\/it\/wp-json\/wp\/v2\/product"}],"about":[{"href":"https:\/\/shop.kustom.ch\/it\/wp-json\/wp\/v2\/types\/product"}],"wp:featuredmedia":[{"embeddable":true,"href":"https:\/\/shop.kustom.ch\/it\/wp-json\/wp\/v2\/media\/482100"}],"wp:attachment":[{"href":"https:\/\/shop.kustom.ch\/it\/wp-json\/wp\/v2\/media?parent=640460"}],"wp:term":[{"taxonomy":"product_brand","embeddable":true,"href":"https:\/\/shop.kustom.ch\/it\/wp-json\/wp\/v2\/product_brand?post=640460"},{"taxonomy":"product_cat","embeddable":true,"href":"https:\/\/shop.kustom.ch\/it\/wp-json\/wp\/v2\/product_cat?post=640460"},{"taxonomy":"product_tag","embeddable":true,"href":"https:\/\/shop.kustom.ch\/it\/wp-json\/wp\/v2\/product_tag?post=640460"}],"curies":[{"name":"wp","href":"https:\/\/api.w.org\/{rel}","templated":true}]}}