{"id":640232,"date":"2025-03-22T04:07:17","date_gmt":"2025-03-22T03:07:17","guid":{"rendered":"https:\/\/shop.kustom.ch\/?post_type=product&#038;p=640232"},"modified":"2026-03-27T13:47:23","modified_gmt":"2026-03-27T12:47:23","slug":"rush-2-0-zip-tights-w","status":"publish","type":"product","link":"https:\/\/shop.kustom.ch\/it\/prodotto\/rush-2-0-zip-tights-w\/","title":{"rendered":"Rush 2.0 Zip Collant W"},"content":{"rendered":"<p>La calzamaglia Rush 2.0 Zip \u00e8 una calzamaglia leggera ed elastica, dotata di cerniere laterali sul fondo delle gambe che ne facilitano l'indossamento e la rimozione. Realizzata in poliestere riciclato, questa calzamaglia fa parte della nuova generazione di abbigliamento sportivo a basso impatto ambientale. Perfetta per essere marchiata con il logo del club, dello sponsor o dell'azienda.<\/p>\n<p>- Realizzato in poliestere riciclato<br \/>\n- Coulisse sull'orlo per una vestibilit\u00e0 perfetta<br \/>\n- Zip laterale all'estremit\u00e0 delle gambe<br \/>\n- Design chiaro<\/p>\n<p>Materiale: 72% poliestere riciclato, 28% elastan<\/p>","protected":false},"excerpt":{"rendered":"<p>Rush 2.0 Zip Tights sind leichte, dehnbare Strumpfhosen mit seitlichen Reissverschl\u00fcssen unten an den Beinen f\u00fcr einfaches An- und Ausziehen. Dieses aus recyceltem Polyester gefertigte Kleidungsst\u00fcck geh\u00f6rt zur neuen Generation von Sportbekleidung mit einem geringeren \u00f6kologischen Fussabdruck. Perfekt f\u00fcr das Branding mit Vereins-, Sponsoren- oder Firmenlogos. \u2022 Hergestellt aus recyceltem Polyester \u2022 Kordelzug am Saum [&hellip;]<\/p>\n","protected":false},"featured_media":478958,"template":"","meta":[],"product_brand":[],"product_cat":[4190],"product_tag":[],"class_list":{"0":"post-640232","1":"product","2":"type-product","3":"status-publish","4":"has-post-thumbnail","6":"product_cat-leggings","7":"pa_brand-craft-teamwear","8":"pa_brand-type-sportswear","9":"pa_filter-color-schwarz","11":"first","12":"instock","13":"sale","14":"taxable","15":"shipping-taxable","16":"purchasable","17":"product-type-variable","18":"add-to-wishlist-before_image"},"exclude_global_add_ons":[],"addons":[],"acf":[],"_links":{"self":[{"href":"https:\/\/shop.kustom.ch\/it\/wp-json\/wp\/v2\/product\/640232"}],"collection":[{"href":"https:\/\/shop.kustom.ch\/it\/wp-json\/wp\/v2\/product"}],"about":[{"href":"https:\/\/shop.kustom.ch\/it\/wp-json\/wp\/v2\/types\/product"}],"wp:featuredmedia":[{"embeddable":true,"href":"https:\/\/shop.kustom.ch\/it\/wp-json\/wp\/v2\/media\/478958"}],"wp:attachment":[{"href":"https:\/\/shop.kustom.ch\/it\/wp-json\/wp\/v2\/media?parent=640232"}],"wp:term":[{"taxonomy":"product_brand","embeddable":true,"href":"https:\/\/shop.kustom.ch\/it\/wp-json\/wp\/v2\/product_brand?post=640232"},{"taxonomy":"product_cat","embeddable":true,"href":"https:\/\/shop.kustom.ch\/it\/wp-json\/wp\/v2\/product_cat?post=640232"},{"taxonomy":"product_tag","embeddable":true,"href":"https:\/\/shop.kustom.ch\/it\/wp-json\/wp\/v2\/product_tag?post=640232"}],"curies":[{"name":"wp","href":"https:\/\/api.w.org\/{rel}","templated":true}]}}