{"id":640112,"date":"2025-03-22T04:06:19","date_gmt":"2025-03-22T03:06:19","guid":{"rendered":"https:\/\/shop.kustom.ch\/?post_type=product&#038;p=640112"},"modified":"2026-03-27T13:21:51","modified_gmt":"2026-03-27T12:21:51","slug":"rush-2-0-training-jacket-jr","status":"publish","type":"product","link":"https:\/\/shop.kustom.ch\/it\/prodotto\/rush-2-0-training-jacket-jr\/","title":{"rendered":"Giacca da allenamento Rush 2.0 JR"},"content":{"rendered":"<p>La Rush 2.0 Training Jacket \u00e8 una giacca funzionale per l'allenamento realizzata in un tessuto elasticizzato che garantisce un efficiente trasporto dell'umidit\u00e0 durante gli allenamenti intensivi. La versione 2.0 \u00e8 stata aggiornata con un nuovo materiale pi\u00f9 elastico per una maggiore libert\u00e0 di movimento e comfort. Realizzato in poliestere riciclato, questo capo appartiene alla nuova generazione di abbigliamento sportivo a basso impatto ambientale. La giacca \u00e8 inoltre dotata di due tasche laterali. Perfetta per essere marchiata con il logo del club, dello sponsor o dell'azienda.<\/p>\n<p>- Tessuto in poliestere riciclato<br \/>\n- Aggiornato con un nuovo materiale pi\u00f9 elastico<br \/>\n- Due tasche laterali<br \/>\n- Design chiaro<\/p>\n<p>Materiale: poliestere riciclato 100%<\/p>","protected":false},"excerpt":{"rendered":"<p>Die Rush 2.0 Training Jacket ist eine funktionelle Trainingsjacke aus einem dehnbaren, gewebten Stoff, der bei intensiven Trainingseinheiten f\u00fcr einen effizienten Feuchtigkeitstransport sorgt. Die Version 2.0 wurde mit einem neuen Material mit h\u00f6herer Elastizit\u00e4t f\u00fcr mehr Bewegungsfreiheit und mehr Komfort aktualisiert. Dieses aus recyceltem Polyester gefertigte Kleidungsst\u00fcck geh\u00f6rt zur neuen Generation von Sportbekleidung mit einem [&hellip;]<\/p>\n","protected":false},"featured_media":478870,"template":"","meta":[],"product_brand":[],"product_cat":[4186],"product_tag":[],"class_list":{"0":"post-640112","1":"product","2":"type-product","3":"status-publish","4":"has-post-thumbnail","6":"product_cat-jacken","7":"pa_brand-craft-teamwear","8":"pa_brand-type-sportswear","9":"pa_filter-color-blau","10":"pa_filter-color-gruen","11":"pa_filter-color-rot","12":"pa_filter-color-schwarz","14":"first","15":"instock","16":"sale","17":"taxable","18":"shipping-taxable","19":"purchasable","20":"product-type-variable","21":"add-to-wishlist-before_image"},"exclude_global_add_ons":[],"addons":[],"acf":[],"_links":{"self":[{"href":"https:\/\/shop.kustom.ch\/it\/wp-json\/wp\/v2\/product\/640112"}],"collection":[{"href":"https:\/\/shop.kustom.ch\/it\/wp-json\/wp\/v2\/product"}],"about":[{"href":"https:\/\/shop.kustom.ch\/it\/wp-json\/wp\/v2\/types\/product"}],"wp:featuredmedia":[{"embeddable":true,"href":"https:\/\/shop.kustom.ch\/it\/wp-json\/wp\/v2\/media\/478870"}],"wp:attachment":[{"href":"https:\/\/shop.kustom.ch\/it\/wp-json\/wp\/v2\/media?parent=640112"}],"wp:term":[{"taxonomy":"product_brand","embeddable":true,"href":"https:\/\/shop.kustom.ch\/it\/wp-json\/wp\/v2\/product_brand?post=640112"},{"taxonomy":"product_cat","embeddable":true,"href":"https:\/\/shop.kustom.ch\/it\/wp-json\/wp\/v2\/product_cat?post=640112"},{"taxonomy":"product_tag","embeddable":true,"href":"https:\/\/shop.kustom.ch\/it\/wp-json\/wp\/v2\/product_tag?post=640112"}],"curies":[{"name":"wp","href":"https:\/\/api.w.org\/{rel}","templated":true}]}}