{"id":640110,"date":"2025-03-22T04:06:19","date_gmt":"2025-03-22T03:06:19","guid":{"rendered":"https:\/\/shop.kustom.ch\/?post_type=product&#038;p=640110"},"modified":"2026-03-27T13:52:56","modified_gmt":"2026-03-27T12:52:56","slug":"rush-2-0-training-fz-pants-m","status":"publish","type":"product","link":"https:\/\/shop.kustom.ch\/it\/prodotto\/rush-2-0-training-fz-pants-m\/","title":{"rendered":"Rush 2.0 Training FZ Pantaloni M"},"content":{"rendered":"<p>I Rush 2.0 Training Full Zip Pants sono pantaloni funzionali per l'allenamento realizzati con un tessuto elastico che garantisce un efficiente trasporto dell'umidit\u00e0 durante le sessioni di allenamento intenso. La versione 2.0 \u00e8 stata aggiornata con un nuovo materiale con maggiore elasticit\u00e0 per una maggiore libert\u00e0 di movimento e comfort. Realizzato in poliestere riciclato, questo capo appartiene alla nuova generazione di abbigliamento sportivo con una minore impronta ambientale. Inoltre, i pantaloni sono dotati di due tasche laterali e di una zip laterale a tutta lunghezza per indossarli e toglierli facilmente. Perfetti per essere brandizzati con il logo del club, dello sponsor o dell'azienda.<\/p>\n<p>- Tessuto in poliestere riciclato<br \/>\n- Zip laterale a tutta lunghezza<br \/>\n- Coulisse in vita per una vestibilit\u00e0 ottimale<br \/>\n- Due tasche laterali<br \/>\n- Vestibilit\u00e0 normale<\/p>\n<p>Materiale: poliestere riciclato 100%<\/p>","protected":false},"excerpt":{"rendered":"<p>Die Rush 2.0 Training Full Zip Pants sind funktionelle Trainingshosen aus einem gewebten, dehnbaren Stoff, der bei intensiven Trainingseinheiten einen effizienten Feuchtigkeitstransport gew\u00e4hrleistet. Die Version 2.0 wurde mit einem neuen Material mit h\u00f6herer Elastizit\u00e4t f\u00fcr mehr Bewegungsfreiheit und mehr Komfort aktualisiert. Dieses aus recyceltem Polyester gefertigte Kleidungsst\u00fcck geh\u00f6rt zur neuen Generation von Sportbekleidung mit einem [&hellip;]<\/p>\n","protected":false},"featured_media":482201,"template":"","meta":[],"product_brand":[],"product_cat":[4185],"product_tag":[],"class_list":{"0":"post-640110","1":"product","2":"type-product","3":"status-publish","4":"has-post-thumbnail","6":"product_cat-hosen","7":"pa_brand-craft-teamwear","8":"pa_brand-type-sportswear","9":"pa_filter-color-schwarz","11":"first","12":"instock","13":"sale","14":"taxable","15":"shipping-taxable","16":"purchasable","17":"product-type-variable","18":"add-to-wishlist-before_image"},"exclude_global_add_ons":[],"addons":[],"acf":[],"_links":{"self":[{"href":"https:\/\/shop.kustom.ch\/it\/wp-json\/wp\/v2\/product\/640110"}],"collection":[{"href":"https:\/\/shop.kustom.ch\/it\/wp-json\/wp\/v2\/product"}],"about":[{"href":"https:\/\/shop.kustom.ch\/it\/wp-json\/wp\/v2\/types\/product"}],"wp:featuredmedia":[{"embeddable":true,"href":"https:\/\/shop.kustom.ch\/it\/wp-json\/wp\/v2\/media\/482201"}],"wp:attachment":[{"href":"https:\/\/shop.kustom.ch\/it\/wp-json\/wp\/v2\/media?parent=640110"}],"wp:term":[{"taxonomy":"product_brand","embeddable":true,"href":"https:\/\/shop.kustom.ch\/it\/wp-json\/wp\/v2\/product_brand?post=640110"},{"taxonomy":"product_cat","embeddable":true,"href":"https:\/\/shop.kustom.ch\/it\/wp-json\/wp\/v2\/product_cat?post=640110"},{"taxonomy":"product_tag","embeddable":true,"href":"https:\/\/shop.kustom.ch\/it\/wp-json\/wp\/v2\/product_tag?post=640110"}],"curies":[{"name":"wp","href":"https:\/\/api.w.org\/{rel}","templated":true}]}}