{"id":640073,"date":"2025-03-22T04:05:50","date_gmt":"2025-03-22T03:05:50","guid":{"rendered":"https:\/\/shop.kustom.ch\/?post_type=product&#038;p=640073"},"modified":"2026-03-27T13:43:02","modified_gmt":"2026-03-27T12:43:02","slug":"rush-2-0-tights-w","status":"publish","type":"product","link":"https:\/\/shop.kustom.ch\/it\/prodotto\/rush-2-0-tights-w\/","title":{"rendered":"Rush 2.0 Collant W"},"content":{"rendered":"<p>La calzamaglia Rush 2.0 \u00e8 una calzamaglia leggera ed elastica che garantisce un'efficace traspirazione e una grande libert\u00e0 di movimento durante le attivit\u00e0 fisiche intense come l'atletica e la ginnastica. La versione 2.0 \u00e8 stata aggiornata con un nuovo materiale pi\u00f9 resistente ed elasticizzato che garantisce maggiore recupero e minore trasparenza. Realizzato in poliestere riciclato, questo capo fa parte della nuova generazione di abbigliamento sportivo a basso impatto ambientale. Perfetto per il branding con i loghi di club, sponsor o aziende.<\/p>\n<p>- Realizzato in poliestere riciclato<br \/>\n- Aggiornato con un nuovo materiale pi\u00f9 resistente ed elastico<br \/>\n- Grande effetto pullback e minore trasparenza<br \/>\n- Ampio girovita per un comfort ottimale<br \/>\n- Coulisse sull'orlo per una vestibilit\u00e0 perfetta<br \/>\n- Design chiaro<\/p>\n<p>Materiale: 72% poliestere riciclato, 28% elastan<\/p>","protected":false},"excerpt":{"rendered":"<p>Rush 2.0 Tights sind leichte und elastische Strumpfhosen, die einen effizienten Feuchtigkeitstransport und grosse Bewegungsfreiheit bei intensiven k\u00f6rperlichen Aktivit\u00e4ten wie Leichtathletik und Gymnastik gew\u00e4hrleisten. Die Version 2.0 wurde mit einem neuen, st\u00e4rkeren und elastischeren Material aktualisiert, das f\u00fcr mehr R\u00fcckzug und weniger Transparenz sorgt. Dieses aus recyceltem Polyester gefertigte Kleidungsst\u00fcck geh\u00f6rt zur neuen Generation von [&hellip;]<\/p>\n","protected":false},"featured_media":478763,"template":"","meta":[],"product_brand":[],"product_cat":[4190],"product_tag":[],"class_list":{"0":"post-640073","1":"product","2":"type-product","3":"status-publish","4":"has-post-thumbnail","6":"product_cat-leggings","7":"pa_brand-craft-teamwear","8":"pa_brand-type-sportswear","9":"pa_filter-color-blau","10":"pa_filter-color-schwarz","12":"first","13":"instock","14":"sale","15":"taxable","16":"shipping-taxable","17":"purchasable","18":"product-type-variable","19":"add-to-wishlist-before_image"},"exclude_global_add_ons":[],"addons":[],"acf":[],"_links":{"self":[{"href":"https:\/\/shop.kustom.ch\/it\/wp-json\/wp\/v2\/product\/640073"}],"collection":[{"href":"https:\/\/shop.kustom.ch\/it\/wp-json\/wp\/v2\/product"}],"about":[{"href":"https:\/\/shop.kustom.ch\/it\/wp-json\/wp\/v2\/types\/product"}],"wp:featuredmedia":[{"embeddable":true,"href":"https:\/\/shop.kustom.ch\/it\/wp-json\/wp\/v2\/media\/478763"}],"wp:attachment":[{"href":"https:\/\/shop.kustom.ch\/it\/wp-json\/wp\/v2\/media?parent=640073"}],"wp:term":[{"taxonomy":"product_brand","embeddable":true,"href":"https:\/\/shop.kustom.ch\/it\/wp-json\/wp\/v2\/product_brand?post=640073"},{"taxonomy":"product_cat","embeddable":true,"href":"https:\/\/shop.kustom.ch\/it\/wp-json\/wp\/v2\/product_cat?post=640073"},{"taxonomy":"product_tag","embeddable":true,"href":"https:\/\/shop.kustom.ch\/it\/wp-json\/wp\/v2\/product_tag?post=640073"}],"curies":[{"name":"wp","href":"https:\/\/api.w.org\/{rel}","templated":true}]}}