{"id":640071,"date":"2025-03-22T04:05:50","date_gmt":"2025-03-22T03:05:50","guid":{"rendered":"https:\/\/shop.kustom.ch\/?post_type=product&#038;p=640071"},"modified":"2026-04-16T09:44:56","modified_gmt":"2026-04-16T08:44:56","slug":"rush-2-0-tights-jr","status":"publish","type":"product","link":"https:\/\/shop.kustom.ch\/it\/prodotto\/rush-2-0-tights-jr\/","title":{"rendered":"Rush 2.0 Collant JR"},"content":{"rendered":"<p>I Rush 2.0 Tights sono calzamaglie leggere ed elastiche che assicurano un efficiente trasporto dell'umidit\u00e0 e una grande libert\u00e0 di movimento durante le attivit\u00e0 fisiche intense come l'atletica e la ginnastica. Realizzata in poliestere riciclato, questa calzamaglia fa parte della nuova generazione di abbigliamento sportivo a basso impatto ambientale. Perfetta per essere marchiata con i loghi di club, sponsor o aziende.<\/p>\n<p>- Realizzato in poliestere riciclato<br \/>\n- Coulisse sull'orlo per una vestibilit\u00e0 perfetta<br \/>\n- Design semplice<\/p>\n<p>Materiale: 92% poliestere riciclato, 8% elastan<\/p>","protected":false},"excerpt":{"rendered":"<p>Rush 2.0 Tights sind leichte und elastische Strumpfhosen, die einen effizienten Feuchtigkeitstransport und grosse Bewegungsfreiheit bei intensiven k\u00f6rperlichen Aktivit\u00e4ten wie Leichtathletik und Gymnastik gew\u00e4hrleisten. Dieses aus recyceltem Polyester gefertigte Kleidungsst\u00fcck geh\u00f6rt zur neuen Generation von Sportbekleidung mit einem geringeren \u00f6kologischen Fussabdruck. Perfekt f\u00fcr das Branding mit Vereins-, Sponsoren- oder Firmenlogos. \u2022 Hergestellt aus recyceltem Polyester [&hellip;]<\/p>\n","protected":false},"featured_media":478772,"template":"","meta":[],"product_brand":[],"product_cat":[4190],"product_tag":[],"class_list":{"0":"post-640071","1":"product","2":"type-product","3":"status-publish","4":"has-post-thumbnail","6":"product_cat-leggings","7":"pa_brand-craft-teamwear","8":"pa_brand-type-sportswear","9":"pa_filter-color-schwarz","11":"first","12":"instock","13":"sale","14":"taxable","15":"shipping-taxable","16":"purchasable","17":"product-type-variable","18":"add-to-wishlist-before_image"},"exclude_global_add_ons":[],"addons":[],"acf":[],"_links":{"self":[{"href":"https:\/\/shop.kustom.ch\/it\/wp-json\/wp\/v2\/product\/640071"}],"collection":[{"href":"https:\/\/shop.kustom.ch\/it\/wp-json\/wp\/v2\/product"}],"about":[{"href":"https:\/\/shop.kustom.ch\/it\/wp-json\/wp\/v2\/types\/product"}],"wp:featuredmedia":[{"embeddable":true,"href":"https:\/\/shop.kustom.ch\/it\/wp-json\/wp\/v2\/media\/478772"}],"wp:attachment":[{"href":"https:\/\/shop.kustom.ch\/it\/wp-json\/wp\/v2\/media?parent=640071"}],"wp:term":[{"taxonomy":"product_brand","embeddable":true,"href":"https:\/\/shop.kustom.ch\/it\/wp-json\/wp\/v2\/product_brand?post=640071"},{"taxonomy":"product_cat","embeddable":true,"href":"https:\/\/shop.kustom.ch\/it\/wp-json\/wp\/v2\/product_cat?post=640071"},{"taxonomy":"product_tag","embeddable":true,"href":"https:\/\/shop.kustom.ch\/it\/wp-json\/wp\/v2\/product_tag?post=640071"}],"curies":[{"name":"wp","href":"https:\/\/api.w.org\/{rel}","templated":true}]}}