{"id":639878,"date":"2025-03-22T04:04:19","date_gmt":"2025-03-22T03:04:19","guid":{"rendered":"https:\/\/shop.kustom.ch\/?post_type=product&#038;p=639878"},"modified":"2026-03-27T13:39:20","modified_gmt":"2026-03-27T12:39:20","slug":"rush-2-0-short-tights-jr","status":"publish","type":"product","link":"https:\/\/shop.kustom.ch\/it\/prodotto\/rush-2-0-short-tights-jr\/","title":{"rendered":"Rush 2.0 Collant corto Jr"},"content":{"rendered":"<p>La calzamaglia corta Rush 2.0 \u00e8 una calzamaglia leggera ed elastica che offre un'efficace traspirazione e una grande libert\u00e0 di movimento durante le attivit\u00e0 fisiche intense come l'atletica e la ginnastica. Realizzata in poliestere riciclato, questa calzamaglia rappresenta la nuova generazione di abbigliamento sportivo progettato per ridurre l'impatto ambientale. Perfetta per essere marchiata con i loghi di club, sponsor o aziende.<\/p>\n<p>- Realizzato in poliestere riciclato<br \/>\n- Design chiaro<\/p>\n<p>Materiale: corpo: 92% poliestere riciclato, 8% elastan<\/p>","protected":false},"excerpt":{"rendered":"<p>Rush 2.0 Short Tights sind leichte und elastische Tights, die einen effizienten Feuchtigkeitstransport und grosse Bewegungsfreiheit bei intensiven k\u00f6rperlichen Aktivit\u00e4ten wie Leichtathletik und Gymnastik bieten. Dieses aus recyceltem Polyester hergestellte Kleidungsst\u00fcck repr\u00e4sentiert die neue Generation von Sportbekleidung, die darauf ausgelegt ist, den \u00f6kologischen Fussabdruck zu verringern. Perfekt f\u00fcr das Branding mit Vereins-, Sponsoren- oder Firmenlogos. [&hellip;]<\/p>\n","protected":false},"featured_media":629928,"template":"","meta":[],"product_brand":[],"product_cat":[4190],"product_tag":[],"class_list":{"0":"post-639878","1":"product","2":"type-product","3":"status-publish","4":"has-post-thumbnail","6":"product_cat-leggings","7":"pa_brand-craft-teamwear","8":"pa_brand-type-sportswear","9":"pa_filter-color-blau","10":"pa_filter-color-schwarz","12":"first","13":"instock","14":"sale","15":"taxable","16":"shipping-taxable","17":"purchasable","18":"product-type-variable","19":"add-to-wishlist-before_image"},"exclude_global_add_ons":[],"addons":[],"acf":[],"_links":{"self":[{"href":"https:\/\/shop.kustom.ch\/it\/wp-json\/wp\/v2\/product\/639878"}],"collection":[{"href":"https:\/\/shop.kustom.ch\/it\/wp-json\/wp\/v2\/product"}],"about":[{"href":"https:\/\/shop.kustom.ch\/it\/wp-json\/wp\/v2\/types\/product"}],"wp:featuredmedia":[{"embeddable":true,"href":"https:\/\/shop.kustom.ch\/it\/wp-json\/wp\/v2\/media\/629928"}],"wp:attachment":[{"href":"https:\/\/shop.kustom.ch\/it\/wp-json\/wp\/v2\/media?parent=639878"}],"wp:term":[{"taxonomy":"product_brand","embeddable":true,"href":"https:\/\/shop.kustom.ch\/it\/wp-json\/wp\/v2\/product_brand?post=639878"},{"taxonomy":"product_cat","embeddable":true,"href":"https:\/\/shop.kustom.ch\/it\/wp-json\/wp\/v2\/product_cat?post=639878"},{"taxonomy":"product_tag","embeddable":true,"href":"https:\/\/shop.kustom.ch\/it\/wp-json\/wp\/v2\/product_tag?post=639878"}],"curies":[{"name":"wp","href":"https:\/\/api.w.org\/{rel}","templated":true}]}}