{"id":639748,"date":"2025-03-22T04:03:27","date_gmt":"2025-03-22T03:03:27","guid":{"rendered":"https:\/\/shop.kustom.ch\/?post_type=product&#038;p=639748"},"modified":"2026-03-27T13:39:04","modified_gmt":"2026-03-27T12:39:04","slug":"rush-2-0-crop-top-w","status":"publish","type":"product","link":"https:\/\/shop.kustom.ch\/it\/prodotto\/rush-2-0-crop-top-w\/","title":{"rendered":"Rush 2.0 Crop Top W"},"content":{"rendered":"<p>Il Rush 2.0 Crop Top \u00e8 un top da allenamento aderente con vestibilit\u00e0 cropped che assicura un efficiente trasporto dell'umidit\u00e0 e un raffreddamento per un comfort ottimale durante l'atletica, la ginnastica e attivit\u00e0 simili. Realizzato in poliestere riciclato, questo capo fa parte della nuova generazione di abbigliamento sportivo a ridotto impatto ambientale. Il top ha un design pulito, perfetto per essere marchiato con i loghi di club, sponsor o aziende.<\/p>\n<p>- Realizzato in poliestere riciclato<br \/>\n- Materiale funzionale ed elasticizzato<br \/>\n- Corto, aderente<br \/>\n- Design chiaro<\/p>\n<p>Materiale: 72% poliestere riciclato, 28% elastan<\/p>","protected":false},"excerpt":{"rendered":"<p>Das Rush 2.0 Crop Top ist ein eng anliegendes Trainingsoberteil mit verk\u00fcrzter Passform, das einen effizienten Feuchtigkeitstransport und K\u00fchlung f\u00fcr optimalen Komfort bei Leichtathletik, Gymnastik und \u00e4hnlichen Aktivit\u00e4ten gew\u00e4hrleistet. Dieses aus recyceltem Polyester gefertigte Kleidungsst\u00fcck geh\u00f6rt zur neuen Generation von Sportbekleidung mit einem geringeren \u00f6kologischen Fussabdruck. Das Oberteil hat ein klares Design, das sich perfekt [&hellip;]<\/p>\n","protected":false},"featured_media":478697,"template":"","meta":[],"product_brand":[],"product_cat":[4202],"product_tag":[],"class_list":{"0":"post-639748","1":"product","2":"type-product","3":"status-publish","4":"has-post-thumbnail","6":"product_cat-tank-tops","7":"pa_brand-craft-teamwear","8":"pa_brand-type-sportswear","9":"pa_filter-color-blau","10":"pa_filter-color-gruen","11":"pa_filter-color-rot","12":"pa_filter-color-schwarz","13":"pa_filter-color-weiss","15":"first","16":"instock","17":"sale","18":"taxable","19":"shipping-taxable","20":"purchasable","21":"product-type-variable","22":"add-to-wishlist-before_image"},"exclude_global_add_ons":[],"addons":[],"acf":[],"_links":{"self":[{"href":"https:\/\/shop.kustom.ch\/it\/wp-json\/wp\/v2\/product\/639748"}],"collection":[{"href":"https:\/\/shop.kustom.ch\/it\/wp-json\/wp\/v2\/product"}],"about":[{"href":"https:\/\/shop.kustom.ch\/it\/wp-json\/wp\/v2\/types\/product"}],"wp:featuredmedia":[{"embeddable":true,"href":"https:\/\/shop.kustom.ch\/it\/wp-json\/wp\/v2\/media\/478697"}],"wp:attachment":[{"href":"https:\/\/shop.kustom.ch\/it\/wp-json\/wp\/v2\/media?parent=639748"}],"wp:term":[{"taxonomy":"product_brand","embeddable":true,"href":"https:\/\/shop.kustom.ch\/it\/wp-json\/wp\/v2\/product_brand?post=639748"},{"taxonomy":"product_cat","embeddable":true,"href":"https:\/\/shop.kustom.ch\/it\/wp-json\/wp\/v2\/product_cat?post=639748"},{"taxonomy":"product_tag","embeddable":true,"href":"https:\/\/shop.kustom.ch\/it\/wp-json\/wp\/v2\/product_tag?post=639748"}],"curies":[{"name":"wp","href":"https:\/\/api.w.org\/{rel}","templated":true}]}}