{"id":639704,"date":"2025-03-22T04:02:55","date_gmt":"2025-03-22T03:02:55","guid":{"rendered":"https:\/\/shop.kustom.ch\/?post_type=product&#038;p=639704"},"modified":"2026-03-27T14:35:35","modified_gmt":"2026-03-27T13:35:35","slug":"rush-2-0-brief-w","status":"publish","type":"product","link":"https:\/\/shop.kustom.ch\/it\/prodotto\/rush-2-0-brief-w\/","title":{"rendered":"Rush 2.0 Breve W"},"content":{"rendered":"<p>I Rush 2.0 Briefs sono slip sportivi leggeri ed elasticizzati che offrono un efficiente trasporto dell'umidit\u00e0 e una grande libert\u00e0 di movimento durante attivit\u00e0 fisiche intense come atletica, ginnastica e corsa.<\/p>\n<p>La versione 2.0 \u00e8 stata aggiornata con un nuovo materiale pi\u00f9 resistente ed elasticizzato che offre maggiore recupero e minore trasparenza. Realizzato in poliestere riciclato, questo capo rappresenta la nuova generazione di abbigliamento sportivo progettato per ridurre l'impatto ambientale. Perfetto per essere marchiato con i loghi di club, sponsor o aziende.<\/p>\n<p>- Realizzato in poliestere riciclato ed elastan<br \/>\n- Aggiornato con un nuovo materiale pi\u00f9 resistente ed elastico<br \/>\n- Grande effetto pullback e minore trasparenza<br \/>\n- Ampio girovita per un comfort ottimale<br \/>\n- Coulisse in vita per una vestibilit\u00e0 ottimale<br \/>\n- Design chiaro<\/p>\n<p>Materiale: Corpo: 77% poliestere riciclato, 23% elastan. Fodera: 85% poliestere riciclato, 15% elastan<\/p>","protected":false},"excerpt":{"rendered":"<p>Rush 2.0 Briefs sind leichte und elastische Sportslips, die einen effizienten Feuchtigkeitstransport und grosse Bewegungsfreiheit bei intensiven k\u00f6rperlichen Aktivit\u00e4ten wie Leichtathletik, Gymnastik und Laufen bieten. Die Version 2.0 wurde mit einem neuen, st\u00e4rkeren und elastischeren Material aktualisiert, das mehr R\u00fcckzug und weniger Transparenz bietet. Dieses aus recyceltem Polyester hergestellte Kleidungsst\u00fcck repr\u00e4sentiert die neue Generation von [&hellip;]<\/p>\n","protected":false},"featured_media":629678,"template":"","meta":[],"product_brand":[],"product_cat":[4198],"product_tag":[],"class_list":{"0":"post-639704","1":"product","2":"type-product","3":"status-publish","4":"has-post-thumbnail","6":"product_cat-shorts","7":"pa_brand-craft-teamwear","8":"pa_brand-type-sportswear","9":"pa_filter-color-blau","10":"pa_filter-color-schwarz","12":"first","13":"instock","14":"sale","15":"taxable","16":"shipping-taxable","17":"purchasable","18":"product-type-variable","19":"add-to-wishlist-before_image"},"exclude_global_add_ons":[],"addons":[],"acf":[],"_links":{"self":[{"href":"https:\/\/shop.kustom.ch\/it\/wp-json\/wp\/v2\/product\/639704"}],"collection":[{"href":"https:\/\/shop.kustom.ch\/it\/wp-json\/wp\/v2\/product"}],"about":[{"href":"https:\/\/shop.kustom.ch\/it\/wp-json\/wp\/v2\/types\/product"}],"wp:featuredmedia":[{"embeddable":true,"href":"https:\/\/shop.kustom.ch\/it\/wp-json\/wp\/v2\/media\/629678"}],"wp:attachment":[{"href":"https:\/\/shop.kustom.ch\/it\/wp-json\/wp\/v2\/media?parent=639704"}],"wp:term":[{"taxonomy":"product_brand","embeddable":true,"href":"https:\/\/shop.kustom.ch\/it\/wp-json\/wp\/v2\/product_brand?post=639704"},{"taxonomy":"product_cat","embeddable":true,"href":"https:\/\/shop.kustom.ch\/it\/wp-json\/wp\/v2\/product_cat?post=639704"},{"taxonomy":"product_tag","embeddable":true,"href":"https:\/\/shop.kustom.ch\/it\/wp-json\/wp\/v2\/product_tag?post=639704"}],"curies":[{"name":"wp","href":"https:\/\/api.w.org\/{rel}","templated":true}]}}