{"id":639660,"date":"2025-03-22T04:02:29","date_gmt":"2025-03-22T03:02:29","guid":{"rendered":"https:\/\/shop.kustom.ch\/?post_type=product&#038;p=639660"},"modified":"2026-03-27T14:14:11","modified_gmt":"2026-03-27T13:14:11","slug":"race-day-singlet-w","status":"publish","type":"product","link":"https:\/\/shop.kustom.ch\/it\/prodotto\/race-day-singlet-w\/","title":{"rendered":"Canotta per il giorno della gara W"},"content":{"rendered":"<p>Race Day Singlet \u00e8 una tuta da corsa ad alte prestazioni che offre agli atleti d'\u00e9lite pi\u00f9 esigenti l'opportunit\u00e0 di superare i propri limiti ai massimi livelli nella corsa su lunga distanza.<\/p>\n<p>Progettata per le maratone pi\u00f9 prestigiose del mondo, questa canotta professionale \u00e8 realizzata in una maglia altamente funzionale con fessure elastiche che si espandono quando il tessuto viene stirato, garantendo un'eccezionale traspirazione e una migliore ventilazione durante la corsa intensa. Progettata per garantire le massime prestazioni, la canotta presenta anche cuciture saldate sul collo e sulle aperture delle maniche per ridurre al minimo gli sfregamenti, in modo da potersi concentrare sul ritmo e sulla forma.<\/p>\n<p>- Tessuto in jersey leggero realizzato in poliestere riciclato ed elastan<br \/>\n- Le aperture a fessura tagliate al laser nel tessuto assicurano una migliore ventilazione quando viene stirato<br \/>\n- Design Racerback<br \/>\n- Fori del manicotto scavati<br \/>\n- Le cuciture saldate al collo e al giromanica riducono al minimo gli sfregamenti<br \/>\n- Orlo sigillato in basso con nastro adesivo visibile sul retro<br \/>\n- Spacchi laterali<\/p>\n<p>Materiale: 91% poliestere riciclato, 9% elastan<\/p>","protected":false},"excerpt":{"rendered":"<p>Race Day Singlet ist ein leistungsstarkes Lauf-Singlet, das anspruchsvollen Spitzensportlern die M\u00f6glichkeit gibt, ihre Grenzen auf h\u00f6chstem Niveau im Langstreckenlauf zu \u00fcberschreiten. Dieses professionelle Singlet wurde f\u00fcr die prestigetr\u00e4chtigsten Marathons der Welt konzipiert und besteht aus einem hochfunktionellen Jersey mit elastischen Schlitz\u00f6ffnungen, die sich ausdehnen, wenn der Stoff gedehnt wird, und so f\u00fcr aussergew\u00f6hnlichen Feuchtigkeitstransport [&hellip;]<\/p>\n","protected":false},"featured_media":629657,"template":"","meta":[],"product_brand":[],"product_cat":[4202],"product_tag":[],"class_list":{"0":"post-639660","1":"product","2":"type-product","3":"status-publish","4":"has-post-thumbnail","6":"product_cat-tank-tops","7":"pa_brand-craft-retail-sportswear","8":"pa_brand-type-sportswear","9":"pa_filter-color-weiss","11":"first","12":"instock","13":"sale","14":"taxable","15":"shipping-taxable","16":"purchasable","17":"product-type-variable","18":"add-to-wishlist-before_image"},"exclude_global_add_ons":[],"addons":[],"acf":[],"_links":{"self":[{"href":"https:\/\/shop.kustom.ch\/it\/wp-json\/wp\/v2\/product\/639660"}],"collection":[{"href":"https:\/\/shop.kustom.ch\/it\/wp-json\/wp\/v2\/product"}],"about":[{"href":"https:\/\/shop.kustom.ch\/it\/wp-json\/wp\/v2\/types\/product"}],"wp:featuredmedia":[{"embeddable":true,"href":"https:\/\/shop.kustom.ch\/it\/wp-json\/wp\/v2\/media\/629657"}],"wp:attachment":[{"href":"https:\/\/shop.kustom.ch\/it\/wp-json\/wp\/v2\/media?parent=639660"}],"wp:term":[{"taxonomy":"product_brand","embeddable":true,"href":"https:\/\/shop.kustom.ch\/it\/wp-json\/wp\/v2\/product_brand?post=639660"},{"taxonomy":"product_cat","embeddable":true,"href":"https:\/\/shop.kustom.ch\/it\/wp-json\/wp\/v2\/product_cat?post=639660"},{"taxonomy":"product_tag","embeddable":true,"href":"https:\/\/shop.kustom.ch\/it\/wp-json\/wp\/v2\/product_tag?post=639660"}],"curies":[{"name":"wp","href":"https:\/\/api.w.org\/{rel}","templated":true}]}}