{"id":639638,"date":"2025-03-22T04:02:21","date_gmt":"2025-03-22T03:02:21","guid":{"rendered":"https:\/\/shop.kustom.ch\/?post_type=product&#038;p=639638"},"modified":"2026-03-27T15:57:53","modified_gmt":"2026-03-27T14:57:53","slug":"pure-trail-x-w","status":"publish","type":"product","link":"https:\/\/shop.kustom.ch\/it\/prodotto\/pure-trail-x-w\/","title":{"rendered":"Pure Trail X W"},"content":{"rendered":"<p>Pure Trail X \u00e8 una scarpa da trail running stabile e resistente, progettata per le lunghe distanze su una variet\u00e0 di terreni.<\/p>\n<p>Questa scarpa da trail running ad alte prestazioni \u00e8 dotata di intersuola Cr Foam\u2122 e offre un'eccezionale ammortizzazione, stabilit\u00e0 e un ritorno di energia esplosivo, riducendo al minimo il peso. La scarpa \u00e8 sinonimo di semplicit\u00e0 avanzata ed \u00e8 dotata di una placca rocciosa esposta per la protezione dalle rocce e di una maggiore stabilit\u00e0 sotto il mesopiede e l'avampiede. La suola ad alta trazione \u00e8 progettata per un uso versatile in fuoristrada, mentre la tomaia \u00e8 realizzata in poliestere ripstop e rinforzata con TPU resistente nelle aree ad alta usura per un'eccellente resistenza agli strappi.  Questa scarpa \u00e8 un vero esempio di innovazione e offre ai corridori prestazioni e comfort di prima classe.<\/p>\n<p>Cr Foam\u2122<br \/>\nCr Foam\u2122 \u00e8 una schiuma ultraleggera per l'intersuola realizzata con materiali pregiati che garantisce un eccellente ritorno di energia e una corsa morbida come un cuscino su una variet\u00e0 di terreni. La schiuma \u00e8 prodotta con una tecnologia avanzata che prevede un processo atossico in cui non vengono aggiunte sostanze chimiche alle materie prime. Inoltre, gli elementi sono completamente integrati ad alta temperatura e pressione, migliorando le propriet\u00e0 della schiuma e ottenendo un livello superiore di prestazioni. <\/p>\n<p>- Tomaia in poliestere Ripstop realizzata con 50 materiali riciclati %<br \/>\n- Intersuola in Cr-Foam\u2122 - ultraleggera, ad altissimo rimbalzo, processo supercritico<br \/>\n- La suola in gomma resistente con battistrada offre un'eccellente trazione e aderenza senza appesantire.<br \/>\n- Piastra rocciosa esposta sotto il mesopiede e l'avampiede<br \/>\n- Lacci delle scarpe realizzati in materiale riciclato 100 %<br \/>\n- Peso: 280 g nella taglia UK5<br \/>\n- Tacco 36 mm, avampiede 30 mm incl. soletta<br \/>\n- Svasatura 6 mm<\/p>\n<p>Materiale: Intersuola 100% in schiuma EVA, Suola 100% in gomma, Tomaia 46% in poliestere riciclato, 46% in poliestere, 8% in poliuretano<\/p>","protected":false},"excerpt":{"rendered":"<p>Pure Trail X ist ein langlebiger und stabiler Trailrunning-Schuh, der f\u00fcr Langstreckenleistung auf unterschiedlichem Gel\u00e4nde konzipiert ist. Dieser leistungsstarke Trailrunning-Schuh ist mit einer Zwischensohle aus Cr Foam\u2122 ausgestattet und bietet aussergew\u00f6hnliche D\u00e4mpfung, Stabilit\u00e4t und explosive Energier\u00fcckgabe bei gleichzeitig minimalem Gewicht. Der Schuh steht f\u00fcr fortschrittliche Schlichtheit und verf\u00fcgt \u00fcber eine freiliegende Rock Plate zum Schutz [&hellip;]<\/p>\n","protected":false},"featured_media":706500,"template":"","meta":[],"product_brand":[],"product_cat":[4197],"product_tag":[],"class_list":{"0":"post-639638","1":"product","2":"type-product","3":"status-publish","4":"has-post-thumbnail","6":"product_cat-schuhe-sandalen","7":"pa_brand-craft","8":"pa_brand-type-sportswear","9":"pa_filter-color-blau","10":"pa_filter-color-braun","11":"pa_filter-color-grau","12":"pa_filter-color-schwarz","13":"pa_filter-color-weiss","15":"first","16":"instock","17":"sale","18":"taxable","19":"shipping-taxable","20":"purchasable","21":"product-type-variable","22":"add-to-wishlist-before_image"},"exclude_global_add_ons":[],"addons":[],"acf":[],"_links":{"self":[{"href":"https:\/\/shop.kustom.ch\/it\/wp-json\/wp\/v2\/product\/639638"}],"collection":[{"href":"https:\/\/shop.kustom.ch\/it\/wp-json\/wp\/v2\/product"}],"about":[{"href":"https:\/\/shop.kustom.ch\/it\/wp-json\/wp\/v2\/types\/product"}],"wp:featuredmedia":[{"embeddable":true,"href":"https:\/\/shop.kustom.ch\/it\/wp-json\/wp\/v2\/media\/706500"}],"wp:attachment":[{"href":"https:\/\/shop.kustom.ch\/it\/wp-json\/wp\/v2\/media?parent=639638"}],"wp:term":[{"taxonomy":"product_brand","embeddable":true,"href":"https:\/\/shop.kustom.ch\/it\/wp-json\/wp\/v2\/product_brand?post=639638"},{"taxonomy":"product_cat","embeddable":true,"href":"https:\/\/shop.kustom.ch\/it\/wp-json\/wp\/v2\/product_cat?post=639638"},{"taxonomy":"product_tag","embeddable":true,"href":"https:\/\/shop.kustom.ch\/it\/wp-json\/wp\/v2\/product_tag?post=639638"}],"curies":[{"name":"wp","href":"https:\/\/api.w.org\/{rel}","templated":true}]}}