{"id":639597,"date":"2025-03-22T04:02:05","date_gmt":"2025-03-22T03:02:05","guid":{"rendered":"https:\/\/shop.kustom.ch\/?post_type=product&#038;p=639597"},"modified":"2026-03-27T15:57:13","modified_gmt":"2026-03-27T14:57:13","slug":"pure-trail-pro-w","status":"publish","type":"product","link":"https:\/\/shop.kustom.ch\/it\/prodotto\/pure-trail-pro-w\/","title":{"rendered":"Pure Trail PRO W"},"content":{"rendered":"<p>Der Pure Trail Pro ist ein leistungsstarker Trailrunning-Schuh mit einer Vittoria-Aussensohle, der f\u00fcr Hochgeschwindigkeitsabfahrten und anspruchsvolles, schlammiges Gel\u00e4nde in den Alpen konzipiert ist.<\/p>\n<p>Dieser technisch fortschrittliche Trailrunning-Schuh verf\u00fcgt \u00fcber eine Cr-Foam Pro\u2122-Zwischensohle mit 15 % PEBA, die eine hervorragende Kombination aus D\u00e4mpfung, Stabilit\u00e4t und explosiver R\u00fcckfederung bietet. Dar\u00fcber hinaus wurde die griffige HyperGrip-Aussensohle des Schuhs in Zusammenarbeit mit Vittoria entwickelt und bietet hervorragenden Halt auf jedem Gel\u00e4nde. Der Schuh besteht aus einem reissfesten Obermaterial aus Polyester-Ripstop, das f\u00fcr eine l\u00e4ngere Lebensdauer mit TPU verst\u00e4rkt ist, und ist f\u00fcr alle gedacht, welche die Trails mit hoher Geschwindigkeit erobern m\u00f6chten. Dieser Schuh ist ideal f\u00fcr anspruchsvolle alpine Marathons und eignet sich hervorragend f\u00fcr regnerische Bedingungen, schnelle Abfahrten und das Durchqueren von Fl\u00fcssen und B\u00e4chen.<\/p>\n<p>Cr Foam Pro\u2122<br \/>\nCr Foam Pro\u2122 \u00e8 una schiuma ultraleggera per l'intersuola arricchita con superfoam PEBA (15 %) per fornire un eccellente ritorno di energia e una sensazione di comfort su una variet\u00e0 di terreni. La schiuma \u00e8 prodotta con una tecnologia avanzata che prevede un processo atossico in cui non vengono aggiunte sostanze chimiche alle materie prime. Inoltre, gli elementi sono completamente integrati ad alta temperatura e pressione, migliorando le propriet\u00e0 della schiuma e ottenendo un livello superiore di prestazioni. Il risultato \u00e8 una schiuma professionale per l'intersuola che consente prestazioni di punta.<\/p>\n<p>Vittoria-Aussensohle inspiriert von Syerra<br \/>\nDiese Hightech-Aussensohle verf\u00fcgt \u00fcber ein Profil, das so beabstandet, geformt und geriffelt ist, dass es auf Anstiegen, Felsen und Wurzeln Halt findet, und bietet aussergew\u00f6hnlichen Grip in anspruchsvollem Gel\u00e4nde und bei Hochgeschwindigkeitsabfahrten. Entwickelt in Zusammenarbeit mit dem Weltklasse-Fahrradreifenhersteller Vittoria und inspiriert vom verst\u00e4rkten Rennreifen Syerra.<\/p>\n<p>- Materiale della tomaia in resistente poliestere ripstop<br \/>\n- Intersuola Cr-Foam Pro\u2122 con 15 PEBA % per un'ammortizzazione reattiva<br \/>\n\u2022 Vittoria-Aussensohle mit hoher Traktion, inspiriert vom Syerra-Reifen<br \/>\n\u2022 Ortholite\u2122-Einlegesohle mit hoher R\u00fcckfederung aus 30 % recycelten Materialien<br \/>\n- Rinforzi in TPU nelle aree critiche<br \/>\n\u2022 Craft-Normalschnitt<br \/>\n- Peso: 254 g nella taglia UK5<br \/>\n- Tacco 36 mm, avampiede 30 mm incl. soletta<br \/>\n- Svasatura: 6 mm<\/p>\n<p>Materiale: Tomaia: 100% Uretano termoplastico. Intersuola: 100% EVA in schiuma supercritica. Suola: 100% gomma. Soletta: 20% poliestere, 80% poliestere riciclato.<\/p>","protected":false},"excerpt":{"rendered":"<p>Der Pure Trail Pro ist ein leistungsstarker Trailrunning-Schuh mit einer Vittoria-Aussensohle, der f\u00fcr Hochgeschwindigkeitsabfahrten und anspruchsvolles, schlammiges Gel\u00e4nde in den Alpen konzipiert ist. Dieser technisch fortschrittliche Trailrunning-Schuh verf\u00fcgt \u00fcber eine Cr-Foam Pro\u2122-Zwischensohle mit 15 % PEBA, die eine hervorragende Kombination aus D\u00e4mpfung, Stabilit\u00e4t und explosiver R\u00fcckfederung bietet. Dar\u00fcber hinaus wurde die griffige HyperGrip-Aussensohle des Schuhs [&hellip;]<\/p>\n","protected":false},"featured_media":706511,"template":"","meta":[],"product_brand":[],"product_cat":[4197],"product_tag":[],"class_list":{"0":"post-639597","1":"product","2":"type-product","3":"status-publish","4":"has-post-thumbnail","6":"product_cat-schuhe-sandalen","7":"pa_brand-craft","8":"pa_brand-type-sportswear","9":"pa_filter-color-blau","10":"pa_filter-color-braun","11":"pa_filter-color-rot","12":"pa_filter-color-schwarz","14":"first","15":"instock","16":"sale","17":"taxable","18":"shipping-taxable","19":"purchasable","20":"product-type-variable","21":"add-to-wishlist-before_image"},"exclude_global_add_ons":[],"addons":[],"acf":[],"_links":{"self":[{"href":"https:\/\/shop.kustom.ch\/it\/wp-json\/wp\/v2\/product\/639597"}],"collection":[{"href":"https:\/\/shop.kustom.ch\/it\/wp-json\/wp\/v2\/product"}],"about":[{"href":"https:\/\/shop.kustom.ch\/it\/wp-json\/wp\/v2\/types\/product"}],"wp:featuredmedia":[{"embeddable":true,"href":"https:\/\/shop.kustom.ch\/it\/wp-json\/wp\/v2\/media\/706511"}],"wp:attachment":[{"href":"https:\/\/shop.kustom.ch\/it\/wp-json\/wp\/v2\/media?parent=639597"}],"wp:term":[{"taxonomy":"product_brand","embeddable":true,"href":"https:\/\/shop.kustom.ch\/it\/wp-json\/wp\/v2\/product_brand?post=639597"},{"taxonomy":"product_cat","embeddable":true,"href":"https:\/\/shop.kustom.ch\/it\/wp-json\/wp\/v2\/product_cat?post=639597"},{"taxonomy":"product_tag","embeddable":true,"href":"https:\/\/shop.kustom.ch\/it\/wp-json\/wp\/v2\/product_tag?post=639597"}],"curies":[{"name":"wp","href":"https:\/\/api.w.org\/{rel}","templated":true}]}}