{"id":639551,"date":"2025-03-22T04:01:50","date_gmt":"2025-03-22T03:01:50","guid":{"rendered":"https:\/\/shop.kustom.ch\/?post_type=product&#038;p=639551"},"modified":"2026-03-27T16:02:57","modified_gmt":"2026-03-27T15:02:57","slug":"pure-trail-hydro-m","status":"publish","type":"product","link":"https:\/\/shop.kustom.ch\/it\/prodotto\/pure-trail-hydro-m\/","title":{"rendered":"Pure Trail Hydro M"},"content":{"rendered":"<p>Pure Trail Hydro ist ein wasserdichter Trailschuh, der zum Wandern und f\u00fcr den t\u00e4glichen Gebrauch unter nassen und rauen Bedingungen entwickelt wurde. <\/p>\n<p>Dieser strapazierf\u00e4hige Schuh verf\u00fcgt \u00fcber eine wasserdichte Membran im Obermaterial, die Schutz vor Schlamm und Wasser bietet und ihn zur idealen Wahl f\u00fcr eine Vielzahl von Alltagsaktivit\u00e4ten macht. Es ist mit einer durchgehenden Cr-Foam\u2122-Zwischensohle ausgestattet, die hervorragende D\u00e4mpfung, Stabilit\u00e4t und Energier\u00fcckgabe bietet und gleichzeitig das Gewicht auf ein Minimum reduziert. Der Schuh steht f\u00fcr fortschrittliche Schlichtheit und verf\u00fcgt \u00fcber eine freiliegende Rock Plate zum Schutz vor Steinen sowie f\u00fcr h\u00f6here Stabilit\u00e4t unter dem Mittelfuss und dem Vorderfuss. Dar\u00fcber hinaus bietet die Aussensohle mit voller Traktion aussergew\u00f6hnlichen Halt in anspruchsvollen Umgebungen. Dar\u00fcber hinaus besteht das Obermaterial aus Polyamid-Ripstop f\u00fcr hervorragende Reissfestigkeit und ist in stark beanspruchten Bereichen mit strapazierf\u00e4higem TPU verst\u00e4rkt. Ein vielseitiges Muss f\u00fcr jede Garderobe.<\/p>\n<p>Cr Foam\u2122<br \/>\nCr Foam\u2122 \u00e8 una schiuma ultraleggera per l'intersuola realizzata con materiali pregiati che garantisce un eccellente ritorno di energia e una corsa morbida come un cuscino su una variet\u00e0 di terreni. La schiuma \u00e8 prodotta con una tecnologia avanzata che prevede un processo atossico in cui non vengono aggiunte sostanze chimiche alle materie prime. Inoltre, gli elementi sono completamente integrati ad alta temperatura e pressione, migliorando le propriet\u00e0 della schiuma e ottenendo un livello superiore di prestazioni. <\/p>\n<p>\u2022 Obermaterial aus Ripstop-Polyamid mit wasserdichter Membran, hergestellt aus 50 % recycelten Materialien<br \/>\n- Intersuola in Cr-Foam\u2122 - ultraleggera, ad altissimo rimbalzo, processo supercritico<br \/>\n- La suola in gomma resistente con battistrada offre un'eccellente trazione e aderenza senza appesantire.<br \/>\n\u2022 Freiliegende Rock Plate unter dem Mittelfuss und Vorfuss<br \/>\n- Lacci delle scarpe realizzati in materiale riciclato 100 %<br \/>\n- Vestibilit\u00e0 relativamente stretta<br \/>\n\u2022 Gewicht: 385 g in Gr\u00f6sse UK8<br \/>\n- Tacco 36 mm, avampiede 30 mm incl. soletta<br \/>\n- Svasatura 6 mm<\/p>\n<p>Material: Upper 92% Polyester,8% Polyurethan, Midsole 100% EVA Foam, Outsole 100% Rubber<\/p>","protected":false},"excerpt":{"rendered":"<p>Pure Trail Hydro ist ein wasserdichter Trailschuh, der zum Wandern und f\u00fcr den t\u00e4glichen Gebrauch unter nassen und rauen Bedingungen entwickelt wurde. Dieser strapazierf\u00e4hige Schuh verf\u00fcgt \u00fcber eine wasserdichte Membran im Obermaterial, die Schutz vor Schlamm und Wasser bietet und ihn zur idealen Wahl f\u00fcr eine Vielzahl von Alltagsaktivit\u00e4ten macht. Es ist mit einer durchgehenden [&hellip;]<\/p>\n","protected":false},"featured_media":706516,"template":"","meta":[],"product_brand":[],"product_cat":[4197],"product_tag":[],"class_list":{"0":"post-639551","1":"product","2":"type-product","3":"status-publish","4":"has-post-thumbnail","6":"product_cat-schuhe-sandalen","7":"pa_brand-craft","8":"pa_brand-type-sportswear","9":"pa_filter-color-schwarz","11":"first","12":"instock","13":"sale","14":"taxable","15":"shipping-taxable","16":"purchasable","17":"product-type-variable","18":"add-to-wishlist-before_image"},"exclude_global_add_ons":[],"addons":[],"acf":[],"_links":{"self":[{"href":"https:\/\/shop.kustom.ch\/it\/wp-json\/wp\/v2\/product\/639551"}],"collection":[{"href":"https:\/\/shop.kustom.ch\/it\/wp-json\/wp\/v2\/product"}],"about":[{"href":"https:\/\/shop.kustom.ch\/it\/wp-json\/wp\/v2\/types\/product"}],"wp:featuredmedia":[{"embeddable":true,"href":"https:\/\/shop.kustom.ch\/it\/wp-json\/wp\/v2\/media\/706516"}],"wp:attachment":[{"href":"https:\/\/shop.kustom.ch\/it\/wp-json\/wp\/v2\/media?parent=639551"}],"wp:term":[{"taxonomy":"product_brand","embeddable":true,"href":"https:\/\/shop.kustom.ch\/it\/wp-json\/wp\/v2\/product_brand?post=639551"},{"taxonomy":"product_cat","embeddable":true,"href":"https:\/\/shop.kustom.ch\/it\/wp-json\/wp\/v2\/product_cat?post=639551"},{"taxonomy":"product_tag","embeddable":true,"href":"https:\/\/shop.kustom.ch\/it\/wp-json\/wp\/v2\/product_tag?post=639551"}],"curies":[{"name":"wp","href":"https:\/\/api.w.org\/{rel}","templated":true}]}}