{"id":639533,"date":"2025-03-22T04:00:35","date_gmt":"2025-03-22T03:00:35","guid":{"rendered":"https:\/\/shop.kustom.ch\/?post_type=product&#038;p=639533"},"modified":"2026-03-27T13:32:33","modified_gmt":"2026-03-27T12:32:33","slug":"progress-2-0-contrast-sock-w-o-foot","status":"publish","type":"product","link":"https:\/\/shop.kustom.ch\/it\/prodotto\/progress-2-0-contrast-sock-w-o-foot\/","title":{"rendered":"Progress 2.0 Calzino a contrasto W-O Foot"},"content":{"rendered":"<p>Il Progress 2.0 Contrast Sock \u00e8 un calzino senza piede per partite e allenamenti, progettato per portare voi e i vostri compagni di squadra a un livello superiore. Realizzato in un tessuto funzionale, resistente ed elastico, il calzino offre un'ottima vestibilit\u00e0 e mantiene i piedi asciutti durante le attivit\u00e0 pi\u00f9 intense. Presenta inoltre inserti in maglia strategicamente posizionati per mantenere i parastinchi in posizione e polsini a coste ripiegabili.<\/p>\n<p>Materiale: 80% poliestere riciclato, 20% elastan<\/p>","protected":false},"excerpt":{"rendered":"<p>Die Progress 2.0 Contrast Sock ohne Fuss ist eine fusslose Spiel- und Trainingssocke, die Sie und Ihre Teamkollegen auf die n\u00e4chste Stufe bringen soll. Hergestellt aus einem funktionalen, strapazierf\u00e4higen und dehnbaren Stoff, bietet die Socke eine hervorragende Passform und h\u00e4lt Ihre F\u00fcsse w\u00e4hrend intensiver Aktivit\u00e4ten trocken. Sie verf\u00fcgt auch \u00fcber strategisch platzierte gestrickte Eins\u00e4tze, die [&hellip;]<\/p>\n","protected":false},"featured_media":629432,"template":"","meta":[],"product_brand":[],"product_cat":[4199],"product_tag":[],"class_list":{"0":"post-639533","1":"product","2":"type-product","3":"status-publish","4":"has-post-thumbnail","6":"product_cat-socken","7":"pa_brand-craft-teamwear","8":"pa_brand-type-sportswear","9":"pa_filter-color-blau","10":"pa_filter-color-gruen","11":"pa_filter-color-orange","12":"pa_filter-color-rot","13":"pa_filter-color-schwarz","14":"pa_filter-color-weiss","16":"first","17":"instock","18":"sale","19":"taxable","20":"shipping-taxable","21":"purchasable","22":"product-type-variable","23":"add-to-wishlist-before_image"},"exclude_global_add_ons":[],"addons":[],"acf":[],"_links":{"self":[{"href":"https:\/\/shop.kustom.ch\/it\/wp-json\/wp\/v2\/product\/639533"}],"collection":[{"href":"https:\/\/shop.kustom.ch\/it\/wp-json\/wp\/v2\/product"}],"about":[{"href":"https:\/\/shop.kustom.ch\/it\/wp-json\/wp\/v2\/types\/product"}],"wp:featuredmedia":[{"embeddable":true,"href":"https:\/\/shop.kustom.ch\/it\/wp-json\/wp\/v2\/media\/629432"}],"wp:attachment":[{"href":"https:\/\/shop.kustom.ch\/it\/wp-json\/wp\/v2\/media?parent=639533"}],"wp:term":[{"taxonomy":"product_brand","embeddable":true,"href":"https:\/\/shop.kustom.ch\/it\/wp-json\/wp\/v2\/product_brand?post=639533"},{"taxonomy":"product_cat","embeddable":true,"href":"https:\/\/shop.kustom.ch\/it\/wp-json\/wp\/v2\/product_cat?post=639533"},{"taxonomy":"product_tag","embeddable":true,"href":"https:\/\/shop.kustom.ch\/it\/wp-json\/wp\/v2\/product_tag?post=639533"}],"curies":[{"name":"wp","href":"https:\/\/api.w.org\/{rel}","templated":true}]}}