{"id":639519,"date":"2025-03-22T04:00:21","date_gmt":"2025-03-22T03:00:21","guid":{"rendered":"https:\/\/shop.kustom.ch\/?post_type=product&#038;p=639519"},"modified":"2026-03-27T13:45:42","modified_gmt":"2026-03-27T12:45:42","slug":"pro-wool-merino-pant-m","status":"publish","type":"product","link":"https:\/\/shop.kustom.ch\/it\/prodotto\/pro-wool-merino-pant-m\/","title":{"rendered":"PRO Wool Merino Pant M"},"content":{"rendered":"<p>Pantaloni lunghi baselayer per sciatori esperti, realizzati in morbido misto lana merino\/poliammide\/poliestere, mantengono il corpo caldo e asciutto per tutto il giorno.<br \/>\n- Vestibilit\u00e0 stretta<br \/>\n-La lana \u00e8 un materiale naturale e mantiene l'asciutto anche quando \u00e8 umida.<br \/>\nLana merino priva di muffe<br \/>\n-La lana merino \u00e8 naturalmente inodore.<\/p>\n<p>Materiale: 77% lana merino, 23% poliestere<\/p>","protected":false},"excerpt":{"rendered":"<p>Pantaloni baselayer lunghi e avanzati realizzati in morbido misto lana merino\/poliammide\/poliestere, che mantengono il corpo caldo e asciutto per tutto il giorno. - Vestibilit\u00e0 aderente -La lana \u00e8 un materiale naturale e mantiene l'asciutto anche quando \u00e8 bagnato -Lana merino priva di zoccoli -La lana merino \u00e8 naturalmente inodore Materiale: 77% lana merino, 23% poliestere<\/p>","protected":false},"featured_media":629417,"template":"","meta":[],"product_brand":[],"product_cat":[4190,4206],"product_tag":[],"class_list":{"0":"post-639519","1":"product","2":"type-product","3":"status-publish","4":"has-post-thumbnail","6":"product_cat-leggings","7":"product_cat-underwear","8":"pa_brand-craft-retail-sportswear","9":"pa_brand-type-sportswear","10":"pa_filter-color-schwarz","12":"first","13":"instock","14":"sale","15":"taxable","16":"shipping-taxable","17":"purchasable","18":"product-type-variable","19":"add-to-wishlist-before_image"},"exclude_global_add_ons":[],"addons":[],"acf":[],"_links":{"self":[{"href":"https:\/\/shop.kustom.ch\/it\/wp-json\/wp\/v2\/product\/639519"}],"collection":[{"href":"https:\/\/shop.kustom.ch\/it\/wp-json\/wp\/v2\/product"}],"about":[{"href":"https:\/\/shop.kustom.ch\/it\/wp-json\/wp\/v2\/types\/product"}],"wp:featuredmedia":[{"embeddable":true,"href":"https:\/\/shop.kustom.ch\/it\/wp-json\/wp\/v2\/media\/629417"}],"wp:attachment":[{"href":"https:\/\/shop.kustom.ch\/it\/wp-json\/wp\/v2\/media?parent=639519"}],"wp:term":[{"taxonomy":"product_brand","embeddable":true,"href":"https:\/\/shop.kustom.ch\/it\/wp-json\/wp\/v2\/product_brand?post=639519"},{"taxonomy":"product_cat","embeddable":true,"href":"https:\/\/shop.kustom.ch\/it\/wp-json\/wp\/v2\/product_cat?post=639519"},{"taxonomy":"product_tag","embeddable":true,"href":"https:\/\/shop.kustom.ch\/it\/wp-json\/wp\/v2\/product_tag?post=639519"}],"curies":[{"name":"wp","href":"https:\/\/api.w.org\/{rel}","templated":true}]}}