{"id":639512,"date":"2025-03-22T04:00:15","date_gmt":"2025-03-22T03:00:15","guid":{"rendered":"https:\/\/shop.kustom.ch\/?post_type=product&#038;p=639512"},"modified":"2026-03-27T14:23:47","modified_gmt":"2026-03-27T13:23:47","slug":"pro-trail-subz-jacket-m","status":"publish","type":"product","link":"https:\/\/shop.kustom.ch\/it\/prodotto\/pro-trail-subz-jacket-m\/","title":{"rendered":"Giacca PRO Trail SubZ M"},"content":{"rendered":"<p>La PRO Trail SubZ Jacket \u00e8 una giacca da corsa in pile a griglia calda che consente agli appassionati di trail running di affrontare terreni impegnativi anche nelle fredde giornate invernali.<\/p>\n<p>Questa giacca da running tecnicamente avanzata e di livello professionale \u00e8 realizzata in un caldo tessuto di pile a griglia e presenta un tessuto shell ripstop antivento e idrorepellente sul davanti, sul retro e sul cappuccio. Il tessuto \u00e8 in perfetto equilibrio tra calore e traspirabilit\u00e0 ed \u00e8 dotato di jersey elasticizzato sui lati e sotto le maniche per migliorare la ventilazione. Inoltre, i polsini con fori per i pollici assicurano che i polsi rimangano protetti e caldi anche quando non si indossano i guanti. La giacca presenta anche un'apertura di ventilazione sul retro, due tasche laterali e una tasca sul petto con zip per riporre in modo sicuro chiavi, barrette energetiche e altri oggetti essenziali.<\/p>\n<p>- Tessuto in pile a griglia caldo e funzionale<br \/>\n- Tessuto shell ripstop antivento e idrorepellente su fronte, retro e cappuccio<br \/>\n- Tessuto jersey elasticizzato sui lati e sotto le maniche<br \/>\n- Apertura di ventilazione sul retro<br \/>\n- Tasca sul petto con zip<br \/>\n- Due tasche laterali<br \/>\n- Fori per i pollici all'estremit\u00e0 delle maniche<br \/>\n- Vestibilit\u00e0 regolare<\/p>\n<p>Materiale: Corpo: 96% poliestere riciclato, 4% elastan. Parte superiore del corpo: 55% poliestere, 45% poliestere riciclato. Inserti laterali: 88% poliestere riciclato, 12% elastan.<\/p>","protected":false},"excerpt":{"rendered":"<p>Die PRO Trail SubZ Jacket ist eine warme Grid-Fleece Laufjacke, die passionierten Trailrunnern erm\u00f6glicht, auch an kalten Wintertagen herausforderndes Gel\u00e4nde zu bew\u00e4ltigen. Diese technisch fortschrittliche Laufjacke der Profiklasse besteht aus einem warmen Grid-Fleece Stoff und verf\u00fcgt \u00fcber wind- und wasserabweisendes Ripstop-Shellgewebe an Front, R\u00fccken und Kapuze. Sie findet eine feine Balance zwischen W\u00e4rme und Atmungsaktivit\u00e4t [&hellip;]<\/p>\n","protected":false},"featured_media":480262,"template":"","meta":[],"product_brand":[],"product_cat":[4186],"product_tag":[],"class_list":{"0":"post-639512","1":"product","2":"type-product","3":"status-publish","4":"has-post-thumbnail","6":"product_cat-jacken","7":"pa_brand-craft-retail-sportswear","8":"pa_brand-type-sportswear","9":"pa_filter-color-schwarz","11":"first","12":"instock","13":"sale","14":"taxable","15":"shipping-taxable","16":"purchasable","17":"product-type-variable","18":"add-to-wishlist-before_image"},"exclude_global_add_ons":[],"addons":[],"acf":[],"_links":{"self":[{"href":"https:\/\/shop.kustom.ch\/it\/wp-json\/wp\/v2\/product\/639512"}],"collection":[{"href":"https:\/\/shop.kustom.ch\/it\/wp-json\/wp\/v2\/product"}],"about":[{"href":"https:\/\/shop.kustom.ch\/it\/wp-json\/wp\/v2\/types\/product"}],"wp:featuredmedia":[{"embeddable":true,"href":"https:\/\/shop.kustom.ch\/it\/wp-json\/wp\/v2\/media\/480262"}],"wp:attachment":[{"href":"https:\/\/shop.kustom.ch\/it\/wp-json\/wp\/v2\/media?parent=639512"}],"wp:term":[{"taxonomy":"product_brand","embeddable":true,"href":"https:\/\/shop.kustom.ch\/it\/wp-json\/wp\/v2\/product_brand?post=639512"},{"taxonomy":"product_cat","embeddable":true,"href":"https:\/\/shop.kustom.ch\/it\/wp-json\/wp\/v2\/product_cat?post=639512"},{"taxonomy":"product_tag","embeddable":true,"href":"https:\/\/shop.kustom.ch\/it\/wp-json\/wp\/v2\/product_tag?post=639512"}],"curies":[{"name":"wp","href":"https:\/\/api.w.org\/{rel}","templated":true}]}}