{"id":639486,"date":"2025-03-22T03:59:59","date_gmt":"2025-03-22T02:59:59","guid":{"rendered":"https:\/\/shop.kustom.ch\/?post_type=product&#038;p=639486"},"modified":"2026-04-06T17:00:29","modified_gmt":"2026-04-06T16:00:29","slug":"pro-trail-ss-tee-2-m","status":"publish","type":"product","link":"https:\/\/shop.kustom.ch\/it\/prodotto\/pro-trail-ss-tee-2-m\/","title":{"rendered":"PRO Trail SS Tee 2 M"},"content":{"rendered":"<p>PRO Trail Tee \u00e8 una maglietta da running professionale progettata per il trail running ad alta intensit\u00e0.<\/p>\n<p>Questa T-shirt da running ad alte prestazioni \u00e8 realizzata in un tessuto jersey molto leggero con struttura jacquard che offre un'eccellente ventilazione. La maglietta presenta anche spacchetti laterali per una maggiore libert\u00e0 di movimento, nonch\u00e9 estremit\u00e0 delle maniche e scollatura incollate per evitare sfregamenti. <\/p>\n<p>- Tessuto leggero in jersey con texture jacquard, realizzato in poliestere riciclato ed elastan.<br \/>\n- Fondo manica e scollatura saldati<br \/>\n- Spacchi laterali<br \/>\n- Taglio normale<\/p>\n<p>Materiale: 86% poliestere riciclato, 14% elastan<\/p>","protected":false},"excerpt":{"rendered":"<p>PRO Trail Tee ist ein professionelles Lauf-T-Shirt, das f\u00fcr hochintensives Trailrunning entwickelt wurde. Dieses leistungsstarke Lauf-T-Shirt besteht aus einem sehr leichten Jersey-Stoff mit Jacquardstruktur, der eine hervorragende Bel\u00fcftung bietet. Das T-Shirt hat ausserdem Seitenschlitze f\u00fcr mehr Bewegungsfreiheit sowie verklebte \u00c4rmelenden und einen Nackenausschnitt, um Scheuern zu vermeiden. \u2022 Leichter Jerseystoff mit Jacquardstruktur aus recyceltem Polyester [&hellip;]<\/p>\n","protected":false},"featured_media":629380,"template":"","meta":[],"product_brand":[],"product_cat":[4201],"product_tag":[],"class_list":{"0":"post-639486","1":"product","2":"type-product","3":"status-publish","4":"has-post-thumbnail","6":"product_cat-t-shirts","7":"pa_brand-craft-retail-sportswear","8":"pa_brand-type-sportswear","9":"pa_filter-color-blau","10":"pa_filter-color-braun","12":"first","13":"instock","14":"sale","15":"taxable","16":"shipping-taxable","17":"purchasable","18":"product-type-variable","19":"add-to-wishlist-before_image"},"exclude_global_add_ons":[],"addons":[],"acf":[],"_links":{"self":[{"href":"https:\/\/shop.kustom.ch\/it\/wp-json\/wp\/v2\/product\/639486"}],"collection":[{"href":"https:\/\/shop.kustom.ch\/it\/wp-json\/wp\/v2\/product"}],"about":[{"href":"https:\/\/shop.kustom.ch\/it\/wp-json\/wp\/v2\/types\/product"}],"wp:featuredmedia":[{"embeddable":true,"href":"https:\/\/shop.kustom.ch\/it\/wp-json\/wp\/v2\/media\/629380"}],"wp:attachment":[{"href":"https:\/\/shop.kustom.ch\/it\/wp-json\/wp\/v2\/media?parent=639486"}],"wp:term":[{"taxonomy":"product_brand","embeddable":true,"href":"https:\/\/shop.kustom.ch\/it\/wp-json\/wp\/v2\/product_brand?post=639486"},{"taxonomy":"product_cat","embeddable":true,"href":"https:\/\/shop.kustom.ch\/it\/wp-json\/wp\/v2\/product_cat?post=639486"},{"taxonomy":"product_tag","embeddable":true,"href":"https:\/\/shop.kustom.ch\/it\/wp-json\/wp\/v2\/product_tag?post=639486"}],"curies":[{"name":"wp","href":"https:\/\/api.w.org\/{rel}","templated":true}]}}