{"id":639440,"date":"2025-03-22T03:59:25","date_gmt":"2025-03-22T02:59:25","guid":{"rendered":"https:\/\/shop.kustom.ch\/?post_type=product&#038;p=639440"},"modified":"2026-03-27T13:32:21","modified_gmt":"2026-03-27T12:32:21","slug":"pro-nordic-race-jacket-2-w","status":"publish","type":"product","link":"https:\/\/shop.kustom.ch\/it\/prodotto\/pro-nordic-race-jacket-2-w\/","title":{"rendered":"PRO Giacca da gara nordica 2 W"},"content":{"rendered":"<p>La PRO Nordic Race Jacket 2 \u00e8 una giacca da sci ad alte prestazioni progettata per massimizzare le prestazioni nel campo dello sci da competizione.<\/p>\n<p>Questo innovativo gilet da sci nordico \u00e8 realizzato in tessuto Ventair\u00ae 3-cut elasticizzato e altamente funzionale, che offre un'eccellente protezione dagli elementi e un'efficiente gestione della temperatura corporea. Inoltre, questo gilet ad alte prestazioni \u00e8 dotato di un cappuccio con bordatura in jersey per un efficiente trasporto dell'umidit\u00e0 e di polsini nastrati sul davanti e all'estremit\u00e0 delle maniche. \u00c8 inoltre dotato di un bouton-pression sul davanti per aprire la patta per una maggiore ventilazione.<\/p>\n<p>- Tissu extensible Ventair\u00ae 3 couches coupe-vent et imperm\u00e9able (15 000 mm WP \/ 10 000 g\/m\u00b2\/24 h MVP)<br \/>\n- Dorso in jersey bross\u00e9 per un trasporto efficace dell'umidit\u00e0<br \/>\n- Colonnina in jersey con doppio rivestimento per un comfort supplementare<br \/>\n- Cure eseguite con il laser e con l'avantreno<br \/>\n- Base ed estremit\u00e0 delle maniglie per una regolazione ottimale<br \/>\n- Bocchetta di ventilazione all'avanguardia<br \/>\n- Fermeture \u00e9clair invers\u00e9e \u00e0 l'avant<br \/>\n- Due tasche con cerniera all'avantreno per l'alloggiamento sicuro di piccoli oggetti<br \/>\n- Coupe serr\u00e9e et a\u00e9rodynamique<\/p>\n<p>Materiale: Parte anteriore: poliestere riciclato 100%. Centro: poliuretano 100%. Retro: poliestere 100%. Zona superiore della schiena: 91% poliestere riciclato, 9% elastan.<\/p>","protected":false},"excerpt":{"rendered":"<p>Le PRO Nordic Race Jacket 2 est une veste de ski de haute performance con\u00e7ue pour offrir des performances maximales dans le domaine du ski de fond de comp\u00e9tition. Cette veste innovante de ski nordique est fabriqu\u00e9e en tissu Ventair\u00ae 3 couches \u00e9lastique et hautement fonctionnel, offrant une excellente protection contre les intemp\u00e9ries et une [&hellip;]<\/p>\n","protected":false},"featured_media":480293,"template":"","meta":[],"product_brand":[],"product_cat":[4186],"product_tag":[],"class_list":{"0":"post-639440","1":"product","2":"type-product","3":"status-publish","4":"has-post-thumbnail","6":"product_cat-jacken","7":"pa_brand-craft-retail-sportswear","8":"pa_brand-type-sportswear","9":"pa_filter-color-beige","10":"pa_filter-color-gruen","12":"first","13":"instock","14":"sale","15":"taxable","16":"shipping-taxable","17":"purchasable","18":"product-type-variable","19":"add-to-wishlist-before_image"},"exclude_global_add_ons":[],"addons":[],"acf":[],"_links":{"self":[{"href":"https:\/\/shop.kustom.ch\/it\/wp-json\/wp\/v2\/product\/639440"}],"collection":[{"href":"https:\/\/shop.kustom.ch\/it\/wp-json\/wp\/v2\/product"}],"about":[{"href":"https:\/\/shop.kustom.ch\/it\/wp-json\/wp\/v2\/types\/product"}],"wp:featuredmedia":[{"embeddable":true,"href":"https:\/\/shop.kustom.ch\/it\/wp-json\/wp\/v2\/media\/480293"}],"wp:attachment":[{"href":"https:\/\/shop.kustom.ch\/it\/wp-json\/wp\/v2\/media?parent=639440"}],"wp:term":[{"taxonomy":"product_brand","embeddable":true,"href":"https:\/\/shop.kustom.ch\/it\/wp-json\/wp\/v2\/product_brand?post=639440"},{"taxonomy":"product_cat","embeddable":true,"href":"https:\/\/shop.kustom.ch\/it\/wp-json\/wp\/v2\/product_cat?post=639440"},{"taxonomy":"product_tag","embeddable":true,"href":"https:\/\/shop.kustom.ch\/it\/wp-json\/wp\/v2\/product_tag?post=639440"}],"curies":[{"name":"wp","href":"https:\/\/api.w.org\/{rel}","templated":true}]}}