{"id":639411,"date":"2025-03-22T03:58:57","date_gmt":"2025-03-22T02:58:57","guid":{"rendered":"https:\/\/shop.kustom.ch\/?post_type=product&#038;p=639411"},"modified":"2026-03-27T15:12:56","modified_gmt":"2026-03-27T14:12:56","slug":"pro-hypervent-pants-2-m","status":"publish","type":"product","link":"https:\/\/shop.kustom.ch\/it\/prodotto\/pro-hypervent-pants-2-m\/","title":{"rendered":"Pantaloni PRO Hypervent 2 M"},"content":{"rendered":"<p>Questi pantaloncini da corsa tecnicamente avanzati sono realizzati in morbido e leggero jersey di poliammide riciclata che assicura un efficiente trasporto dell'umidit\u00e0 durante le corse pi\u00f9 intense. Le perforazioni sulla parte inferiore della gamba assicurano una maggiore traspirazione, mentre un cordoncino regolabile in vita garantisce una vestibilit\u00e0 perfetta. I pantaloni sono larghi e hanno una gamba con taglio a cuneo.<\/p>\n<p>- Maglia in poliammide riciclata<br \/>\n- Perforazione sulla parte inferiore della gamba per migliorare la ventilazione e il comfort<br \/>\n- Tomaia sciolta e gamba affusolata<br \/>\n- Vita elastica con coulisse regolabile<br \/>\n- Tasche laterali con cerniera per una conservazione sicura<\/p>\n<p>Materiale: poliammide 74%, elastan 26%<\/p>","protected":false},"excerpt":{"rendered":"<p>Diese technisch ausgereifte Laufhose ist aus weichem, leichtem und recyceltem Polyamid-Jersey hergestellt, der f\u00fcr einen effizienten Feuchtigkeitstransport bei intensiven L\u00e4ufen sorgt. Perforierungen am unteren Bein sorgen f\u00fcr eine verbesserte Atmungsaktivit\u00e4t, w\u00e4hrend ein verstellbarer Kordelzug in der Taille einen perfekten Sitz garantiert. Die Hose ist locker sitzend und hat ein keilf\u00f6rmig geschnittenes Bein. \u2022 Jersey aus [&hellip;]<\/p>\n","protected":false},"featured_media":629136,"template":"","meta":[],"product_brand":[],"product_cat":[4185],"product_tag":[],"class_list":{"0":"post-639411","1":"product","2":"type-product","3":"status-publish","4":"has-post-thumbnail","6":"product_cat-hosen","7":"pa_brand-craft-retail-sportswear","8":"pa_brand-type-sportswear","9":"pa_filter-color-blau","10":"pa_filter-color-schwarz","12":"first","13":"instock","14":"sale","15":"taxable","16":"shipping-taxable","17":"purchasable","18":"product-type-variable","19":"add-to-wishlist-before_image"},"exclude_global_add_ons":[],"addons":[],"acf":[],"_links":{"self":[{"href":"https:\/\/shop.kustom.ch\/it\/wp-json\/wp\/v2\/product\/639411"}],"collection":[{"href":"https:\/\/shop.kustom.ch\/it\/wp-json\/wp\/v2\/product"}],"about":[{"href":"https:\/\/shop.kustom.ch\/it\/wp-json\/wp\/v2\/types\/product"}],"wp:featuredmedia":[{"embeddable":true,"href":"https:\/\/shop.kustom.ch\/it\/wp-json\/wp\/v2\/media\/629136"}],"wp:attachment":[{"href":"https:\/\/shop.kustom.ch\/it\/wp-json\/wp\/v2\/media?parent=639411"}],"wp:term":[{"taxonomy":"product_brand","embeddable":true,"href":"https:\/\/shop.kustom.ch\/it\/wp-json\/wp\/v2\/product_brand?post=639411"},{"taxonomy":"product_cat","embeddable":true,"href":"https:\/\/shop.kustom.ch\/it\/wp-json\/wp\/v2\/product_cat?post=639411"},{"taxonomy":"product_tag","embeddable":true,"href":"https:\/\/shop.kustom.ch\/it\/wp-json\/wp\/v2\/product_tag?post=639411"}],"curies":[{"name":"wp","href":"https:\/\/api.w.org\/{rel}","templated":true}]}}