{"id":639410,"date":"2025-03-22T03:58:57","date_gmt":"2025-03-22T02:58:57","guid":{"rendered":"https:\/\/shop.kustom.ch\/?post_type=product&#038;p=639410"},"modified":"2026-03-27T14:33:33","modified_gmt":"2026-03-27T13:33:33","slug":"pro-hypervent-ls-wind-top-2-w","status":"publish","type":"product","link":"https:\/\/shop.kustom.ch\/it\/prodotto\/pro-hypervent-ls-wind-top-2-w\/","title":{"rendered":"PRO Hypervent LS Wind Top 2 W"},"content":{"rendered":"<p>Il PRO Hypervent LS Wind Top 2 \u00e8 un top da running professionale a maniche lunghe con parte anteriore antivento e parte posteriore permeabile all'aria per allenamenti ad alta intensit\u00e0 in condizioni di vento. <\/p>\n<p>- Anteriore e maniche in poliestere elasticizzato protetto dal vento e traforato<br \/>\n- Morbido jersey di poliestere sulla schiena e sotto le maniche per una maggiore ventilazione<br \/>\n- Impugnatura per il pollice<br \/>\n- Tasca con cerniera sulla spalla sinistra per riporla al sicuro<br \/>\n- Vestibilit\u00e0 normale<\/p>\n<p>Materiale: Corpo anteriore: 90% poliestere riciclato, 10% elastan. Retro: 90% poliestere riciclato, 10% elastan<\/p>","protected":false},"excerpt":{"rendered":"<p>Das PRO Hypervent LS Wind Top 2 ist ein professionelles lang\u00e4rmeliges Laufshirt mit winddichte Vorderseite und luftdurchl\u00e4ssiger R\u00fcckseite f\u00fcr hochintensives Training bei windigem Wetter. \u2022 Windgesch\u00fctzter und perforierter Stretch-Polyester vorne und an den \u00c4rmeln \u2022 Weiches Polyester-Jersey am R\u00fccken und unter den \u00c4rmeln f\u00fcr verbesserte Bel\u00fcftung \u2022 Daumengriff \u2022 Reissverschlusstasche an der linken Schulter zur [&hellip;]<\/p>\n","protected":false},"featured_media":629128,"template":"","meta":[],"product_brand":[],"product_cat":[4186,4201],"product_tag":[],"class_list":{"0":"post-639410","1":"product","2":"type-product","3":"status-publish","4":"has-post-thumbnail","6":"product_cat-jacken","7":"product_cat-t-shirts","8":"pa_brand-craft-retail-sportswear","9":"pa_brand-type-sportswear","10":"pa_filter-color-rot","12":"first","13":"instock","14":"sale","15":"taxable","16":"shipping-taxable","17":"purchasable","18":"product-type-variable","19":"add-to-wishlist-before_image"},"exclude_global_add_ons":[],"addons":[],"acf":[],"_links":{"self":[{"href":"https:\/\/shop.kustom.ch\/it\/wp-json\/wp\/v2\/product\/639410"}],"collection":[{"href":"https:\/\/shop.kustom.ch\/it\/wp-json\/wp\/v2\/product"}],"about":[{"href":"https:\/\/shop.kustom.ch\/it\/wp-json\/wp\/v2\/types\/product"}],"wp:featuredmedia":[{"embeddable":true,"href":"https:\/\/shop.kustom.ch\/it\/wp-json\/wp\/v2\/media\/629128"}],"wp:attachment":[{"href":"https:\/\/shop.kustom.ch\/it\/wp-json\/wp\/v2\/media?parent=639410"}],"wp:term":[{"taxonomy":"product_brand","embeddable":true,"href":"https:\/\/shop.kustom.ch\/it\/wp-json\/wp\/v2\/product_brand?post=639410"},{"taxonomy":"product_cat","embeddable":true,"href":"https:\/\/shop.kustom.ch\/it\/wp-json\/wp\/v2\/product_cat?post=639410"},{"taxonomy":"product_tag","embeddable":true,"href":"https:\/\/shop.kustom.ch\/it\/wp-json\/wp\/v2\/product_tag?post=639410"}],"curies":[{"name":"wp","href":"https:\/\/api.w.org\/{rel}","templated":true}]}}