{"id":639395,"date":"2025-03-22T03:58:41","date_gmt":"2025-03-22T02:58:41","guid":{"rendered":"https:\/\/shop.kustom.ch\/?post_type=product&#038;p=639395"},"modified":"2026-03-27T14:22:26","modified_gmt":"2026-03-27T13:22:26","slug":"pro-hydro-lumen-jacket-3-m","status":"publish","type":"product","link":"https:\/\/shop.kustom.ch\/it\/prodotto\/pro-hydro-lumen-jacket-3-m\/","title":{"rendered":"PRO Hydro Lumen Giacca 3 M"},"content":{"rendered":"<p>PRO Hydro Lumen Jacket 3 \u00e8 una giacca da running ad alte prestazioni, protetta dalle intemperie e con un aspetto riflettente e accattivante, sviluppata per allenamenti intensivi in condizioni di pioggia.<br \/>\nQuesta giacca da running tecnicamente avanzata \u00e8 realizzata in tessuto iridescente, antivento e impermeabile a 3 strati ed \u00e8 dotata di cuciture nastrate nelle zone esposte per una protezione ottimale dalle intemperie. Il tessuto esterno iridescente \u00e8 in grado di riflettere la luce e offre una maggiore sicurezza durante gli allenamenti, soprattutto in condizioni di scarsa illuminazione. Il capo presenta anche aperture di ventilazione sul carr\u00e9 anteriore e posteriore per garantire un'efficiente regolazione della temperatura corporea. Inoltre, la giacca \u00e8 dotata di un cappuccio impermeabile, di una coulisse elastica sull'orlo e di due tasche anteriori con cerniera per riporre al sicuro oggetti importanti come chiavi, barrette energetiche, ecc.<\/p>\n<p>- Tessuto esterno iridescente e riflettente<br \/>\n- Tessuto Ventair\u00ae a 3 strati antivento e impermeabile (WP 15.000\/MVP 10.000)<br \/>\n- Fodera in rete sul carr\u00e9<br \/>\n- Cuciture nastrate nelle aree esposte<br \/>\n- Aperture di ventilazione sul davanti e sul carr\u00e9 posteriore<br \/>\n- Cappuccio regolabile con passante elastico sul collo<br \/>\n- Coulisse elastica regolabile sull'orlo<br \/>\n- Estremit\u00e0 delle maniche elasticizzate<br \/>\n- Due tasche con zip nascoste sul davanti<br \/>\n- Dettagli riflettenti sul davanti, sulle maniche e sulla schiena<br \/>\n- Vestibilit\u00e0 regolare<\/p>\n<p>Materiale: Parte anteriore: poliestere riciclato 100%. Centro: poliuretano 100%. Retro: 100% poliestere riciclato. Fodera interna: 90% poliestere riciclato, 10% elastan.<\/p>","protected":false},"excerpt":{"rendered":"<p>PRO Hydro Lumen Jacket 3 ist eine wettergesch\u00fctzte, leistungsstarke Laufjacke mit reflektierendem, auff\u00e4lligem Erscheinungsbild, entwickelt f\u00fcr intensive Workouts bei nassem Wetter. Diese technisch fortschrittliche Laufjacke besteht aus einem irideszenten, wind- und wasserdichten 3-Lagen-Gewebe und ist mit getapten N\u00e4hten an exponierten Stellen f\u00fcr optimalen Wetterschutz ausgestattet. Das irideszente Aussengewebe ist in der Lage, Licht zu reflektieren [&hellip;]<\/p>\n","protected":false},"featured_media":480247,"template":"","meta":[],"product_brand":[],"product_cat":[4186],"product_tag":[],"class_list":{"0":"post-639395","1":"product","2":"type-product","3":"status-publish","4":"has-post-thumbnail","6":"product_cat-jacken","7":"pa_brand-craft-retail-sportswear","8":"pa_brand-type-sportswear","9":"pa_filter-color-schwarz","11":"first","12":"instock","13":"sale","14":"taxable","15":"shipping-taxable","16":"purchasable","17":"product-type-variable","18":"add-to-wishlist-before_image"},"exclude_global_add_ons":[],"addons":[],"acf":[],"_links":{"self":[{"href":"https:\/\/shop.kustom.ch\/it\/wp-json\/wp\/v2\/product\/639395"}],"collection":[{"href":"https:\/\/shop.kustom.ch\/it\/wp-json\/wp\/v2\/product"}],"about":[{"href":"https:\/\/shop.kustom.ch\/it\/wp-json\/wp\/v2\/types\/product"}],"wp:featuredmedia":[{"embeddable":true,"href":"https:\/\/shop.kustom.ch\/it\/wp-json\/wp\/v2\/media\/480247"}],"wp:attachment":[{"href":"https:\/\/shop.kustom.ch\/it\/wp-json\/wp\/v2\/media?parent=639395"}],"wp:term":[{"taxonomy":"product_brand","embeddable":true,"href":"https:\/\/shop.kustom.ch\/it\/wp-json\/wp\/v2\/product_brand?post=639395"},{"taxonomy":"product_cat","embeddable":true,"href":"https:\/\/shop.kustom.ch\/it\/wp-json\/wp\/v2\/product_cat?post=639395"},{"taxonomy":"product_tag","embeddable":true,"href":"https:\/\/shop.kustom.ch\/it\/wp-json\/wp\/v2\/product_tag?post=639395"}],"curies":[{"name":"wp","href":"https:\/\/api.w.org\/{rel}","templated":true}]}}