{"id":639358,"date":"2025-03-22T03:58:14","date_gmt":"2025-03-22T02:58:14","guid":{"rendered":"https:\/\/shop.kustom.ch\/?post_type=product&#038;p=639358"},"modified":"2026-04-20T12:24:04","modified_gmt":"2026-04-20T11:24:04","slug":"pro-hydro-lightweight-pants-m","status":"publish","type":"product","link":"https:\/\/shop.kustom.ch\/it\/prodotto\/pro-hydro-lightweight-pants-m\/","title":{"rendered":"PRO Hydro Pantaloni leggeri M"},"content":{"rendered":"<p>I pantaloni leggeri PRO Hydro sono progettati per aiutare i corridori pi\u00f9 esigenti a superare i propri limiti in tutte le condizioni, offrendo un'eccezionale protezione dalle intemperie in un pacchetto eccezionalmente leggero.<br \/>\nQuesti pantaloni ad alte prestazioni sono realizzati in un tessuto a due strati sottile ed elastico che offre un'eccezionale protezione dagli agenti atmosferici e garantisce la massima traspirabilit\u00e0. Il design leggero e minimalista assicura una grande libert\u00e0 di movimento e rende i pantaloni ideali per sessioni di allenamento ad alta intensit\u00e0 in condizioni di pioggia. Inoltre, i pantaloni presentano cuciture nastrate, una coulisse regolabile in vita e una zip all'estremit\u00e0 delle gambe per indossarli e toglierli facilmente.<\/p>\n<p>- Tessuto ultraleggero, elasticizzato, antivento e impermeabile a 2 strati (42 g\/m\u00b2) (WP 10.000\/MVP 10.000)<br \/>\n- Cuciture nastrate<br \/>\n- Vita con coulisse regolabile<br \/>\n- Fondo gamba nastrato<br \/>\n- Zip nascosta all'estremit\u00e0 delle gambe<\/p>\n<p>Materiale: Parte anteriore: poliestere riciclato 100%. Retro: poliuretano 100%<\/p>","protected":false},"excerpt":{"rendered":"<p>PRO Hydro Lightweight Pants sind konzipiert, um anspruchsvolle L\u00e4ufer dabei zu unterst\u00fctzen, ihre Grenzen unter allen Bedingungen zu \u00fcberschreiten und bieten dabei hervorragenden Wetterschutz in einem aussergew\u00f6hnlich leichten Paket. Diese hochleistungsf\u00e4hige Hose ist aus d\u00fcnnem und dehnbarem 2-Lagen-Stoff gefertigt, der aussergew\u00f6hnlichen Wetterschutz bietet und gleichzeitig maximale Atmungsaktivit\u00e4t gew\u00e4hrleistet. Ein leichtes und minimalistisches Design sorgt f\u00fcr [&hellip;]<\/p>\n","protected":false},"featured_media":480177,"template":"","meta":[],"product_brand":[],"product_cat":[4185],"product_tag":[],"class_list":{"0":"post-639358","1":"product","2":"type-product","3":"status-publish","4":"has-post-thumbnail","6":"product_cat-hosen","7":"pa_brand-craft-retail-sportswear","8":"pa_brand-type-sportswear","9":"pa_filter-color-schwarz","11":"first","12":"instock","13":"sale","14":"taxable","15":"shipping-taxable","16":"purchasable","17":"product-type-variable","18":"add-to-wishlist-before_image"},"exclude_global_add_ons":[],"addons":[],"acf":[],"_links":{"self":[{"href":"https:\/\/shop.kustom.ch\/it\/wp-json\/wp\/v2\/product\/639358"}],"collection":[{"href":"https:\/\/shop.kustom.ch\/it\/wp-json\/wp\/v2\/product"}],"about":[{"href":"https:\/\/shop.kustom.ch\/it\/wp-json\/wp\/v2\/types\/product"}],"wp:featuredmedia":[{"embeddable":true,"href":"https:\/\/shop.kustom.ch\/it\/wp-json\/wp\/v2\/media\/480177"}],"wp:attachment":[{"href":"https:\/\/shop.kustom.ch\/it\/wp-json\/wp\/v2\/media?parent=639358"}],"wp:term":[{"taxonomy":"product_brand","embeddable":true,"href":"https:\/\/shop.kustom.ch\/it\/wp-json\/wp\/v2\/product_brand?post=639358"},{"taxonomy":"product_cat","embeddable":true,"href":"https:\/\/shop.kustom.ch\/it\/wp-json\/wp\/v2\/product_cat?post=639358"},{"taxonomy":"product_tag","embeddable":true,"href":"https:\/\/shop.kustom.ch\/it\/wp-json\/wp\/v2\/product_tag?post=639358"}],"curies":[{"name":"wp","href":"https:\/\/api.w.org\/{rel}","templated":true}]}}