{"id":639356,"date":"2025-03-22T03:58:14","date_gmt":"2025-03-22T02:58:14","guid":{"rendered":"https:\/\/shop.kustom.ch\/?post_type=product&#038;p=639356"},"modified":"2026-04-16T10:09:04","modified_gmt":"2026-04-16T09:09:04","slug":"pro-hydro-jacket-3-w","status":"publish","type":"product","link":"https:\/\/shop.kustom.ch\/it\/prodotto\/pro-hydro-jacket-3-w\/","title":{"rendered":"Giacca PRO Hydro 3 W"},"content":{"rendered":"<p>La PRO Hydro Jacket 3 \u00e8 una giacca da running resistente alle intemperie e ad alte prestazioni, progettata per gli allenamenti intensivi sotto la pioggia.<\/p>\n<p>Questa giacca da running professionale \u00e8 realizzata in tessuto Ventair\u00ae impermeabile e traspirante a 3 strati ed \u00e8 dotata di cuciture nastrate nelle zone esposte per una protezione ottimale dalle intemperie. Le aperture di ventilazione sul davanti e sulla schiena assicurano inoltre un migliore raffreddamento e una regolazione ottimale della temperatura corporea durante le corse intense. La giacca \u00e8 inoltre dotata di un cappuccio impermeabile, di una coulisse elastica sull'orlo e di due tasche nascoste con cerniera sul davanti per riporre in modo sicuro chiavi, barrette energetiche, ecc.<\/p>\n<p>- Tessuto Ventair\u00ae a 3 strati antivento e impermeabile (WP 15.000\/MVP 10.000)<br \/>\n- Fodera in rete sul carr\u00e9<br \/>\n- Cuciture nastrate nelle aree esposte<br \/>\n- Aperture di ventilazione sul carr\u00e9 anteriore e posteriore<br \/>\n- Cappuccio regolabile con passante elastico sul collo<br \/>\n- Coulisse elastica regolabile sull'orlo<br \/>\n- Estremit\u00e0 delle maniche elasticizzate<br \/>\n- Due tasche con zip nascoste sul davanti<br \/>\n- Dettagli riflettenti<br \/>\n- Vestibilit\u00e0 regolare<\/p>\n<p>Materiale: Parte anteriore: poliestere riciclato 100%. Centro: poliuretano 100%. Retro: 100% poliestere riciclato. Fodera interna: 90% poliestere riciclato, 10% elastan.<\/p>","protected":false},"excerpt":{"rendered":"<p>Die PRO Hydro Jacket 3 ist eine wetterfeste, leistungsstarke Laufjacke, die f\u00fcr intensive Trainingseinheiten bei Regen konzipiert wurde. Diese professionelle Laufjacke besteht aus wasserdichtem und atmungsaktivem 3-Lagen-Ventair\u00ae-Gewebe und ist an exponierten Stellen mit getapten N\u00e4hten f\u00fcr optimalen Wetterschutz ausgestattet. Bel\u00fcftungs\u00f6ffnungen vorne und am R\u00fccken sorgen zudem f\u00fcr eine verbesserte K\u00fchlung und optimale Regulation der K\u00f6rpertemperatur [&hellip;]<\/p>\n","protected":false},"featured_media":480210,"template":"","meta":[],"product_brand":[],"product_cat":[4186],"product_tag":[],"class_list":{"0":"post-639356","1":"product","2":"type-product","3":"status-publish","4":"has-post-thumbnail","6":"product_cat-jacken","7":"pa_brand-craft-retail-sportswear","8":"pa_brand-type-sportswear","9":"pa_filter-color-grau","10":"pa_filter-color-violet","12":"first","13":"instock","14":"sale","15":"taxable","16":"shipping-taxable","17":"purchasable","18":"product-type-variable","19":"add-to-wishlist-before_image"},"exclude_global_add_ons":[],"addons":[],"acf":[],"_links":{"self":[{"href":"https:\/\/shop.kustom.ch\/it\/wp-json\/wp\/v2\/product\/639356"}],"collection":[{"href":"https:\/\/shop.kustom.ch\/it\/wp-json\/wp\/v2\/product"}],"about":[{"href":"https:\/\/shop.kustom.ch\/it\/wp-json\/wp\/v2\/types\/product"}],"wp:featuredmedia":[{"embeddable":true,"href":"https:\/\/shop.kustom.ch\/it\/wp-json\/wp\/v2\/media\/480210"}],"wp:attachment":[{"href":"https:\/\/shop.kustom.ch\/it\/wp-json\/wp\/v2\/media?parent=639356"}],"wp:term":[{"taxonomy":"product_brand","embeddable":true,"href":"https:\/\/shop.kustom.ch\/it\/wp-json\/wp\/v2\/product_brand?post=639356"},{"taxonomy":"product_cat","embeddable":true,"href":"https:\/\/shop.kustom.ch\/it\/wp-json\/wp\/v2\/product_cat?post=639356"},{"taxonomy":"product_tag","embeddable":true,"href":"https:\/\/shop.kustom.ch\/it\/wp-json\/wp\/v2\/product_tag?post=639356"}],"curies":[{"name":"wp","href":"https:\/\/api.w.org\/{rel}","templated":true}]}}