{"id":639349,"date":"2025-03-22T03:58:08","date_gmt":"2025-03-22T02:58:08","guid":{"rendered":"https:\/\/shop.kustom.ch\/?post_type=product&#038;p=639349"},"modified":"2026-03-27T14:00:15","modified_gmt":"2026-03-27T13:00:15","slug":"pro-hydration-vest","status":"publish","type":"product","link":"https:\/\/shop.kustom.ch\/it\/prodotto\/pro-hydration-vest\/","title":{"rendered":"Gilet di idratazione PRO"},"content":{"rendered":"<p>PRO Hydration Vest \u00e8 un gilet leggero per l'idratazione che migliora le prestazioni offrendo un facile accesso all'acqua e all'energia durante l'allenamento.<\/p>\n<p>Questo innovativo gilet di qualit\u00e0 professionale \u00e8 in parte gilet e in parte zaino e vi garantisce idratazione ed energia durante l'allenamento. Grazie all'ampio spazio per bottiglie d'acqua, gel energetici, snack, chiavi e telefono, non dovrete pi\u00f9 portare con voi oggetti ingombranti nelle mani o nelle tasche. Inoltre, il design ergonomico del gilet distribuisce il peso in modo uniforme sulla parte superiore del corpo, riducendo lo sforzo su braccia e spalle. Realizzato in tessuto a rete 3D ventilato e pannelli elasticizzati per una vestibilit\u00e0 confortevole, \u00e8 il compagno ideale per qualsiasi allenamento. Con cinghie elastiche regolabili sul davanti e due borracce morbide da 500 ml.<\/p>\n<p>- Tessuto a rete 3D aderente al corpo<br \/>\n- Inserti in rete elasticizzata sui lati<br \/>\n- Cinghie elastiche regolabili sul davanti<br \/>\n- Due matracci morbidi da 500 ml<br \/>\n- Zaino da 5,5 litri con chiusura a zip<br \/>\n- Due tasche anteriori su ciascun lato<br \/>\n- Doppia tasca in rete per i gel<br \/>\n- Tasca in rete a camera singola<br \/>\n- Tasca per le chiavi e tasca per il cellulare nello zaino<br \/>\n- Sistema di trasporto regolabile per i bastoncini da trekking<br \/>\n- Peso: 300 g (bottiglie incluse)<\/p>","protected":false},"excerpt":{"rendered":"<p>PRO Hydration Vest ist eine leichte Trinkweste, die Ihre Leistung steigert, indem sie Ihnen w\u00e4hrend Ihres Trainings einfachen Zugang zu Wasser und Energie bietet. Diese innovative Weste in Profiqualit\u00e4t ist teils Weste, teils Rucksack und sorgt daf\u00fcr, dass Sie w\u00e4hrend des Trainings ausreichend Fl\u00fcssigkeit und Energie haben. Dank des grossz\u00fcgigen Stauraums f\u00fcr Wasserflaschen, Energiegels, Snacks, [&hellip;]<\/p>\n","protected":false},"featured_media":628989,"template":"","meta":[],"product_brand":[],"product_cat":[4208],"product_tag":[],"class_list":{"0":"post-639349","1":"product","2":"type-product","3":"status-publish","4":"has-post-thumbnail","6":"product_cat-westen","7":"pa_brand-craft-retail-sportswear","8":"pa_brand-type-sportswear","9":"pa_filter-color-schwarz","11":"first","12":"instock","13":"sale","14":"taxable","15":"shipping-taxable","16":"purchasable","17":"product-type-variable","18":"add-to-wishlist-before_image"},"exclude_global_add_ons":[],"addons":[],"acf":[],"_links":{"self":[{"href":"https:\/\/shop.kustom.ch\/it\/wp-json\/wp\/v2\/product\/639349"}],"collection":[{"href":"https:\/\/shop.kustom.ch\/it\/wp-json\/wp\/v2\/product"}],"about":[{"href":"https:\/\/shop.kustom.ch\/it\/wp-json\/wp\/v2\/types\/product"}],"wp:featuredmedia":[{"embeddable":true,"href":"https:\/\/shop.kustom.ch\/it\/wp-json\/wp\/v2\/media\/628989"}],"wp:attachment":[{"href":"https:\/\/shop.kustom.ch\/it\/wp-json\/wp\/v2\/media?parent=639349"}],"wp:term":[{"taxonomy":"product_brand","embeddable":true,"href":"https:\/\/shop.kustom.ch\/it\/wp-json\/wp\/v2\/product_brand?post=639349"},{"taxonomy":"product_cat","embeddable":true,"href":"https:\/\/shop.kustom.ch\/it\/wp-json\/wp\/v2\/product_cat?post=639349"},{"taxonomy":"product_tag","embeddable":true,"href":"https:\/\/shop.kustom.ch\/it\/wp-json\/wp\/v2\/product_tag?post=639349"}],"curies":[{"name":"wp","href":"https:\/\/api.w.org\/{rel}","templated":true}]}}