{"id":639307,"date":"2025-03-22T03:57:01","date_gmt":"2025-03-22T02:57:01","guid":{"rendered":"https:\/\/shop.kustom.ch\/?post_type=product&#038;p=639307"},"modified":"2026-03-27T14:22:12","modified_gmt":"2026-03-27T13:22:12","slug":"pro-aerolight-jersey-m","status":"publish","type":"product","link":"https:\/\/shop.kustom.ch\/it\/prodotto\/pro-aerolight-jersey-m\/","title":{"rendered":"Maglia PRO Aerolight M"},"content":{"rendered":"<p>Questa maglia da ciclismo di qualit\u00e0 professionale \u00e8 realizzata con tessuti sottili ed eccezionalmente leggeri e presenta una rete elastica per un'eccellente ventilazione e raffreddamento durante le corse intense nelle giornate calde. Inoltre, la maglia \u00e8 dotata di punti in silicone sulle estremit\u00e0 delle maniche per mantenerla in posizione e di quattro tasche posteriori (una con zip) per riporla in modo efficiente. Quando sviluppiamo maglie da ciclismo sottilissime con una ventilazione superiore, c'\u00e8 sempre un equilibrio tra spessore e trasparenza. Per la versione di quest'anno sono stati utilizzati nuovi materiali meno trasparenti, ma comunque eccezionalmente sottili e leggeri.<\/p>\n<p>- 100 poliestere riciclato %<br \/>\n- Maniche in rete elasticizzata per la massima traspirabilit\u00e0<br \/>\n- Polsini delle maniche con bordo tagliato non rifinito<br \/>\n- Puntini in silicone sulle estremit\u00e0 dei manicotti per una vestibilit\u00e0 sicura<br \/>\n- Quattro tasche posteriori (una con zip)<br \/>\n- L'orlo posteriore elasticizzato mantiene la maglia al suo posto<br \/>\n- Vestibilit\u00e0 stretta0<\/p>\n<p>Materiale: Parte anteriore: 94% poliestere riciclato, 6% elastan. Retro: 100% poliestere riciclato. Maniche: poliestere 86%, elastan 14%.<\/p>","protected":false},"excerpt":{"rendered":"<p>Dieses Fahrradtrikot in Profiqualit\u00e4t besteht aus d\u00fcnnen und aussergew\u00f6hnlich leichten Stoffen und ist mit elastischem Mesh ausgestattet, das bei intensiven Fahrten an heissen Tagen f\u00fcr eine hervorragende Bel\u00fcftung und K\u00fchlung sorgt. Dar\u00fcber hinaus verf\u00fcgt das Trikot \u00fcber Silikonpunkte an den \u00c4rmelenden, um es an Ort und Stelle zu halten, und vier Ges\u00e4sstaschen (eine mit Reissverschluss) [&hellip;]<\/p>\n","protected":false},"featured_media":628942,"template":"","meta":[],"product_brand":[],"product_cat":[4201],"product_tag":[],"class_list":{"0":"post-639307","1":"product","2":"type-product","3":"status-publish","4":"has-post-thumbnail","6":"product_cat-t-shirts","7":"pa_brand-craft-retail-sportswear","8":"pa_brand-type-sportswear","9":"pa_filter-color-blau","10":"pa_filter-color-schwarz","12":"first","13":"instock","14":"sale","15":"taxable","16":"shipping-taxable","17":"purchasable","18":"product-type-variable","19":"add-to-wishlist-before_image"},"exclude_global_add_ons":[],"addons":[],"acf":[],"_links":{"self":[{"href":"https:\/\/shop.kustom.ch\/it\/wp-json\/wp\/v2\/product\/639307"}],"collection":[{"href":"https:\/\/shop.kustom.ch\/it\/wp-json\/wp\/v2\/product"}],"about":[{"href":"https:\/\/shop.kustom.ch\/it\/wp-json\/wp\/v2\/types\/product"}],"wp:featuredmedia":[{"embeddable":true,"href":"https:\/\/shop.kustom.ch\/it\/wp-json\/wp\/v2\/media\/628942"}],"wp:attachment":[{"href":"https:\/\/shop.kustom.ch\/it\/wp-json\/wp\/v2\/media?parent=639307"}],"wp:term":[{"taxonomy":"product_brand","embeddable":true,"href":"https:\/\/shop.kustom.ch\/it\/wp-json\/wp\/v2\/product_brand?post=639307"},{"taxonomy":"product_cat","embeddable":true,"href":"https:\/\/shop.kustom.ch\/it\/wp-json\/wp\/v2\/product_cat?post=639307"},{"taxonomy":"product_tag","embeddable":true,"href":"https:\/\/shop.kustom.ch\/it\/wp-json\/wp\/v2\/product_tag?post=639307"}],"curies":[{"name":"wp","href":"https:\/\/api.w.org\/{rel}","templated":true}]}}