{"id":639306,"date":"2025-03-22T03:57:01","date_gmt":"2025-03-22T02:57:01","guid":{"rendered":"https:\/\/shop.kustom.ch\/?post_type=product&#038;p=639306"},"modified":"2026-03-27T13:54:04","modified_gmt":"2026-03-27T12:54:04","slug":"pro-aerolight-hydro-jacket-m","status":"publish","type":"product","link":"https:\/\/shop.kustom.ch\/it\/prodotto\/pro-aerolight-hydro-jacket-m\/","title":{"rendered":"Giacca Pro Aerolight Hydro M"},"content":{"rendered":"<p>La PRO Nano Hydro Jacket \u00e8 una giacca da ciclismo estremamente leggera e impermeabile, progettata per ottenere le massime prestazioni nelle piovose giornate primaverili ed estive. I tessuti sottili ed eccezionalmente leggeri e la tecnologia body mapping garantiscono un'eccellente ventilazione e raffreddamento.<\/p>\n<p>- Tessuto a 2 strati estremamente leggero (WP 10.000\/MVP 10.000)<br \/>\n- Inserto in rete sotto le ascelle per una maggiore ventilazione<br \/>\n- Cuciture incollate<br \/>\n- Colletto sagomato sul retro<br \/>\n- L'orlo inferiore elasticizzato mantiene la giacca al suo posto<br \/>\n- Stampa e dettagli riflettenti<br \/>\n- Vestibilit\u00e0 stretta<\/p>\n<p>Materiale: maglia 2L WP\/MVP 10K\/10K<\/p>","protected":false},"excerpt":{"rendered":"<p>PRO Nano Hydro Jacket ist eine extrem leichte und wasserdichte Radjacke, die f\u00fcr Spitzenleistungen an regnerischen Fr\u00fchlings- und Sommertagen entwickelt wurde. D\u00fcnne und aussergew\u00f6hnlich leichte Stoffe und Bodymapping-Technologie sorgen f\u00fcr eine hervorragende Bel\u00fcftung und K\u00fchlung. \u2022 Extrem leichtes 2-lagiges Gewebe (WP 10.000\/MVP 10.000) \u2022 Mesh-Einsatz in den Achselh\u00f6hlen f\u00fcr verbesserte Bel\u00fcftung \u2022 Verklebte N\u00e4hte \u2022 [&hellip;]<\/p>\n","protected":false},"featured_media":628934,"template":"","meta":[],"product_brand":[],"product_cat":[4186],"product_tag":[],"class_list":{"0":"post-639306","1":"product","2":"type-product","3":"status-publish","4":"has-post-thumbnail","6":"product_cat-jacken","7":"pa_brand-craft-retail-sportswear","8":"pa_brand-type-sportswear","9":"pa_filter-color-schwarz","11":"first","12":"instock","13":"sale","14":"taxable","15":"shipping-taxable","16":"purchasable","17":"product-type-variable","18":"add-to-wishlist-before_image"},"exclude_global_add_ons":[],"addons":[],"acf":[],"_links":{"self":[{"href":"https:\/\/shop.kustom.ch\/it\/wp-json\/wp\/v2\/product\/639306"}],"collection":[{"href":"https:\/\/shop.kustom.ch\/it\/wp-json\/wp\/v2\/product"}],"about":[{"href":"https:\/\/shop.kustom.ch\/it\/wp-json\/wp\/v2\/types\/product"}],"wp:featuredmedia":[{"embeddable":true,"href":"https:\/\/shop.kustom.ch\/it\/wp-json\/wp\/v2\/media\/628934"}],"wp:attachment":[{"href":"https:\/\/shop.kustom.ch\/it\/wp-json\/wp\/v2\/media?parent=639306"}],"wp:term":[{"taxonomy":"product_brand","embeddable":true,"href":"https:\/\/shop.kustom.ch\/it\/wp-json\/wp\/v2\/product_brand?post=639306"},{"taxonomy":"product_cat","embeddable":true,"href":"https:\/\/shop.kustom.ch\/it\/wp-json\/wp\/v2\/product_cat?post=639306"},{"taxonomy":"product_tag","embeddable":true,"href":"https:\/\/shop.kustom.ch\/it\/wp-json\/wp\/v2\/product_tag?post=639306"}],"curies":[{"name":"wp","href":"https:\/\/api.w.org\/{rel}","templated":true}]}}