{"id":639029,"date":"2025-03-22T03:55:38","date_gmt":"2025-03-22T02:55:38","guid":{"rendered":"https:\/\/shop.kustom.ch\/?post_type=product&#038;p=639029"},"modified":"2026-03-27T16:05:15","modified_gmt":"2026-03-27T15:05:15","slug":"pacer-m","status":"publish","type":"product","link":"https:\/\/shop.kustom.ch\/it\/prodotto\/pacer-m\/","title":{"rendered":"Pacer M"},"content":{"rendered":"<p>La Pacer \u00e8 la nostra scarpa da corsa performante pi\u00f9 confortevole. Offre un rimbalzo e una stabilit\u00e0 eccezionali per una corsa fluida e veloce, rendendola ideale per la corsa di tutti i giorni e per gli allenamenti di recupero.<\/p>\n<p>La Pacer \u00e8 una scarpa da corsa per prestazioni avanzate, dotata di una versione pi\u00f9 morbida del famoso Px Foam\u2122 nell'intersuola per una corsa stabile, reattiva ed estremamente confortevole. La sua struttura leggera offre un'esperienza di corsa energica e rimbalzante che vi spinge in avanti a ogni passo, mentre la suola minimalista con motivo a tasselli esagonali offre un'eccellente trazione su strada per una presa sicura su una variet\u00e0 di superfici. Inoltre, la tomaia \u00e8 realizzata in un materiale leggero e traspirante che assicura una calzata confortevole e stabile. Il design elegante e la sensazione di leggerezza rendono la Pacer la scelta ideale per i runner che cercano una scarpa da corsa veloce e agile per tutti i giorni. <\/p>\n<p>Xx Schiuma\u2122<br \/>\nPx Foam\u2122 \u00e8 un materiale ultraleggero per l'intersuola caratterizzato da un eccellente ritorno di energia, assorbimento degli urti e flessibilit\u00e0. Questo materiale innovativo \u00e8 realizzato con un unico agente schiumogeno naturale e non contiene agenti chimici di reticolazione, garantendo un processo atossico. Inoltre, i materiali grezzi e finiti sono completamente riciclabili. La schiuma ad alte prestazioni ha una densit\u00e0 estremamente bassa, che la rende fino a 20 % pi\u00f9 leggera dell'EVA convenzionale. Il peso ridotto, unito al rimbalzo esplosivo, rende la Px Foam\u2122 perfetta per qualsiasi corsa.<\/p>\n<p>- Tomaia in mesh monopezzo realizzata con materiali riciclati 50%<br \/>\n- Intersuola in Px-Foam\u2122: ritorno di energia superiore<br \/>\n- Design sagomato per un peso ridotto e un comfort di prima classe<br \/>\n- Peso: 240 g nella taglia UK8<br \/>\n- Tacco 39 mm, avampiede 31 mm incl. soletta<br \/>\n- Svasatura: 8 mm<\/p>\n<p>Materiale: Tomaia 49% Poliestere riciclato, 38% Poliestere, 12% TPU, 1% Spandex, Imbottitura 100% Poliuretano, Fodera 100% Poliestere riciclato, Lacci 100% Poliestere riciclato, Soletta 100% Poliestere, Soletta 95% Poliuretano, 5% Poliestere riciclato, Intersuola 100% Schiuma EVA Super Critical, Inserto intersuola 100% Nylon, Suola 100% Gomma<\/p>","protected":false},"excerpt":{"rendered":"<p>Der Pacer ist unser bequemster Performance-Laufschuh. Er bietet aussergew\u00f6hnliche Sprungkraft und Stabilit\u00e4t f\u00fcr ein sanftes, schnelles Laufgef\u00fchl und ist somit ideal f\u00fcr das t\u00e4gliche Laufen und Erholungstraining. Der Pacer ist ein Laufschuh f\u00fcr fortschrittliche Leistung, der in der Zwischensohle eine weichere Version des erfolgreichen Px Foam\u2122 aufweist und ein stabiles, reaktionsschnelles und \u00e4usserst komfortables Laufgef\u00fchl [&hellip;]<\/p>\n","protected":false},"featured_media":706418,"template":"","meta":[],"product_brand":[],"product_cat":[4197],"product_tag":[],"class_list":{"0":"post-639029","1":"product","2":"type-product","3":"status-publish","4":"has-post-thumbnail","6":"product_cat-schuhe-sandalen","7":"pa_brand-craft","8":"pa_brand-type-sportswear","9":"pa_filter-color-blau","10":"pa_filter-color-rot","11":"pa_filter-color-schwarz","12":"pa_filter-color-weiss","14":"first","15":"instock","16":"sale","17":"taxable","18":"shipping-taxable","19":"purchasable","20":"product-type-variable","21":"add-to-wishlist-before_image"},"exclude_global_add_ons":[],"addons":[],"acf":[],"_links":{"self":[{"href":"https:\/\/shop.kustom.ch\/it\/wp-json\/wp\/v2\/product\/639029"}],"collection":[{"href":"https:\/\/shop.kustom.ch\/it\/wp-json\/wp\/v2\/product"}],"about":[{"href":"https:\/\/shop.kustom.ch\/it\/wp-json\/wp\/v2\/types\/product"}],"wp:featuredmedia":[{"embeddable":true,"href":"https:\/\/shop.kustom.ch\/it\/wp-json\/wp\/v2\/media\/706418"}],"wp:attachment":[{"href":"https:\/\/shop.kustom.ch\/it\/wp-json\/wp\/v2\/media?parent=639029"}],"wp:term":[{"taxonomy":"product_brand","embeddable":true,"href":"https:\/\/shop.kustom.ch\/it\/wp-json\/wp\/v2\/product_brand?post=639029"},{"taxonomy":"product_cat","embeddable":true,"href":"https:\/\/shop.kustom.ch\/it\/wp-json\/wp\/v2\/product_cat?post=639029"},{"taxonomy":"product_tag","embeddable":true,"href":"https:\/\/shop.kustom.ch\/it\/wp-json\/wp\/v2\/product_tag?post=639029"}],"curies":[{"name":"wp","href":"https:\/\/api.w.org\/{rel}","templated":true}]}}