{"id":638942,"date":"2025-03-22T03:55:06","date_gmt":"2025-03-22T02:55:06","guid":{"rendered":"https:\/\/shop.kustom.ch\/?post_type=product&#038;p=638942"},"modified":"2026-03-27T16:03:14","modified_gmt":"2026-03-27T15:03:14","slug":"nordlite-ultra-2-m","status":"publish","type":"product","link":"https:\/\/shop.kustom.ch\/it\/prodotto\/nordlite-ultra-2-m\/","title":{"rendered":"Nordlite Ultra 2 M"},"content":{"rendered":"<p>La Nordlite Ultra 2 \u00e8 una scarpa da corsa su strada e da trail altamente versatile, con tomaia rinforzata in TPU che migliora l'esperienza di corsa sulle lunghe distanze sia per gli atleti d'\u00e9lite che per quelli amatoriali. <\/p>\n<p>Questa innovativa scarpa da corsa \u00e8 dotata di un'intersuola Cr-Foam\u2122 a tutta lunghezza che offre ammortizzazione e stabilit\u00e0 con un peso ridotto e un rimbalzo esplosivo. La schiuma \u00e8 prodotta con un processo supercritico, un'unica iniezione che fornisce propriet\u00e0 prestazionali migliorate in un materiale atossico e riutilizzabile per l'intersuola. La scarpa \u00e8 dotata di una suola di trazione HyperGrip progettata per l'uso su strada e su sentieri leggeri. Di conseguenza, i corridori beneficiano di prestazioni di prima classe e di un elevato livello di comfort. La tomaia \u00e8 realizzata in un tessuto a rete monostrato leggero, confortevole e resistente, rinforzato con un rivestimento in TPU. Inoltre, questa nuova versione presenta un tallone pi\u00f9 morbido per un maggiore comfort, una calzata pi\u00f9 sicura nella tomaia e una maggiore durata complessiva.<\/p>\n<p>Cr Foam\u2122<br \/>\nCr Foam\u2122 \u00e8 una schiuma ultraleggera per l'intersuola realizzata con materiali pregiati che garantisce un eccellente ritorno di energia e una corsa morbida come un cuscino su una variet\u00e0 di terreni. La schiuma \u00e8 prodotta con una tecnologia avanzata che prevede un processo atossico in cui non vengono aggiunte sostanze chimiche alle materie prime. Inoltre, gli elementi sono completamente integrati ad alta temperatura e pressione, migliorando le propriet\u00e0 della schiuma e ottenendo un livello superiore di prestazioni. <\/p>\n<p>Craft Endurance Fit\u00ae<br \/>\nLa calzata Craft Endurance Fit\u00ae \u00e8 caratterizzata da un contrafforte del tallone stretto, un ponte di sostegno nella parte centrale del piede e un avampiede spazioso. Il contrafforte del tallone stretto assicura una calzata aderente senza slittamenti e una stabilit\u00e0 impareggiabile su qualsiasi terreno. Il ponte sul mesopiede offre una calzata sicura che aumenta la fiducia ad ogni passo. L'ampia zona dell'avampiede consente il movimento naturale delle dita e dei metatarsi per un comfort ancora maggiore.<\/p>\n<p>- Tomaia in tessuto tecnico a rete in poliestere riciclato 50 %<br \/>\n- Materiale della tomaia rinforzato in TPU<br \/>\n- Intersuola in Cr-Foam\u2122 leggera ed estremamente reattiva<br \/>\n- Suola HyperGrip ad alta trazione<br \/>\n- Soletta Ortholite\u2122 ad alta resilienza in schiuma riciclata 30 %<br \/>\n- Lacci delle scarpe realizzati in materiale riciclato 50 %<br \/>\nCraft Endurance Fit\u00ae<br \/>\n- Peso: 321 g nella taglia UK8<br \/>\n- Tacco 40 mm, avampiede 34 mm incl. soletta<br \/>\n- Svasatura 6 mm<\/p>\n<p>Materiale: Tomaia 45% Poliestere riciclato, 43% Poliestere, 11% TPU, 1% Spandex, Imbottitura 100% Poliuretano, Fodera 100% Poliestere riciclato, Soletta 100% Poliestere, Soletta 95% Poliuretano, 5% Poliestere riciclato, Intersuola 100% Schiuma EVA Super Critica, Inserto intersuola, 100% Nylon, Suola 100% Gomma<\/p>","protected":false},"excerpt":{"rendered":"<p>Der Nordlite Ultra 2 ist ein \u00e4usserst vielseitiger Laufschuh f\u00fcr die Strasse und den Trail mit einem TPU-verst\u00e4rkten Obermaterial, das das Erlebnis beim Langstreckenlauf sowohl f\u00fcr Spitzensportler als auch f\u00fcr Hobbysportler verbessert. Dieser innovative Laufschuh verf\u00fcgt \u00fcber eine durchgehende Cr-Foam\u2122-Zwischensohle, die D\u00e4mpfung und Stabilit\u00e4t bei reduziertem Gewicht und explosiver R\u00fcckfederung bietet. Der Schaumstoff wird mittels [&hellip;]<\/p>\n","protected":false},"featured_media":705815,"template":"","meta":[],"product_brand":[],"product_cat":[4197],"product_tag":[],"class_list":{"0":"post-638942","1":"product","2":"type-product","3":"status-publish","4":"has-post-thumbnail","6":"product_cat-schuhe-sandalen","7":"pa_brand-craft","8":"pa_brand-type-sportswear","9":"pa_filter-color-beige","10":"pa_filter-color-blau","11":"pa_filter-color-grau","12":"pa_filter-color-orange","13":"pa_filter-color-schwarz","14":"pa_filter-color-weiss","16":"first","17":"instock","18":"sale","19":"taxable","20":"shipping-taxable","21":"purchasable","22":"product-type-variable","23":"add-to-wishlist-before_image"},"exclude_global_add_ons":[],"addons":[],"acf":[],"_links":{"self":[{"href":"https:\/\/shop.kustom.ch\/it\/wp-json\/wp\/v2\/product\/638942"}],"collection":[{"href":"https:\/\/shop.kustom.ch\/it\/wp-json\/wp\/v2\/product"}],"about":[{"href":"https:\/\/shop.kustom.ch\/it\/wp-json\/wp\/v2\/types\/product"}],"wp:featuredmedia":[{"embeddable":true,"href":"https:\/\/shop.kustom.ch\/it\/wp-json\/wp\/v2\/media\/705815"}],"wp:attachment":[{"href":"https:\/\/shop.kustom.ch\/it\/wp-json\/wp\/v2\/media?parent=638942"}],"wp:term":[{"taxonomy":"product_brand","embeddable":true,"href":"https:\/\/shop.kustom.ch\/it\/wp-json\/wp\/v2\/product_brand?post=638942"},{"taxonomy":"product_cat","embeddable":true,"href":"https:\/\/shop.kustom.ch\/it\/wp-json\/wp\/v2\/product_cat?post=638942"},{"taxonomy":"product_tag","embeddable":true,"href":"https:\/\/shop.kustom.ch\/it\/wp-json\/wp\/v2\/product_tag?post=638942"}],"curies":[{"name":"wp","href":"https:\/\/api.w.org\/{rel}","templated":true}]}}