{"id":638878,"date":"2025-03-22T03:54:45","date_gmt":"2025-03-22T02:54:45","guid":{"rendered":"https:\/\/shop.kustom.ch\/?post_type=product&#038;p=638878"},"modified":"2026-03-27T16:04:55","modified_gmt":"2026-03-27T15:04:55","slug":"nordlite-tempo-m","status":"publish","type":"product","link":"https:\/\/shop.kustom.ch\/it\/prodotto\/nordlite-tempo-m\/","title":{"rendered":"Nordlite Tempo M"},"content":{"rendered":"<p>Nordlite Tempo offre un'eccellente ammortizzazione e rimbalzo, che la rendono la scelta ideale per gli atleti d'\u00e9lite e per i corridori di tutti i giorni durante le sessioni ad alta velocit\u00e0. Il suo design accuratamente realizzato contribuisce inoltre a ridurre lo stress su ginocchia e articolazioni.<\/p>\n<p>Questa scarpa da corsa tecnicamente avanzata \u00e8 dotata di un'intersuola Cr-Foam Pro\u2122 con 25 % PEBA, che offre un'eccellente combinazione di ammortizzazione, stabilit\u00e0 e rimbalzo esplosivo. La struttura morbida, leggera e stabile della scarpa \u00e8 pensata per i runner che completano sessioni di allenamento ad alta intensit\u00e0 senza compromettere il comfort delle articolazioni. Inoltre, la suola ad alta trazione offre un'eccellente aderenza sulle superfici stradali, mentre la tomaia monostrato intrecciata con rinforzi in TPU garantisce durata e comfort.<\/p>\n<p>Cr Foam Pro\u2122<br \/>\nCr Foam Pro\u2122 \u00e8 una schiuma ultraleggera per l'intersuola arricchita con PEBA superfoam (25 %) per fornire un eccellente ritorno di energia e una sensazione di comfort su una variet\u00e0 di terreni. La schiuma \u00e8 prodotta con una tecnologia avanzata che prevede un processo atossico in cui non vengono aggiunte sostanze chimiche alle materie prime. Inoltre, gli elementi sono completamente integrati ad alta temperatura e pressione, migliorando le propriet\u00e0 della schiuma e ottenendo un livello superiore di prestazioni. Il risultato \u00e8 una schiuma professionale per l'intersuola che consente prestazioni di punta.<\/p>\n<p>Craft Endurance Fit\u00ae<br \/>\nLa calzata Craft Endurance Fit\u00ae \u00e8 caratterizzata da un contrafforte del tallone stretto, un ponte di sostegno nella parte centrale del piede e un avampiede spazioso. Il contrafforte del tallone stretto assicura una calzata aderente senza slittamenti e una stabilit\u00e0 impareggiabile su qualsiasi terreno. Il ponte sul mesopiede offre una calzata sicura che aumenta la fiducia ad ogni passo. L'ampia zona dell'avampiede consente il movimento naturale delle dita e dei metatarsi per un comfort ancora maggiore.<\/p>\n<p>- Tomaia in rete leggera e intrecciata realizzata in poliestere riciclato 50 %<br \/>\n- Intersuola Cr-Foam Pro\u2122 con 25 PEBA % per un'ammortizzazione reattiva<br \/>\n- Rinforzi in TPU nelle aree critiche<br \/>\n- Lacci realizzati in poliestere riciclato 100 %<br \/>\n- Schiuma del sottopiede realizzata con materiale riciclato 50 %<br \/>\n- Suola ad alta trazione che garantisce un'ottima aderenza al suolo.<br \/>\nCraft Endurance Fit\u00ae<br \/>\n- Peso: 287 g nella taglia UK8<br \/>\n- Tacco 40 mm, avampiede 34 mm incl. soletta<br \/>\n- Svasatura: 6 mm<\/p>\n<p>Materiale: tomaia 43% poliestere, 32% poliestere riciclato, 12% uretani termoplastici, 13% nylon, imbottitura 100% poliestere, fodera 100% poliestere, soletta 75% poliestere riciclato, soletta 25% poliestere, lacci 100% poliestere riciclato, intersuola 75% schiuma EVA, 25% schiuma EVA supercritica, suola 100% gomma<\/p>","protected":false},"excerpt":{"rendered":"<p>Nordlite Tempo bietet hervorragende D\u00e4mpfung und R\u00fcckfederung und ist damit die ideale Wahl f\u00fcr Spitzensportler und Alltagsl\u00e4ufer bei Hochgeschwindigkeitseinheiten. Sein sorgf\u00e4ltig ausgearbeitetes Design tr\u00e4gt ausserdem dazu bei, die Belastung von Knien und Gelenken zu reduzieren. Dieser technisch fortschrittliche Laufschuh verf\u00fcgt \u00fcber eine Cr-Foam Pro\u2122-Zwischensohle mit 25 % PEBA, die eine hervorragende Kombination aus D\u00e4mpfung, Stabilit\u00e4t [&hellip;]<\/p>\n","protected":false},"featured_media":706131,"template":"","meta":[],"product_brand":[],"product_cat":[4197],"product_tag":[],"class_list":{"0":"post-638878","1":"product","2":"type-product","3":"status-publish","4":"has-post-thumbnail","6":"product_cat-schuhe-sandalen","7":"pa_brand-craft","8":"pa_brand-type-sportswear","9":"pa_filter-color-blau","10":"pa_filter-color-gelb","11":"pa_filter-color-grau","12":"pa_filter-color-gruen","13":"pa_filter-color-orange","14":"pa_filter-color-schwarz","15":"pa_filter-color-weiss","17":"first","18":"instock","19":"sale","20":"taxable","21":"shipping-taxable","22":"purchasable","23":"product-type-variable","24":"add-to-wishlist-before_image"},"exclude_global_add_ons":[],"addons":[],"acf":[],"_links":{"self":[{"href":"https:\/\/shop.kustom.ch\/it\/wp-json\/wp\/v2\/product\/638878"}],"collection":[{"href":"https:\/\/shop.kustom.ch\/it\/wp-json\/wp\/v2\/product"}],"about":[{"href":"https:\/\/shop.kustom.ch\/it\/wp-json\/wp\/v2\/types\/product"}],"wp:featuredmedia":[{"embeddable":true,"href":"https:\/\/shop.kustom.ch\/it\/wp-json\/wp\/v2\/media\/706131"}],"wp:attachment":[{"href":"https:\/\/shop.kustom.ch\/it\/wp-json\/wp\/v2\/media?parent=638878"}],"wp:term":[{"taxonomy":"product_brand","embeddable":true,"href":"https:\/\/shop.kustom.ch\/it\/wp-json\/wp\/v2\/product_brand?post=638878"},{"taxonomy":"product_cat","embeddable":true,"href":"https:\/\/shop.kustom.ch\/it\/wp-json\/wp\/v2\/product_cat?post=638878"},{"taxonomy":"product_tag","embeddable":true,"href":"https:\/\/shop.kustom.ch\/it\/wp-json\/wp\/v2\/product_tag?post=638878"}],"curies":[{"name":"wp","href":"https:\/\/api.w.org\/{rel}","templated":true}]}}