{"id":638848,"date":"2025-03-22T03:54:31","date_gmt":"2025-03-22T02:54:31","guid":{"rendered":"https:\/\/shop.kustom.ch\/?post_type=product&#038;p=638848"},"modified":"2026-03-27T15:59:00","modified_gmt":"2026-03-27T14:59:00","slug":"nordic-trail-2-w","status":"publish","type":"product","link":"https:\/\/shop.kustom.ch\/it\/prodotto\/nordic-trail-2-w\/","title":{"rendered":"Percorso nordico 2 W"},"content":{"rendered":"<p>La Nordic Trail 2 \u00e8 una scarpa da trail running leggera e resistente, ideale sia per la corsa che per lo speed hiking.<\/p>\n<p>Questa scarpa da trail running tecnicamente avanzata \u00e8 dotata della nostra intersuola Ar-Foam\u2122 migliorata, che offre una corsa reattiva e un comfort su una variet\u00e0 di terreni. La tomaia in mesh della scarpa \u00e8 realizzata in poliammide riciclata e presenta rinforzi in TPU nelle aree critiche per un'eccellente traspirabilit\u00e0 e protezione. \u00c8 inoltre dotata di una suola resistente con battistrada a struttura organica per una trazione ottimale su una variet\u00e0 di superfici. Che si tratti di percorsi accidentati o di strade lisce, questa scarpa offre la flessibilit\u00e0 e la protezione leggera di cui avete bisogno per il vostro viaggio.<\/p>\n<p>- Tomaia in mesh resistente realizzata in poliammide riciclata 80 %<br \/>\n- Intersuola Ar-Foam\u2122 leggera e durevole<br \/>\n- Profilo della suola strutturato organicamente per una trazione ottimale<br \/>\n- Protezione della punta in TPU<br \/>\n- Lacci delle scarpe realizzati in materiale riciclato 100 %<br \/>\n- Schiuma del sottopiede realizzata con materiale riciclato 50 %<br \/>\n- Peso: 245 g nella taglia UK5<br \/>\n- Tacco 28 mm, avampiede 19,5 mm incl. soletta<br \/>\n- Svasatura: 8,5 mm<\/p>\n<p>Materiale: Tomaia 53% poliestere riciclato, 24% poliestere, 23% uretani termoplastici, Imbottitura 100% poliestere, Fodera 100% poliestere riciclato, Soletta 75% poliestere riciclato, 25% poliestere, Soletta 100% poliestere, Lacci 100% poliestere riciclato, Intersuola 100% schiuma EVA, Suola 100% gomma<\/p>","protected":false},"excerpt":{"rendered":"<p>Der Nordic Trail 2 ist ein leichter und strapazierf\u00e4higer Trailrunning-Schuh, der sich sowohl zum Laufen als auch zum Speed Hiking hervorragend eignet. Der technisch fortschrittliche Trailrunning-Schuh verf\u00fcgt \u00fcber unsere verbesserte Ar-Foam\u2122-Zwischensohle, die ein reaktionsschnelles Laufgef\u00fchl und hohen Komfort auf verschiedenen Gel\u00e4ndeoberfl\u00e4chen bietet. Das Netzgewebe-Obermaterial des Schuhs besteht aus recyceltem Polyamid und verf\u00fcgt \u00fcber TPU-Verst\u00e4rkungen in [&hellip;]<\/p>\n","protected":false},"featured_media":705547,"template":"","meta":[],"product_brand":[],"product_cat":[4197],"product_tag":[],"class_list":{"0":"post-638848","1":"product","2":"type-product","3":"status-publish","4":"has-post-thumbnail","6":"product_cat-schuhe-sandalen","7":"pa_brand-craft","8":"pa_brand-type-sportswear","9":"pa_filter-color-beige","10":"pa_filter-color-blau","11":"pa_filter-color-grau","12":"pa_filter-color-orange","13":"pa_filter-color-schwarz","15":"first","16":"instock","17":"sale","18":"taxable","19":"shipping-taxable","20":"purchasable","21":"product-type-variable","22":"add-to-wishlist-before_image"},"exclude_global_add_ons":[],"addons":[],"acf":[],"_links":{"self":[{"href":"https:\/\/shop.kustom.ch\/it\/wp-json\/wp\/v2\/product\/638848"}],"collection":[{"href":"https:\/\/shop.kustom.ch\/it\/wp-json\/wp\/v2\/product"}],"about":[{"href":"https:\/\/shop.kustom.ch\/it\/wp-json\/wp\/v2\/types\/product"}],"wp:featuredmedia":[{"embeddable":true,"href":"https:\/\/shop.kustom.ch\/it\/wp-json\/wp\/v2\/media\/705547"}],"wp:attachment":[{"href":"https:\/\/shop.kustom.ch\/it\/wp-json\/wp\/v2\/media?parent=638848"}],"wp:term":[{"taxonomy":"product_brand","embeddable":true,"href":"https:\/\/shop.kustom.ch\/it\/wp-json\/wp\/v2\/product_brand?post=638848"},{"taxonomy":"product_cat","embeddable":true,"href":"https:\/\/shop.kustom.ch\/it\/wp-json\/wp\/v2\/product_cat?post=638848"},{"taxonomy":"product_tag","embeddable":true,"href":"https:\/\/shop.kustom.ch\/it\/wp-json\/wp\/v2\/product_tag?post=638848"}],"curies":[{"name":"wp","href":"https:\/\/api.w.org\/{rel}","templated":true}]}}