{"id":638660,"date":"2025-03-22T03:52:30","date_gmt":"2025-03-22T02:52:30","guid":{"rendered":"https:\/\/shop.kustom.ch\/?post_type=product&#038;p=638660"},"modified":"2026-03-27T13:58:23","modified_gmt":"2026-03-27T12:58:23","slug":"evolve-2-0-pants-w","status":"publish","type":"product","link":"https:\/\/shop.kustom.ch\/it\/prodotto\/evolve-2-0-pants-w\/","title":{"rendered":"Pantaloni Evolve 2.0 W"},"content":{"rendered":"<p>I pantaloni Evolve 2.0 sono pantaloni da allenamento resistenti in materiale elasticizzato che offrono un eccellente trasporto dell'umidit\u00e0 durante gli allenamenti intensivi. I pantaloni sono realizzati con materiali riciclati per ridurre la nostra impronta ecologica. L'elastico in vita con coulisse assicura una vestibilit\u00e0 ottimale. Zip alle estremit\u00e0 delle gambe per indossarli e toglierli facilmente. Tasche laterali con zip.<\/p>\n<p>Materiale: poliestere riciclato 100%<\/p>","protected":false},"excerpt":{"rendered":"<p>Evolve 2.0 Pants sind strapazierf\u00e4hige Trainingpants aus Stretchmaterial, die bei intensivem Training einen hervorragenden Feuchtigkeitstransport bieten. Die Pants sind aus Recycling-Materialien hergestellt, um unseren \u00f6kologischen Fussabdruck zu verringern. Der elastische H\u00fcftbund mit Kordelzug sorgt f\u00fcr einen optimalen Sitz. Reissverschluss an den Beinenden f\u00fcr einfaches An- und Ausziehen. Seitentaschen mit Reissverschluss. Material: 100% Recycling-Polyester<\/p>","protected":false},"featured_media":479535,"template":"","meta":[],"product_brand":[],"product_cat":[4185],"product_tag":[],"class_list":{"0":"post-638660","1":"product","2":"type-product","3":"status-publish","4":"has-post-thumbnail","6":"product_cat-hosen","7":"pa_brand-craft-teamwear","8":"pa_brand-type-sportswear","9":"pa_filter-color-blau","10":"pa_filter-color-schwarz","12":"first","13":"instock","14":"sale","15":"taxable","16":"shipping-taxable","17":"purchasable","18":"product-type-variable","19":"add-to-wishlist-before_image"},"exclude_global_add_ons":[],"addons":[],"acf":[],"_links":{"self":[{"href":"https:\/\/shop.kustom.ch\/it\/wp-json\/wp\/v2\/product\/638660"}],"collection":[{"href":"https:\/\/shop.kustom.ch\/it\/wp-json\/wp\/v2\/product"}],"about":[{"href":"https:\/\/shop.kustom.ch\/it\/wp-json\/wp\/v2\/types\/product"}],"wp:featuredmedia":[{"embeddable":true,"href":"https:\/\/shop.kustom.ch\/it\/wp-json\/wp\/v2\/media\/479535"}],"wp:attachment":[{"href":"https:\/\/shop.kustom.ch\/it\/wp-json\/wp\/v2\/media?parent=638660"}],"wp:term":[{"taxonomy":"product_brand","embeddable":true,"href":"https:\/\/shop.kustom.ch\/it\/wp-json\/wp\/v2\/product_brand?post=638660"},{"taxonomy":"product_cat","embeddable":true,"href":"https:\/\/shop.kustom.ch\/it\/wp-json\/wp\/v2\/product_cat?post=638660"},{"taxonomy":"product_tag","embeddable":true,"href":"https:\/\/shop.kustom.ch\/it\/wp-json\/wp\/v2\/product_tag?post=638660"}],"curies":[{"name":"wp","href":"https:\/\/api.w.org\/{rel}","templated":true}]}}